{"id":904,"date":"2014-06-30T14:03:49","date_gmt":"2014-06-30T14:03:49","guid":{"rendered":"http:\/\/www.radoux.fr\/?page_id=904"},"modified":"2014-09-24T10:20:27","modified_gmt":"2014-09-24T09:20:27","slug":"colaboraciones","status":"publish","type":"page","link":"https:\/\/www.radoux.fr\/es\/empresa\/colaboraciones\/","title":{"rendered":"Colaboraciones"},"content":{"rendered":"<div id=\"pl-904\"  class=\"panel-layout\" ><div id=\"pg-904-0\"  class=\"panel-grid panel-no-style\" ><div id=\"pgc-904-0-0\"  class=\"panel-grid-cell\" ><div id=\"panel-904-0-0-0\" class=\"so-panel widget widget_black-studio-tinymce widget_black_studio_tinymce panel-first-child panel-last-child\" data-index=\"0\" ><div class=\"textwidget\"><p><img class=\"aligncenter size-full wp-image-911\" src=\"http:\/\/www.radoux.fr\/wp-content\/uploads\/2014\/06\/logo-cite-civilisation.jpg\" alt=\"cit\u00e9 des civilisations du vin\" width=\"250\" height=\"175\" \/><\/p>\n<h5 style=\"text-align: center;\">Radoux,<br \/> mecenas de la Cit\u00e9 des Civilisations du Vin<\/h5>\n<p class=\"info\" style=\"text-align: center;\">A trav\u00e9s del Grupo TFF, l\u00edder mundial de madera para crianzas de vinos y espirituosos, Radoux se enorgullece de secundar este proyecto emblem\u00e1tico, plural e innovador que es la Cit\u00e9 des Civilisations du Vin. Esta realizaci\u00f3n de envergadura internacional, aut\u00e9ntica apuesta cultural, tur\u00edstica y econ\u00f3mica, refuerza a la ciudad de Burdeos y sus alrededores en su condici\u00f3n de capital mundial y cultural del vino. Para nuestra empresa, que ejerce un oficio milenario, esta oportunidad de participar en la transmisi\u00f3n del patrimonio de la civilizaci\u00f3n del vino, en su protecci\u00f3n y en su expansi\u00f3n, es una misi\u00f3n que se inscribe perfectamente en nuestra filosof\u00eda. Igual que hemos transmitido nuestra experiencia ancestral mediante nuestra implantaci\u00f3n en los cinco, apoyamos la realizaci\u00f3n de este gran proyecto con mucho entusiasmo, por sus valores de hospitalidad, reparto, sensaciones y emociones que engendra el vino y que animan al Grupo TFF.<\/p><\/div><\/div><\/div><div id=\"pgc-904-0-1\"  class=\"panel-grid-cell\" ><div id=\"panel-904-0-1-0\" class=\"so-panel widget widget_black-studio-tinymce widget_black_studio_tinymce panel-first-child panel-last-child\" data-index=\"1\" ><div class=\"textwidget\"><p><img class=\"aligncenter size-full wp-image-912\" src=\"http:\/\/www.radoux.fr\/wp-content\/uploads\/2014\/06\/logo-riedel.png\" alt=\"logo Riedel\" width=\"180\" height=\"118\" \/><\/p>\n<h5 style=\"text-align: center;\">Radoux,<br \/> distribuidor de Riedel<\/h5>\n<p class=\"info\" style=\"text-align: center;\">Tonnellerie Radoux es el distribuidor exclusivo de la cristaler\u00eda austr\u00edaca Riedel (l\u00edder mundial del vidrio enol\u00f3gico) para bodegas y destiler\u00eda en Francia. Las dos empresas han sabido, a partir de una maestr\u00eda tradicional, desarrollar productos de muy alto nivel cualitativo, conocidos y reconocidos por el conjunto del sector vitivin\u00edcola. Al asociarse con el l\u00edder mundial del vidrio enol\u00f3gico, Radoux demuestra su voluntad de implicarse en la distribuci\u00f3n de productos destinados  a la valorizaci\u00f3n de vinos y bebidas espirituosas.<\/p><\/div><\/div><\/div><\/div><div id=\"pg-904-1\"  class=\"panel-grid panel-no-style\" ><div id=\"pgc-904-1-0\"  class=\"panel-grid-cell\" ><div id=\"panel-904-1-0-0\" class=\"so-panel widget widget_black-studio-tinymce widget_black_studio_tinymce panel-first-child panel-last-child\" data-index=\"2\" ><div class=\"textwidget\"><p><div class=\"radoux-share shortcode center\">\n        <strong>Partager<\/strong>\n    <ul>\n        <li class=\"facebook\"><a href=\"https:\/\/www.facebook.com\/sharer\/sharer.php?u=https:\/\/www.radoux.fr\/es\/?p=904\" target=\"_blank\" class=\"dashicons dashicons-facebook-alt\"><span>Partager sur Facebook<\/span><\/a><\/li>\n        <li class=\"twitter\"><a href=\"https:\/\/twitter.com\/home?status=https:\/\/www.radoux.fr\/es\/?p=904\" target=\"_blank\" class=\"dashicons dashicons-twitter\"><span>Partager sur Twitter<\/span><\/a><\/li>\n    <\/ul>\n<\/div><\/p><\/div><\/div><\/div><\/div><\/div>","protected":false},"excerpt":{"rendered":"<p>Radoux, mecenas de la Cit\u00e9 des Civilisations du Vin A trav\u00e9s del Grupo TFF, l\u00edder mundial de madera para crianzas de vinos y espirituosos, Radoux se enorgullece de secundar este proyecto emblem\u00e1tico, plural e innovador que es la Cit\u00e9 des Civilisations du Vin. Esta realizaci\u00f3n de envergadura internacional, aut\u00e9ntica apuesta cultural, tur\u00edstica y econ\u00f3mica, refuerza [&hellip;]<\/p>\n","protected":false},"author":3,"featured_media":0,"parent":12,"menu_order":6,"comment_status":"open","ping_status":"open","template":"","meta":{"_links_to":"","_links_to_target":""},"yoast_head":"<!-- This site is optimized with the Yoast SEO plugin v19.4 - https:\/\/yoast.com\/wordpress\/plugins\/seo\/ -->\n<title>Colaboraciones - Toneler\u00eda Radoux<\/title>\n<meta name=\"robots\" content=\"index, follow, max-snippet:-1, max-image-preview:large, max-video-preview:-1\" \/>\n<link rel=\"canonical\" href=\"https:\/\/www.radoux.fr\/es\/empresa\/colaboraciones\/\" \/>\n<meta property=\"og:locale\" content=\"es_ES\" \/>\n<meta property=\"og:type\" content=\"article\" \/>\n<meta property=\"og:title\" content=\"Colaboraciones - Toneler\u00eda Radoux\" \/>\n<meta property=\"og:description\" content=\"Radoux, mecenas de la Cit\u00e9 des Civilisations du Vin A trav\u00e9s del Grupo TFF, l\u00edder mundial de madera para crianzas de vinos y espirituosos, Radoux se enorgullece de secundar este proyecto emblem\u00e1tico, plural e innovador que es la Cit\u00e9 des Civilisations du Vin. Esta realizaci\u00f3n de envergadura internacional, aut\u00e9ntica apuesta cultural, tur\u00edstica y econ\u00f3mica, refuerza [&hellip;]\" \/>\n<meta property=\"og:url\" content=\"https:\/\/www.radoux.fr\/es\/empresa\/colaboraciones\/\" \/>\n<meta property=\"og:site_name\" content=\"Tonnellerie Radoux (Spanish version)\" \/>\n<meta property=\"article:modified_time\" content=\"2014-09-24T09:20:27+00:00\" \/>\n<meta property=\"og:image\" content=\"http:\/\/www.radoux.fr\/wp-content\/uploads\/2014\/06\/logo-cite-civilisation.jpg\" \/>\n<meta name=\"twitter:label1\" content=\"Tiempo de lectura\" \/>\n\t<meta name=\"twitter:data1\" content=\"1 minuto\" \/>\n<script type=\"application\/ld+json\" class=\"yoast-schema-graph\">{\"@context\":\"https:\/\/schema.org\",\"@graph\":[{\"@type\":\"WebSite\",\"@id\":\"https:\/\/www.radoux.fr\/es\/#website\",\"url\":\"https:\/\/www.radoux.fr\/es\/\",\"name\":\"Tonnellerie Radoux (Spanish version)\",\"description\":\"\",\"potentialAction\":[{\"@type\":\"SearchAction\",\"target\":{\"@type\":\"EntryPoint\",\"urlTemplate\":\"https:\/\/www.radoux.fr\/es\/?s={search_term_string}\"},\"query-input\":\"required name=search_term_string\"}],\"inLanguage\":\"es\"},{\"@type\":\"WebPage\",\"@id\":\"https:\/\/www.radoux.fr\/es\/empresa\/colaboraciones\/\",\"url\":\"https:\/\/www.radoux.fr\/es\/empresa\/colaboraciones\/\",\"name\":\"Colaboraciones - Toneler\u00eda Radoux\",\"isPartOf\":{\"@id\":\"https:\/\/www.radoux.fr\/es\/#website\"},\"datePublished\":\"2014-06-30T14:03:49+00:00\",\"dateModified\":\"2014-09-24T09:20:27+00:00\",\"breadcrumb\":{\"@id\":\"https:\/\/www.radoux.fr\/es\/empresa\/colaboraciones\/#breadcrumb\"},\"inLanguage\":\"es\",\"potentialAction\":[{\"@type\":\"ReadAction\",\"target\":[\"https:\/\/www.radoux.fr\/es\/empresa\/colaboraciones\/\"]}]},{\"@type\":\"BreadcrumbList\",\"@id\":\"https:\/\/www.radoux.fr\/es\/empresa\/colaboraciones\/#breadcrumb\",\"itemListElement\":[{\"@type\":\"ListItem\",\"position\":1,\"name\":\"Accueil\",\"item\":\"https:\/\/www.radoux.fr\/es\/\"},{\"@type\":\"ListItem\",\"position\":2,\"name\":\"La empresa\",\"item\":\"http:\/\/www.radoux.fr\/es\/empresa\/nuestros-valores\/\"},{\"@type\":\"ListItem\",\"position\":3,\"name\":\"Colaboraciones\"}]}]}<\/script>\n<!-- \/ Yoast SEO plugin. -->","yoast_head_json":{"title":"Colaboraciones - Toneler\u00eda Radoux","robots":{"index":"index","follow":"follow","max-snippet":"max-snippet:-1","max-image-preview":"max-image-preview:large","max-video-preview":"max-video-preview:-1"},"canonical":"https:\/\/www.radoux.fr\/es\/empresa\/colaboraciones\/","og_locale":"es_ES","og_type":"article","og_title":"Colaboraciones - Toneler\u00eda Radoux","og_description":"Radoux, mecenas de la Cit\u00e9 des Civilisations du Vin A trav\u00e9s del Grupo TFF, l\u00edder mundial de madera para crianzas de vinos y espirituosos, Radoux se enorgullece de secundar este proyecto emblem\u00e1tico, plural e innovador que es la Cit\u00e9 des Civilisations du Vin. Esta realizaci\u00f3n de envergadura internacional, aut\u00e9ntica apuesta cultural, tur\u00edstica y econ\u00f3mica, refuerza [&hellip;]","og_url":"https:\/\/www.radoux.fr\/es\/empresa\/colaboraciones\/","og_site_name":"Tonnellerie Radoux (Spanish version)","article_modified_time":"2014-09-24T09:20:27+00:00","og_image":[{"url":"http:\/\/www.radoux.fr\/wp-content\/uploads\/2014\/06\/logo-cite-civilisation.jpg"}],"twitter_misc":{"Tiempo de lectura":"1 minuto"},"schema":{"@context":"https:\/\/schema.org","@graph":[{"@type":"WebSite","@id":"https:\/\/www.radoux.fr\/es\/#website","url":"https:\/\/www.radoux.fr\/es\/","name":"Tonnellerie Radoux (Spanish version)","description":"","potentialAction":[{"@type":"SearchAction","target":{"@type":"EntryPoint","urlTemplate":"https:\/\/www.radoux.fr\/es\/?s={search_term_string}"},"query-input":"required name=search_term_string"}],"inLanguage":"es"},{"@type":"WebPage","@id":"https:\/\/www.radoux.fr\/es\/empresa\/colaboraciones\/","url":"https:\/\/www.radoux.fr\/es\/empresa\/colaboraciones\/","name":"Colaboraciones - Toneler\u00eda Radoux","isPartOf":{"@id":"https:\/\/www.radoux.fr\/es\/#website"},"datePublished":"2014-06-30T14:03:49+00:00","dateModified":"2014-09-24T09:20:27+00:00","breadcrumb":{"@id":"https:\/\/www.radoux.fr\/es\/empresa\/colaboraciones\/#breadcrumb"},"inLanguage":"es","potentialAction":[{"@type":"ReadAction","target":["https:\/\/www.radoux.fr\/es\/empresa\/colaboraciones\/"]}]},{"@type":"BreadcrumbList","@id":"https:\/\/www.radoux.fr\/es\/empresa\/colaboraciones\/#breadcrumb","itemListElement":[{"@type":"ListItem","position":1,"name":"Accueil","item":"https:\/\/www.radoux.fr\/es\/"},{"@type":"ListItem","position":2,"name":"La empresa","item":"http:\/\/www.radoux.fr\/es\/empresa\/nuestros-valores\/"},{"@type":"ListItem","position":3,"name":"Colaboraciones"}]}]}},"_links":{"self":[{"href":"https:\/\/www.radoux.fr\/es\/wp-json\/wp\/v2\/pages\/904"}],"collection":[{"href":"https:\/\/www.radoux.fr\/es\/wp-json\/wp\/v2\/pages"}],"about":[{"href":"https:\/\/www.radoux.fr\/es\/wp-json\/wp\/v2\/types\/page"}],"author":[{"embeddable":true,"href":"https:\/\/www.radoux.fr\/es\/wp-json\/wp\/v2\/users\/3"}],"replies":[{"embeddable":true,"href":"https:\/\/www.radoux.fr\/es\/wp-json\/wp\/v2\/comments?post=904"}],"version-history":[{"count":4,"href":"https:\/\/www.radoux.fr\/es\/wp-json\/wp\/v2\/pages\/904\/revisions"}],"predecessor-version":[{"id":1234,"href":"https:\/\/www.radoux.fr\/es\/wp-json\/wp\/v2\/pages\/904\/revisions\/1234"}],"up":[{"embeddable":true,"href":"https:\/\/www.radoux.fr\/es\/wp-json\/wp\/v2\/pages\/12"}],"wp:attachment":[{"href":"https:\/\/www.radoux.fr\/es\/wp-json\/wp\/v2\/media?parent=904"}],"curies":[{"name":"wp","href":"https:\/\/api.w.org\/{rel}","templated":true}]}}