{"id":72,"date":"2014-04-30T15:54:22","date_gmt":"2014-04-30T14:54:22","guid":{"rendered":"http:\/\/radoux.dev\/?page_id=72"},"modified":"2014-09-30T13:41:31","modified_gmt":"2014-09-30T12:41:31","slug":"aviso-legal","status":"publish","type":"page","link":"https:\/\/www.radoux.fr\/es\/aviso-legal\/","title":{"rendered":"Aviso legal"},"content":{"rendered":"<div id=\"pl-72\"  class=\"panel-layout\" ><div id=\"pg-72-0\"  class=\"panel-grid panel-no-style\" ><div id=\"pgc-72-0-0\"  class=\"panel-grid-cell panel-grid-cell-mobile-last\" ><div id=\"panel-72-0-0-0\" class=\"so-panel widget widget_black-studio-tinymce widget_black_studio_tinymce panel-first-child panel-last-child\" data-index=\"0\" ><div class=\"textwidget\"><h3>1. Pr\u00e9sentation du site.<\/h3>\n<p>En virtud del art\u00edculo 6 de la ley n\u00b0 2004-575 de 21 junio de 2004 para la confianza en la econom\u00eda digital, se precisa a los utilizadores del sitio www.radoux.fr la identidad de los diferentes intervinientes en el \u00e1mbito de su realizaci\u00f3n y su seguimiento :<\/p>\n<p>Tonnellerie Radoux \u2013 10, avenue Faidherbe \u2013 17503 Jonzac \u2013 France<br \/> <strong>Capital social<\/strong> : 686 621\u20ac<br \/><strong>RCS<\/strong> : SAINTES 82 B5\u00a0323\u00a0622\u00a0217 00012<br \/><strong>TVA:<\/strong> FR 65\u00a0323\u00a0622\u00a0217<br \/><strong>Tel\u00e9fono :<\/strong> +33 5 46 48 00 65<br \/> <strong>Responsable de la publicaci\u00f3n<\/strong> : Christiian Liagre \u2013 info@radoux.fr<br \/> <strong>Alojamiento web<\/strong> : Exalto \u2013 6, Rue Ren\u00e9 Martrenchar \u2013 33150 Cenon<br \/><strong>Creaci\u00f3n<\/strong> : <a href=\"www.nouvlr.fr\">Agence Nouv'lr<\/a> &amp; Thomas Berthon<br \/><strong>Fotos :<\/strong> <a title=\"Paul Robin\" href=\"http:\/\/www.paulrobin.com\" target=\"_blank\">Paul Robin<\/a><\/p>\n<h3>2. Condiciones generales de utilizaci\u00f3n del sitio y de los servicios ofrecidos.<\/h3>\n<p>La utilizaci\u00f3n del sitio www.radoux.fr implica la aceptaci\u00f3n plena y entera de las condiciones generales de utilizaci\u00f3n que se describen a continuaci\u00f3n. Estas condiciones de utilizaci\u00f3n son susceptibles de ser modificadas o completadas en todo momento, se invita por tanto a los usuarios del sitio www.radoux.fr a consultarlas de forma regular.<\/p>\n<h3>3. Descripci\u00f3n de los servicios ofrecidos.<\/h3>\n<p>Le sitio www.radoux.fr tiene por objeto proporcionar informaci\u00f3n concerniente al conjunto de las actividades de la sociedad.<\/p>\n<p>Tonnellerie Radoux se esfuerza en proporcionar en el sitio www.radoux.fr las informaciones m\u00e1s  precisas posibles. Si embargo, no podr\u00e1 ser considerada responsable de las omisiones, de las inexactitudes y de las carencias en la actualizaci\u00f3n, provengan de su propia acci\u00f3n o de las de colaboradores terceros que le suministran esas informaciones.<\/h3>\n<h3>5. Propiedad intelectual y falsificaciones.<\/h3>\n<p>Tonnellerie Radoux es propietaria de los derechos de propiedad intelectual o detenta los derechos de uso de todos los elementos accesibles en este sitio, incluyendo los textos, im\u00e1genes, grafismos, logotipos, iconos sonidos y v\u00eddeos.<\/p>\n<p>Toda reproducci\u00f3n, representaci\u00f3n, modificaci\u00f3n, publicaci\u00f3n o adaptaci\u00f3n, en todo o en parte, de los elementos de este sitio, sea cual sea el medio o procedimiento utilizado, est\u00e1 prohibida salvo autorizaci\u00f3n previa por escrito de Tonnellerie Radoux.<\/p>\n<p>Toda explotaci\u00f3n no autorizada del sitio o de cualquiera de los elementos que contiene ser\u00e1 considerada como constitutiva de falsificaci\u00f3n y perseguida conformemente a las disposiciones de los art\u00edculos L.355-2 y siguientes del C\u00f3digo de la Propiedad Intelectual.<\/p>\n<h3>6. Enlaces hipertextos y cookies.<\/h3>\n<p>Las informaciones recogidas en este sitio por la v\u00eda del formulario de contacto est\u00e1n destinadas a su uso por SAS Tonnellerie Radoux solamente. No ser\u00e1n ni revendidas ni comunicadas a terceros.\nEn virtud de la Ley 78-17 del  6 de enero de 1978 relativa a la inform\u00e1tica, a los ficheros y a las libertades, Vds. disponen de derecho de acceso, modificaci\u00f3n,  rectificaci\u00f3n y supresi\u00f3n de datos personales que les conciernan. Para ejercer este derecho, dir\u00edjanse por correo postal al n\u00ba 10, rue Faidherbe, 17503 Jonzac Cedex o por correo electr\u00f3nico a rx@radoux.fr.<\/p>\n<h3>7. Liens hypertextes et cookies.<\/h3>\n<p>El sitio www.radoux.fr contiene un cierto n\u00famero de enlaces hipertextos a otros sitios, colocados con la autorizaci\u00f3n de Tonnellerie Radoux. Sin embargo, Tonnellerie Radoux no tiene posibilidad vde verificar el contenido de los sitios as\u00ed visitados y no asumir\u00e1, en consecuencia, ninguna responsabilidad por este hecho.<\/p>\n<p>La navegaci\u00f3n en el sitio www.radoux.fr es susceptible de provocar la\u2019installatci\u00f3n de cookie(s) en el ordenador del usuario. Un cookie es un fichero de peque\u00f1o tama\u00f1o, que no permite la identificaci\u00f3n del usuario, pero que registra informaci\u00f3n relativa a la navegaci\u00f3n de un ordenador en un sitio. Los configuraci\u00f3n de los softwares de navegaci\u00f3n permite informar de la presencia de cookies y eventualmente rechazarlas.<\/p><\/div><\/div><\/div><div id=\"pgc-72-0-1\"  class=\"panel-grid-cell panel-grid-cell-empty\" ><\/div><\/div><\/div>","protected":false},"excerpt":{"rendered":"<p>1. Pr\u00e9sentation du site. En virtud del art\u00edculo 6 de la ley n\u00b0 2004-575 de 21 junio de 2004 para la confianza en la econom\u00eda digital, se precisa a los utilizadores del sitio www.radoux.fr la identidad de los diferentes intervinientes en el \u00e1mbito de su realizaci\u00f3n y su seguimiento : Tonnellerie Radoux \u2013 10, avenue [&hellip;]<\/p>\n","protected":false},"author":1,"featured_media":0,"parent":0,"menu_order":9,"comment_status":"open","ping_status":"open","template":"","meta":{"_links_to":"","_links_to_target":""},"yoast_head":"<!-- This site is optimized with the Yoast SEO plugin v19.4 - https:\/\/yoast.com\/wordpress\/plugins\/seo\/ -->\n<title>Menciones legales - Toneler\u00eda Radoux<\/title>\n<meta name=\"robots\" content=\"index, follow, max-snippet:-1, max-image-preview:large, max-video-preview:-1\" \/>\n<link rel=\"canonical\" href=\"https:\/\/www.radoux.fr\/es\/aviso-legal\/\" \/>\n<meta property=\"og:locale\" content=\"es_ES\" \/>\n<meta property=\"og:type\" content=\"article\" \/>\n<meta property=\"og:title\" content=\"Menciones legales - Toneler\u00eda Radoux\" \/>\n<meta property=\"og:description\" content=\"1. Pr\u00e9sentation du site. En virtud del art\u00edculo 6 de la ley n\u00b0 2004-575 de 21 junio de 2004 para la confianza en la econom\u00eda digital, se precisa a los utilizadores del sitio www.radoux.fr la identidad de los diferentes intervinientes en el \u00e1mbito de su realizaci\u00f3n y su seguimiento : Tonnellerie Radoux \u2013 10, avenue [&hellip;]\" \/>\n<meta property=\"og:url\" content=\"https:\/\/www.radoux.fr\/es\/aviso-legal\/\" \/>\n<meta property=\"og:site_name\" content=\"Tonnellerie Radoux (Spanish version)\" \/>\n<meta property=\"article:modified_time\" content=\"2014-09-30T12:41:31+00:00\" \/>\n<meta name=\"twitter:label1\" content=\"Tiempo de lectura\" \/>\n\t<meta name=\"twitter:data1\" content=\"3 minutos\" \/>\n<script type=\"application\/ld+json\" class=\"yoast-schema-graph\">{\"@context\":\"https:\/\/schema.org\",\"@graph\":[{\"@type\":\"WebSite\",\"@id\":\"https:\/\/www.radoux.fr\/es\/#website\",\"url\":\"https:\/\/www.radoux.fr\/es\/\",\"name\":\"Tonnellerie Radoux (Spanish version)\",\"description\":\"\",\"potentialAction\":[{\"@type\":\"SearchAction\",\"target\":{\"@type\":\"EntryPoint\",\"urlTemplate\":\"https:\/\/www.radoux.fr\/es\/?s={search_term_string}\"},\"query-input\":\"required name=search_term_string\"}],\"inLanguage\":\"es\"},{\"@type\":\"WebPage\",\"@id\":\"https:\/\/www.radoux.fr\/es\/aviso-legal\/\",\"url\":\"https:\/\/www.radoux.fr\/es\/aviso-legal\/\",\"name\":\"Menciones legales - Toneler\u00eda Radoux\",\"isPartOf\":{\"@id\":\"https:\/\/www.radoux.fr\/es\/#website\"},\"datePublished\":\"2014-04-30T14:54:22+00:00\",\"dateModified\":\"2014-09-30T12:41:31+00:00\",\"breadcrumb\":{\"@id\":\"https:\/\/www.radoux.fr\/es\/aviso-legal\/#breadcrumb\"},\"inLanguage\":\"es\",\"potentialAction\":[{\"@type\":\"ReadAction\",\"target\":[\"https:\/\/www.radoux.fr\/es\/aviso-legal\/\"]}]},{\"@type\":\"BreadcrumbList\",\"@id\":\"https:\/\/www.radoux.fr\/es\/aviso-legal\/#breadcrumb\",\"itemListElement\":[{\"@type\":\"ListItem\",\"position\":1,\"name\":\"Accueil\",\"item\":\"https:\/\/www.radoux.fr\/es\/\"},{\"@type\":\"ListItem\",\"position\":2,\"name\":\"Aviso legal\"}]}]}<\/script>\n<!-- \/ Yoast SEO plugin. -->","yoast_head_json":{"title":"Menciones legales - Toneler\u00eda Radoux","robots":{"index":"index","follow":"follow","max-snippet":"max-snippet:-1","max-image-preview":"max-image-preview:large","max-video-preview":"max-video-preview:-1"},"canonical":"https:\/\/www.radoux.fr\/es\/aviso-legal\/","og_locale":"es_ES","og_type":"article","og_title":"Menciones legales - Toneler\u00eda Radoux","og_description":"1. Pr\u00e9sentation du site. En virtud del art\u00edculo 6 de la ley n\u00b0 2004-575 de 21 junio de 2004 para la confianza en la econom\u00eda digital, se precisa a los utilizadores del sitio www.radoux.fr la identidad de los diferentes intervinientes en el \u00e1mbito de su realizaci\u00f3n y su seguimiento : Tonnellerie Radoux \u2013 10, avenue [&hellip;]","og_url":"https:\/\/www.radoux.fr\/es\/aviso-legal\/","og_site_name":"Tonnellerie Radoux (Spanish version)","article_modified_time":"2014-09-30T12:41:31+00:00","twitter_misc":{"Tiempo de lectura":"3 minutos"},"schema":{"@context":"https:\/\/schema.org","@graph":[{"@type":"WebSite","@id":"https:\/\/www.radoux.fr\/es\/#website","url":"https:\/\/www.radoux.fr\/es\/","name":"Tonnellerie Radoux (Spanish version)","description":"","potentialAction":[{"@type":"SearchAction","target":{"@type":"EntryPoint","urlTemplate":"https:\/\/www.radoux.fr\/es\/?s={search_term_string}"},"query-input":"required name=search_term_string"}],"inLanguage":"es"},{"@type":"WebPage","@id":"https:\/\/www.radoux.fr\/es\/aviso-legal\/","url":"https:\/\/www.radoux.fr\/es\/aviso-legal\/","name":"Menciones legales - Toneler\u00eda Radoux","isPartOf":{"@id":"https:\/\/www.radoux.fr\/es\/#website"},"datePublished":"2014-04-30T14:54:22+00:00","dateModified":"2014-09-30T12:41:31+00:00","breadcrumb":{"@id":"https:\/\/www.radoux.fr\/es\/aviso-legal\/#breadcrumb"},"inLanguage":"es","potentialAction":[{"@type":"ReadAction","target":["https:\/\/www.radoux.fr\/es\/aviso-legal\/"]}]},{"@type":"BreadcrumbList","@id":"https:\/\/www.radoux.fr\/es\/aviso-legal\/#breadcrumb","itemListElement":[{"@type":"ListItem","position":1,"name":"Accueil","item":"https:\/\/www.radoux.fr\/es\/"},{"@type":"ListItem","position":2,"name":"Aviso legal"}]}]}},"_links":{"self":[{"href":"https:\/\/www.radoux.fr\/es\/wp-json\/wp\/v2\/pages\/72"}],"collection":[{"href":"https:\/\/www.radoux.fr\/es\/wp-json\/wp\/v2\/pages"}],"about":[{"href":"https:\/\/www.radoux.fr\/es\/wp-json\/wp\/v2\/types\/page"}],"author":[{"embeddable":true,"href":"https:\/\/www.radoux.fr\/es\/wp-json\/wp\/v2\/users\/1"}],"replies":[{"embeddable":true,"href":"https:\/\/www.radoux.fr\/es\/wp-json\/wp\/v2\/comments?post=72"}],"version-history":[{"count":3,"href":"https:\/\/www.radoux.fr\/es\/wp-json\/wp\/v2\/pages\/72\/revisions"}],"predecessor-version":[{"id":1307,"href":"https:\/\/www.radoux.fr\/es\/wp-json\/wp\/v2\/pages\/72\/revisions\/1307"}],"wp:attachment":[{"href":"https:\/\/www.radoux.fr\/es\/wp-json\/wp\/v2\/media?parent=72"}],"curies":[{"name":"wp","href":"https:\/\/api.w.org\/{rel}","templated":true}]}}