{"id":70,"date":"2014-04-30T15:54:12","date_gmt":"2014-04-30T14:54:12","guid":{"rendered":"http:\/\/radoux.dev\/?page_id=70"},"modified":"2016-10-20T11:34:37","modified_gmt":"2016-10-20T10:34:37","slug":"contacto","status":"publish","type":"page","link":"https:\/\/www.radoux.fr\/es\/contacto\/","title":{"rendered":"Contacto"},"content":{"rendered":"<div id=\"pl-70\"  class=\"panel-layout\" ><div id=\"pg-70-0\"  class=\"panel-grid panel-no-style\" ><div id=\"pgc-70-0-0\"  class=\"panel-grid-cell panel-grid-cell-empty\" ><\/div><div id=\"pgc-70-0-1\"  class=\"panel-grid-cell panel-grid-cell-mobile-last\" ><div id=\"panel-70-0-1-0\" class=\"so-panel widget widget_black-studio-tinymce widget_black_studio_tinymce panel-first-child panel-last-child\" data-index=\"0\" ><div class=\"textwidget\"><h2 style=\"text-align: center\">Nous contacter<\/h2>\n<p style=\"text-align: center\">TONNELLERIE RADOUX<br \/>10 Avenue Faidherbe<br \/>17500 Jonzac<br \/>T\u00e9l: 05 46 48 00 65<\/p>\n<p style=\"text-align: center\"><div class=\"radoux-share shortcode center\">\n        <strong>Partager<\/strong>\n    <ul>\n        <li class=\"facebook\"><a href=\"https:\/\/www.facebook.com\/sharer\/sharer.php?u=https:\/\/www.radoux.fr\/es\/?p=70\" target=\"_blank\" class=\"dashicons dashicons-facebook-alt\"><span>Partager sur Facebook<\/span><\/a><\/li>\n        <li class=\"twitter\"><a href=\"https:\/\/twitter.com\/home?status=https:\/\/www.radoux.fr\/es\/?p=70\" target=\"_blank\" class=\"dashicons dashicons-twitter\"><span>Partager sur Twitter<\/span><\/a><\/li>\n    <\/ul>\n<\/div><\/p><\/div><\/div><\/div><div id=\"pgc-70-0-2\"  class=\"panel-grid-cell panel-grid-cell-empty\" ><\/div><\/div><div id=\"pg-70-1\"  class=\"panel-grid panel-no-style\" ><div id=\"pgc-70-1-0\"  class=\"panel-grid-cell panel-grid-cell-empty\" ><\/div><div id=\"pgc-70-1-1\"  class=\"panel-grid-cell panel-grid-cell-mobile-last\" ><div id=\"panel-70-1-1-0\" class=\"so-panel widget widget_black-studio-tinymce widget_black_studio_tinymce panel-first-child panel-last-child\" data-index=\"1\" ><div class=\"textwidget\"><h2 style=\"text-align: center;\">Nous \u00e9crire<\/h2>\n<p><div role=\"form\" class=\"wpcf7\" id=\"wpcf7-f510-o1\" lang=\"fr-FR\" dir=\"ltr\">\n<div class=\"screen-reader-response\"><p role=\"status\" aria-live=\"polite\" aria-atomic=\"true\"><\/p> <ul><\/ul><\/div>\n<form action=\"\/es\/wp-json\/wp\/v2\/pages\/70#wpcf7-f510-o1\" method=\"post\" class=\"wpcf7-form init\" novalidate=\"novalidate\" data-status=\"init\">\n<div style=\"display: none;\">\n<input type=\"hidden\" name=\"_wpcf7\" value=\"510\" \/>\n<input type=\"hidden\" name=\"_wpcf7_version\" value=\"5.5.6.1\" \/>\n<input type=\"hidden\" name=\"_wpcf7_locale\" value=\"fr_FR\" \/>\n<input type=\"hidden\" name=\"_wpcf7_unit_tag\" value=\"wpcf7-f510-o1\" \/>\n<input type=\"hidden\" name=\"_wpcf7_container_post\" value=\"0\" \/>\n<input type=\"hidden\" name=\"_wpcf7_posted_data_hash\" value=\"\" \/>\n<\/div>\n<div class=\"table full-width\">\n<div class=\"table-row\">\n<div class=\"table-cell cell-count-2\"><span class=\"wpcf7-form-control-wrap firstname\"><input type=\"text\" name=\"firstname\" value=\"\" size=\"40\" class=\"wpcf7-form-control wpcf7-text wpcf7-validates-as-required\" aria-required=\"true\" aria-invalid=\"false\" placeholder=\"Nombre\" \/><\/span> <\/div>\n<div class=\"table-cell cell-count-2\"><span class=\"wpcf7-form-control-wrap lastname\"><input type=\"text\" name=\"lastname\" value=\"\" size=\"40\" class=\"wpcf7-form-control wpcf7-text wpcf7-validates-as-required\" aria-required=\"true\" aria-invalid=\"false\" placeholder=\"Apellidos\" \/><\/span> <\/div>\n<\/div>\n<div class=\"table-row\">\n<div class=\"table-cell cell-count-2\"><span class=\"wpcf7-form-control-wrap company\"><input type=\"text\" name=\"company\" value=\"\" size=\"40\" class=\"wpcf7-form-control wpcf7-text\" aria-invalid=\"false\" placeholder=\"Empresa\" \/><\/span> <\/div>\n<div class=\"table-cell cell-count-2\"><span class=\"wpcf7-form-control-wrap email\"><input type=\"text\" name=\"email\" value=\"\" size=\"40\" class=\"wpcf7-form-control wpcf7-text wpcf7-validates-as-required\" aria-required=\"true\" aria-invalid=\"false\" placeholder=\"Correo E\" \/><\/span> <\/div>\n<\/div>\n<div class=\"table-row\">\n<div class=\"table-cell cell-count-2\"><span class=\"wpcf7-form-control-wrap address\"><input type=\"text\" name=\"address\" value=\"\" size=\"40\" class=\"wpcf7-form-control wpcf7-text\" aria-invalid=\"false\" placeholder=\"Direcci\u00f3n\" \/><\/span> <\/div>\n<div class=\"table-cell cell-count-2\"><span class=\"wpcf7-form-control-wrap postalcode\"><input type=\"text\" name=\"postalcode\" value=\"\" size=\"40\" class=\"wpcf7-form-control wpcf7-text\" aria-invalid=\"false\" placeholder=\"C\u00f3digo Postal\" \/><\/span> <\/div>\n<\/div>\n<div class=\"table-row\">\n<div class=\"table-cell cell-count-2\"><span class=\"wpcf7-form-control-wrap city\"><input type=\"text\" name=\"city\" value=\"\" size=\"40\" class=\"wpcf7-form-control wpcf7-text\" aria-invalid=\"false\" placeholder=\"Ciudad\" \/><\/span> <\/div>\n<div class=\"table-cell cell-count-2\"><span class=\"wpcf7-form-control-wrap country\"><input type=\"text\" name=\"country\" value=\"\" size=\"40\" class=\"wpcf7-form-control wpcf7-text\" aria-invalid=\"false\" placeholder=\"Pa\u00eds\" \/><\/span> <\/div>\n<\/div>\n<\/div>\n<div class=\"table full-width sep\">\n<div class=\"table-row\">\n<div class=\"table-cell full-width\"><span class=\"wpcf7-form-control-wrap message\"><textarea name=\"message\" cols=\"40\" rows=\"10\" class=\"wpcf7-form-control wpcf7-textarea wpcf7-validates-as-required\" aria-required=\"true\" aria-invalid=\"false\" placeholder=\"Mensaje\"><\/textarea><\/span><\/div>\n<\/div>\n<div class=\"table-row\">\n<div class=\"table-cell full-width\"><span class=\"wpcf7-form-control-wrap checkbox-576\"><span class=\"wpcf7-form-control wpcf7-checkbox wpcf7-validates-as-required\"><span class=\"wpcf7-list-item first last\"><label><input type=\"checkbox\" name=\"checkbox-576[]\" value=\"Aceptas nuestra&nbsp;\" \/><span class=\"wpcf7-list-item-label\">Aceptas nuestra&nbsp;<\/span><\/label><\/span><\/span><\/span><a href=\"\/es\/politica-de-privacidad\/\">pol\u00edtica de privacidad<\/a><\/div>\n<\/div>\n<div class=\"table-row\">\n<div class=\"table-cell full-width\"><input type=\"submit\" value=\"Enviar\" class=\"wpcf7-form-control has-spinner wpcf7-submit\" \/><\/div>\n<\/div>\n<\/div>\n<div class=\"wpcf7-response-output\" aria-hidden=\"true\"><\/div><\/form><\/div><\/p>\n<\/div><\/div><\/div><div id=\"pgc-70-1-2\"  class=\"panel-grid-cell panel-grid-cell-empty\" ><\/div><\/div><div id=\"pg-70-2\"  class=\"panel-grid panel-no-style\" ><div id=\"pgc-70-2-0\"  class=\"panel-grid-cell panel-grid-cell-empty\" ><\/div><div id=\"pgc-70-2-1\"  class=\"panel-grid-cell panel-grid-cell-mobile-last\" ><div id=\"panel-70-2-1-0\" class=\"so-panel widget widget_black-studio-tinymce widget_black_studio_tinymce panel-first-child panel-last-child\" data-index=\"2\" ><div class=\"textwidget\"><h2 style=\"text-align: center\">Vos interlocuteurs<\/h2><\/div><\/div><\/div><div id=\"pgc-70-2-2\"  class=\"panel-grid-cell panel-grid-cell-empty\" ><\/div><\/div><div id=\"pg-70-3\"  class=\"panel-grid panel-no-style\" ><div id=\"pgc-70-3-0\"  class=\"panel-grid-cell\" ><div id=\"panel-70-3-0-0\" class=\"so-panel widget widget_black-studio-tinymce widget_black_studio_tinymce panel-first-child panel-last-child\" data-index=\"3\" ><div class=\"textwidget\"><p style=\"text-align: center\"><img class=\"aligncenter size-full wp-image-1343\" src=\"https:\/\/www.radoux.fr\/es\/wp-content\/uploads\/sites\/3\/2014\/04\/pierre-guillaume.jpg\" alt=\"pierre-guillaume\" width=\"140\" height=\"150\" \/><\/p>\n<h4 style=\"text-align: center\">Pierre-Guillaume Chiberry<\/h4>\n<h5 style=\"text-align: center\">Radoux France-Export<br \/><a href=\"mailto:pg-chiberry@radoux.fr\">pg-chiberry@radoux.fr<\/a><\/h5>\n<\/div><\/div><\/div><div id=\"pgc-70-3-1\"  class=\"panel-grid-cell\" ><div id=\"panel-70-3-1-0\" class=\"so-panel widget widget_black-studio-tinymce widget_black_studio_tinymce panel-first-child\" data-index=\"4\" ><div class=\"textwidget\"><p style=\"text-align: center;\"><img class=\"aligncenter size-full wp-image-1340\" src=\"https:\/\/www.radoux.fr\/es\/wp-content\/uploads\/sites\/3\/2014\/04\/louis-usa.jpg\" alt=\"louis-usa\" width=\"140\" height=\"150\" \/><\/p>\n<h4 style=\"text-align: center;\">Louis\u00a0ZANDVLIET<\/h4>\n<h5 style=\"text-align: center;\">Radoux USA<br \/><a href=\"mailto:rx.usa@radoux-usa.com\">rx.usa@radoux-usa.com<\/a><\/h5>\n<\/div><\/div><div id=\"panel-70-3-1-1\" class=\"so-panel widget widget_black-studio-tinymce widget_black_studio_tinymce panel-last-child\" data-index=\"5\" ><div class=\"textwidget\"><p style=\"text-align: center;\"><img class=\"aligncenter size-full wp-image-1345\" src=\"https:\/\/www.radoux.fr\/es\/wp-content\/uploads\/sites\/3\/2014\/04\/thomas.jpg\" alt=\"thomas\" width=\"140\" height=\"150\" \/><\/p>\n<h4 style=\"text-align: center;\">Thomas Bioulou<\/h4>\n<h5 style=\"text-align: center;\">Pronektar<br \/><a href=\"mailto:t-bioulou@pronektar.fr\">t-bioulou@pronektar.fr<\/a><\/h5>\n<\/div><\/div><\/div><div id=\"pgc-70-3-2\"  class=\"panel-grid-cell\" ><div id=\"panel-70-3-2-0\" class=\"so-panel widget widget_black-studio-tinymce widget_black_studio_tinymce panel-first-child panel-last-child\" data-index=\"6\" ><div class=\"textwidget\"><p style=\"text-align: center;\"><img class=\"aligncenter size-full wp-image-1341\" src=\"https:\/\/www.radoux.fr\/es\/wp-content\/uploads\/sites\/3\/2014\/04\/louis.jpg\" alt=\"louis\" width=\"140\" height=\"150\" \/><\/p>\n<h4 style=\"text-align: center;\">Louis Qingri<\/h4>\n<h5 style=\"text-align: center;\">Radoux CHINE<br \/><a href=\"mailto:q-lu@radoux.fr\">q-lu@radoux.fr<\/a><\/h5>\n<\/div><\/div><\/div><\/div><\/div>","protected":false},"excerpt":{"rendered":"<p>Nous contacter TONNELLERIE RADOUX10 Avenue Faidherbe17500 JonzacT\u00e9l: 05 46 48 00 65 Nous \u00e9crire<\/p>\n","protected":false},"author":1,"featured_media":0,"parent":0,"menu_order":8,"comment_status":"open","ping_status":"open","template":"template-contact.php","meta":{"_links_to":"","_links_to_target":""},"yoast_head":"<!-- This site is optimized with the Yoast SEO plugin v19.4 - https:\/\/yoast.com\/wordpress\/plugins\/seo\/ -->\n<title>Contacto - Toneler\u00eda Radoux<\/title>\n<meta name=\"robots\" content=\"index, follow, max-snippet:-1, max-image-preview:large, max-video-preview:-1\" \/>\n<link rel=\"canonical\" href=\"https:\/\/www.radoux.fr\/es\/contacto\/\" \/>\n<meta property=\"og:locale\" content=\"es_ES\" \/>\n<meta property=\"og:type\" content=\"article\" \/>\n<meta property=\"og:title\" content=\"Contacto - Toneler\u00eda Radoux\" \/>\n<meta property=\"og:description\" content=\"Nous contacter TONNELLERIE RADOUX10 Avenue Faidherbe17500 JonzacT\u00e9l: 05 46 48 00 65 Nous \u00e9crire\" \/>\n<meta property=\"og:url\" content=\"https:\/\/www.radoux.fr\/es\/contacto\/\" \/>\n<meta property=\"og:site_name\" content=\"Tonnellerie Radoux (Spanish version)\" \/>\n<meta property=\"article:modified_time\" content=\"2016-10-20T10:34:37+00:00\" \/>\n<meta property=\"og:image\" content=\"http:\/\/www.radoux.fr\/es\/wp-content\/uploads\/sites\/3\/2014\/04\/pierre-guillaume.jpg\" \/>\n<script type=\"application\/ld+json\" class=\"yoast-schema-graph\">{\"@context\":\"https:\/\/schema.org\",\"@graph\":[{\"@type\":\"WebSite\",\"@id\":\"https:\/\/www.radoux.fr\/es\/#website\",\"url\":\"https:\/\/www.radoux.fr\/es\/\",\"name\":\"Tonnellerie Radoux (Spanish version)\",\"description\":\"\",\"potentialAction\":[{\"@type\":\"SearchAction\",\"target\":{\"@type\":\"EntryPoint\",\"urlTemplate\":\"https:\/\/www.radoux.fr\/es\/?s={search_term_string}\"},\"query-input\":\"required name=search_term_string\"}],\"inLanguage\":\"es\"},{\"@type\":\"WebPage\",\"@id\":\"https:\/\/www.radoux.fr\/es\/contacto\/\",\"url\":\"https:\/\/www.radoux.fr\/es\/contacto\/\",\"name\":\"Contacto - Toneler\u00eda Radoux\",\"isPartOf\":{\"@id\":\"https:\/\/www.radoux.fr\/es\/#website\"},\"datePublished\":\"2014-04-30T14:54:12+00:00\",\"dateModified\":\"2016-10-20T10:34:37+00:00\",\"breadcrumb\":{\"@id\":\"https:\/\/www.radoux.fr\/es\/contacto\/#breadcrumb\"},\"inLanguage\":\"es\",\"potentialAction\":[{\"@type\":\"ReadAction\",\"target\":[\"https:\/\/www.radoux.fr\/es\/contacto\/\"]}]},{\"@type\":\"BreadcrumbList\",\"@id\":\"https:\/\/www.radoux.fr\/es\/contacto\/#breadcrumb\",\"itemListElement\":[{\"@type\":\"ListItem\",\"position\":1,\"name\":\"Accueil\",\"item\":\"https:\/\/www.radoux.fr\/es\/\"},{\"@type\":\"ListItem\",\"position\":2,\"name\":\"Contacto\"}]}]}<\/script>\n<!-- \/ Yoast SEO plugin. -->","yoast_head_json":{"title":"Contacto - Toneler\u00eda Radoux","robots":{"index":"index","follow":"follow","max-snippet":"max-snippet:-1","max-image-preview":"max-image-preview:large","max-video-preview":"max-video-preview:-1"},"canonical":"https:\/\/www.radoux.fr\/es\/contacto\/","og_locale":"es_ES","og_type":"article","og_title":"Contacto - Toneler\u00eda Radoux","og_description":"Nous contacter TONNELLERIE RADOUX10 Avenue Faidherbe17500 JonzacT\u00e9l: 05 46 48 00 65 Nous \u00e9crire","og_url":"https:\/\/www.radoux.fr\/es\/contacto\/","og_site_name":"Tonnellerie Radoux (Spanish version)","article_modified_time":"2016-10-20T10:34:37+00:00","og_image":[{"url":"http:\/\/www.radoux.fr\/es\/wp-content\/uploads\/sites\/3\/2014\/04\/pierre-guillaume.jpg"}],"schema":{"@context":"https:\/\/schema.org","@graph":[{"@type":"WebSite","@id":"https:\/\/www.radoux.fr\/es\/#website","url":"https:\/\/www.radoux.fr\/es\/","name":"Tonnellerie Radoux (Spanish version)","description":"","potentialAction":[{"@type":"SearchAction","target":{"@type":"EntryPoint","urlTemplate":"https:\/\/www.radoux.fr\/es\/?s={search_term_string}"},"query-input":"required name=search_term_string"}],"inLanguage":"es"},{"@type":"WebPage","@id":"https:\/\/www.radoux.fr\/es\/contacto\/","url":"https:\/\/www.radoux.fr\/es\/contacto\/","name":"Contacto - Toneler\u00eda Radoux","isPartOf":{"@id":"https:\/\/www.radoux.fr\/es\/#website"},"datePublished":"2014-04-30T14:54:12+00:00","dateModified":"2016-10-20T10:34:37+00:00","breadcrumb":{"@id":"https:\/\/www.radoux.fr\/es\/contacto\/#breadcrumb"},"inLanguage":"es","potentialAction":[{"@type":"ReadAction","target":["https:\/\/www.radoux.fr\/es\/contacto\/"]}]},{"@type":"BreadcrumbList","@id":"https:\/\/www.radoux.fr\/es\/contacto\/#breadcrumb","itemListElement":[{"@type":"ListItem","position":1,"name":"Accueil","item":"https:\/\/www.radoux.fr\/es\/"},{"@type":"ListItem","position":2,"name":"Contacto"}]}]}},"_links":{"self":[{"href":"https:\/\/www.radoux.fr\/es\/wp-json\/wp\/v2\/pages\/70"}],"collection":[{"href":"https:\/\/www.radoux.fr\/es\/wp-json\/wp\/v2\/pages"}],"about":[{"href":"https:\/\/www.radoux.fr\/es\/wp-json\/wp\/v2\/types\/page"}],"author":[{"embeddable":true,"href":"https:\/\/www.radoux.fr\/es\/wp-json\/wp\/v2\/users\/1"}],"replies":[{"embeddable":true,"href":"https:\/\/www.radoux.fr\/es\/wp-json\/wp\/v2\/comments?post=70"}],"version-history":[{"count":5,"href":"https:\/\/www.radoux.fr\/es\/wp-json\/wp\/v2\/pages\/70\/revisions"}],"predecessor-version":[{"id":1367,"href":"https:\/\/www.radoux.fr\/es\/wp-json\/wp\/v2\/pages\/70\/revisions\/1367"}],"wp:attachment":[{"href":"https:\/\/www.radoux.fr\/es\/wp-json\/wp\/v2\/media?parent=70"}],"curies":[{"name":"wp","href":"https:\/\/api.w.org\/{rel}","templated":true}]}}