{"id":68,"date":"2014-04-30T15:54:03","date_gmt":"2014-04-30T14:54:03","guid":{"rendered":"http:\/\/radoux.dev\/?page_id=68"},"modified":"2026-02-24T15:57:22","modified_gmt":"2026-02-24T14:57:22","slug":"descargas","status":"publish","type":"page","link":"https:\/\/www.radoux.fr\/es\/descargas\/","title":{"rendered":"Descargas"},"content":{"rendered":"<div id=\"pl-68\"  class=\"panel-layout\" ><div id=\"pg-68-0\"  class=\"panel-grid panel-no-style\" ><div id=\"pgc-68-0-0\"  class=\"panel-grid-cell\" ><div id=\"panel-68-0-0-0\" class=\"so-panel widget widget_black-studio-tinymce widget_black_studio_tinymce panel-first-child panel-last-child\" data-index=\"0\" ><div class=\"textwidget\"><h3>Cat\u00e1logo<\/h3>\n<p><a class=\"file\" href=\"https:\/\/www.radoux.fr\/es\/wp-content\/uploads\/sites\/3\/2024\/07\/CATALOGUE-RADOUX-ESP.pdf\" target=\"_blank\">Cat\u00e1logo Radoux <\/a><\/p>\n<h3>Fichas tecnicas<\/h3>\n<p><a class=\"file\" href=\"https:\/\/www.radoux.fr\/es\/wp-content\/uploads\/sites\/3\/2025\/03\/XBLEND-ESP.pdf\" target=\"_blank\">Extra Fine X-Blend<\/a><\/p>\n<p><a class=\"file\" href=\"https:\/\/www.radoux.fr\/es\/wp-content\/uploads\/sites\/3\/2025\/09\/BLEND-ESP.pdf\" target=\"_blank\">Super Fine Blend<\/a><\/p>\n<p><a class=\"file\" href=\"https:\/\/www.radoux.fr\/es\/wp-content\/uploads\/sites\/3\/2025\/03\/OMEGA-ESP.pdf\" target=\"_blank\">Omega<\/a><\/p>\n<p><a class=\"file\" href=\"https:\/\/www.radoux.fr\/es\/wp-content\/uploads\/sites\/3\/2025\/09\/TX-ESP.pdf\" target=\"_blank\">Barrica Bordelesa 225l<\/a><\/p>\n<p><a class=\"file\" href=\"https:\/\/www.radoux.fr\/es\/wp-content\/uploads\/sites\/3\/2025\/09\/BG-ESP.pdf\" target=\"_blank\">Barrica Borgonona 228l<\/a><\/p>\n<p><a class=\"file\" href=\"https:\/\/www.radoux.fr\/es\/wp-content\/uploads\/sites\/3\/2025\/03\/LARGE-ESP.pdf\" target=\"_blank\">Grandes Formatos<\/a><\/p>\n<p><a class=\"file\" href=\"https:\/\/www.radoux.fr\/es\/wp-content\/uploads\/sites\/3\/2019\/06\/Barricas-para-espirituosos-Radoux.pdf\" target=\"_blank\">Barricas para espirituosos<\/a><\/p>\n<p><a class=\"file\" href=\"https:\/\/www.radoux.fr\/es\/wp-content\/uploads\/sites\/3\/2025\/09\/CONSEILS-ESP.pdf\" target=\"_blank\">Consejos para la utilizacion<\/a><\/p>\n<p><a class=\"file\" href=\"https:\/\/www.radoux.fr\/es\/wp-content\/uploads\/sites\/3\/2019\/06\/Opciones-Radoux.pdf\" target=\"_blank\"> Opciones<\/a><\/p>\n<p><a class=\"file\" href=\"https:\/\/www.radoux.fr\/es\/wp-content\/uploads\/sites\/3\/2023\/02\/Fiche-Athenis-SP-Email_compressed.pdf\" target=\"_blank\">Fudre conectado Athenis<\/a><\/p><\/div><\/div><\/div><div id=\"pgc-68-0-1\"  class=\"panel-grid-cell\" ><div id=\"panel-68-0-1-0\" class=\"so-panel widget widget_black-studio-tinymce widget_black_studio_tinymce panel-first-child panel-last-child\" data-index=\"1\" ><div class=\"textwidget\"><h3>Certificados<\/h3>\n<p><a class=\"file\" href=\"https:\/\/www.radoux.fr\/es\/wp-content\/uploads\/sites\/3\/2026\/02\/ES-2025-T-RADOUX-Attestation-ORIGINE-FRANCE-CONTROLEE.pdf\" target=\"_blank\">Certificado de Reconocimiento del Origen Frances<\/a><\/p>\n<p><a class=\"file\" href=\"https:\/\/www.radoux.fr\/wp-content\/uploads\/2025\/03\/TONNELLERIE-RADOUX_FCBA-PEFC-COC-0800952.pdf\" target=\"_blank\">Certificado PEFC<\/a><\/p><\/div><\/div><\/div><div id=\"pgc-68-0-2\"  class=\"panel-grid-cell\" ><div id=\"panel-68-0-2-0\" class=\"so-panel widget widget_black-studio-tinymce widget_black_studio_tinymce panel-first-child panel-last-child\" data-index=\"2\" ><div class=\"textwidget\"><h3>Investigaci\u00f3n y Desarrollo<\/h3>\n<p><a class=\"file\" href=\"https:\/\/www.radoux.fr\/es\/wp-content\/uploads\/sites\/3\/2019\/06\/Oakscan-Radoux-Esp.pdf\" target=\"_blank\">Oakscan<\/a><\/p>\n<\/div><\/div><\/div><\/div><div id=\"pg-68-1\"  class=\"panel-grid panel-no-style\" ><div id=\"pgc-68-1-0\"  class=\"panel-grid-cell\" ><div id=\"panel-68-1-0-0\" class=\"so-panel widget widget_black-studio-tinymce widget_black_studio_tinymce panel-first-child panel-last-child\" data-index=\"3\" ><div class=\"textwidget\"><p><div class=\"radoux-share shortcode center\">\n        <strong>Partager<\/strong>\n    <ul>\n        <li class=\"facebook\"><a href=\"https:\/\/www.facebook.com\/sharer\/sharer.php?u=https:\/\/www.radoux.fr\/es\/?p=68\" target=\"_blank\" class=\"dashicons dashicons-facebook-alt\"><span>Partager sur Facebook<\/span><\/a><\/li>\n        <li class=\"twitter\"><a href=\"https:\/\/twitter.com\/home?status=https:\/\/www.radoux.fr\/es\/?p=68\" target=\"_blank\" class=\"dashicons dashicons-twitter\"><span>Partager sur Twitter<\/span><\/a><\/li>\n    <\/ul>\n<\/div><\/p><\/div><\/div><\/div><\/div><\/div>","protected":false},"excerpt":{"rendered":"<p>Cat\u00e1logo Cat\u00e1logo Radoux Fichas tecnicas Extra Fine X-Blend Super Fine Blend Omega Barrica Bordelesa 225l Barrica Borgonona 228l Grandes Formatos Barricas para espirituosos Consejos para la utilizacion Opciones Fudre conectado Athenis Certificados Certificado de Reconocimiento del Origen Frances Certificado PEFC Investigaci\u00f3n y Desarrollo Oakscan<\/p>\n","protected":false},"author":1,"featured_media":0,"parent":0,"menu_order":7,"comment_status":"open","ping_status":"open","template":"template-black.php","meta":{"_links_to":"","_links_to_target":""},"yoast_head":"<!-- This site is optimized with the Yoast SEO plugin v19.4 - https:\/\/yoast.com\/wordpress\/plugins\/seo\/ -->\n<title>Descargas - Toneler\u00eda Radoux<\/title>\n<meta name=\"robots\" content=\"index, follow, max-snippet:-1, max-image-preview:large, max-video-preview:-1\" \/>\n<link rel=\"canonical\" href=\"https:\/\/www.radoux.fr\/es\/descargas\/\" \/>\n<meta property=\"og:locale\" content=\"es_ES\" \/>\n<meta property=\"og:type\" content=\"article\" \/>\n<meta property=\"og:title\" content=\"Descargas - Toneler\u00eda Radoux\" \/>\n<meta property=\"og:description\" content=\"Cat\u00e1logo Cat\u00e1logo Radoux Fichas tecnicas Extra Fine X-Blend Super Fine Blend Omega Barrica Bordelesa 225l Barrica Borgonona 228l Grandes Formatos Barricas para espirituosos Consejos para la utilizacion Opciones Fudre conectado Athenis Certificados Certificado de Reconocimiento del Origen Frances Certificado PEFC Investigaci\u00f3n y Desarrollo Oakscan\" \/>\n<meta property=\"og:url\" content=\"https:\/\/www.radoux.fr\/es\/descargas\/\" \/>\n<meta property=\"og:site_name\" content=\"Tonnellerie Radoux (Spanish version)\" \/>\n<meta property=\"article:modified_time\" content=\"2026-02-24T14:57:22+00:00\" \/>\n<meta name=\"twitter:label1\" content=\"Tiempo de lectura\" \/>\n\t<meta name=\"twitter:data1\" content=\"1 minuto\" \/>\n<script type=\"application\/ld+json\" class=\"yoast-schema-graph\">{\"@context\":\"https:\/\/schema.org\",\"@graph\":[{\"@type\":\"WebSite\",\"@id\":\"https:\/\/www.radoux.fr\/es\/#website\",\"url\":\"https:\/\/www.radoux.fr\/es\/\",\"name\":\"Tonnellerie Radoux (Spanish version)\",\"description\":\"\",\"potentialAction\":[{\"@type\":\"SearchAction\",\"target\":{\"@type\":\"EntryPoint\",\"urlTemplate\":\"https:\/\/www.radoux.fr\/es\/?s={search_term_string}\"},\"query-input\":\"required name=search_term_string\"}],\"inLanguage\":\"es\"},{\"@type\":\"WebPage\",\"@id\":\"https:\/\/www.radoux.fr\/es\/descargas\/\",\"url\":\"https:\/\/www.radoux.fr\/es\/descargas\/\",\"name\":\"Descargas - Toneler\u00eda Radoux\",\"isPartOf\":{\"@id\":\"https:\/\/www.radoux.fr\/es\/#website\"},\"datePublished\":\"2014-04-30T14:54:03+00:00\",\"dateModified\":\"2026-02-24T14:57:22+00:00\",\"breadcrumb\":{\"@id\":\"https:\/\/www.radoux.fr\/es\/descargas\/#breadcrumb\"},\"inLanguage\":\"es\",\"potentialAction\":[{\"@type\":\"ReadAction\",\"target\":[\"https:\/\/www.radoux.fr\/es\/descargas\/\"]}]},{\"@type\":\"BreadcrumbList\",\"@id\":\"https:\/\/www.radoux.fr\/es\/descargas\/#breadcrumb\",\"itemListElement\":[{\"@type\":\"ListItem\",\"position\":1,\"name\":\"Accueil\",\"item\":\"https:\/\/www.radoux.fr\/es\/\"},{\"@type\":\"ListItem\",\"position\":2,\"name\":\"Descargas\"}]}]}<\/script>\n<!-- \/ Yoast SEO plugin. -->","yoast_head_json":{"title":"Descargas - Toneler\u00eda Radoux","robots":{"index":"index","follow":"follow","max-snippet":"max-snippet:-1","max-image-preview":"max-image-preview:large","max-video-preview":"max-video-preview:-1"},"canonical":"https:\/\/www.radoux.fr\/es\/descargas\/","og_locale":"es_ES","og_type":"article","og_title":"Descargas - Toneler\u00eda Radoux","og_description":"Cat\u00e1logo Cat\u00e1logo Radoux Fichas tecnicas Extra Fine X-Blend Super Fine Blend Omega Barrica Bordelesa 225l Barrica Borgonona 228l Grandes Formatos Barricas para espirituosos Consejos para la utilizacion Opciones Fudre conectado Athenis Certificados Certificado de Reconocimiento del Origen Frances Certificado PEFC Investigaci\u00f3n y Desarrollo Oakscan","og_url":"https:\/\/www.radoux.fr\/es\/descargas\/","og_site_name":"Tonnellerie Radoux (Spanish version)","article_modified_time":"2026-02-24T14:57:22+00:00","twitter_misc":{"Tiempo de lectura":"1 minuto"},"schema":{"@context":"https:\/\/schema.org","@graph":[{"@type":"WebSite","@id":"https:\/\/www.radoux.fr\/es\/#website","url":"https:\/\/www.radoux.fr\/es\/","name":"Tonnellerie Radoux (Spanish version)","description":"","potentialAction":[{"@type":"SearchAction","target":{"@type":"EntryPoint","urlTemplate":"https:\/\/www.radoux.fr\/es\/?s={search_term_string}"},"query-input":"required name=search_term_string"}],"inLanguage":"es"},{"@type":"WebPage","@id":"https:\/\/www.radoux.fr\/es\/descargas\/","url":"https:\/\/www.radoux.fr\/es\/descargas\/","name":"Descargas - Toneler\u00eda Radoux","isPartOf":{"@id":"https:\/\/www.radoux.fr\/es\/#website"},"datePublished":"2014-04-30T14:54:03+00:00","dateModified":"2026-02-24T14:57:22+00:00","breadcrumb":{"@id":"https:\/\/www.radoux.fr\/es\/descargas\/#breadcrumb"},"inLanguage":"es","potentialAction":[{"@type":"ReadAction","target":["https:\/\/www.radoux.fr\/es\/descargas\/"]}]},{"@type":"BreadcrumbList","@id":"https:\/\/www.radoux.fr\/es\/descargas\/#breadcrumb","itemListElement":[{"@type":"ListItem","position":1,"name":"Accueil","item":"https:\/\/www.radoux.fr\/es\/"},{"@type":"ListItem","position":2,"name":"Descargas"}]}]}},"_links":{"self":[{"href":"https:\/\/www.radoux.fr\/es\/wp-json\/wp\/v2\/pages\/68"}],"collection":[{"href":"https:\/\/www.radoux.fr\/es\/wp-json\/wp\/v2\/pages"}],"about":[{"href":"https:\/\/www.radoux.fr\/es\/wp-json\/wp\/v2\/types\/page"}],"author":[{"embeddable":true,"href":"https:\/\/www.radoux.fr\/es\/wp-json\/wp\/v2\/users\/1"}],"replies":[{"embeddable":true,"href":"https:\/\/www.radoux.fr\/es\/wp-json\/wp\/v2\/comments?post=68"}],"version-history":[{"count":39,"href":"https:\/\/www.radoux.fr\/es\/wp-json\/wp\/v2\/pages\/68\/revisions"}],"predecessor-version":[{"id":1688,"href":"https:\/\/www.radoux.fr\/es\/wp-json\/wp\/v2\/pages\/68\/revisions\/1688"}],"wp:attachment":[{"href":"https:\/\/www.radoux.fr\/es\/wp-json\/wp\/v2\/media?parent=68"}],"curies":[{"name":"wp","href":"https:\/\/api.w.org\/{rel}","templated":true}]}}