{"id":62,"date":"2014-04-30T15:53:36","date_gmt":"2014-04-30T14:53:36","guid":{"rendered":"http:\/\/radoux.dev\/?page_id=62"},"modified":"2014-09-25T09:53:14","modified_gmt":"2014-09-25T08:53:14","slug":"pronektar","status":"publish","type":"page","link":"https:\/\/www.radoux.fr\/es\/maestria\/pronektar\/","title":{"rendered":"Pronektar"},"content":{"rendered":"<div id=\"pl-62\"  class=\"panel-layout\" ><div id=\"pg-62-0\"  class=\"panel-grid panel-no-style\" ><div id=\"pgc-62-0-0\"  class=\"panel-grid-cell\" ><div id=\"panel-62-0-0-0\" class=\"so-panel widget widget_black-studio-tinymce widget_black_studio_tinymce panel-first-child panel-last-child\" data-index=\"0\" ><div class=\"textwidget\"><p><strong>PRONEKTAR ofrece a los elaboradores de vino del mundo entero una gama de \u201cCHIPS\u201d y DUELAS de \u201ccalidad toneler\u00eda\u201d con tostados adaptados y que permiten valorizar tanto los tintos como los blancos.<\/strong><\/p>\n<p>Puesto a punto por los departamentos de Investigaci\u00f3n y Desarrollo y de Producci\u00f3n, con intervenci\u00f3n de nuestros en\u00f3logos y los equipos comerciales, la gama PRONEKTAR al\u00eda calidad, trazabilidad y reproducibilidad. Responde a objetivos enol\u00f3gicos precisos (aporte de volumen, redondez, \u201csucrosit\u00e9\u201d, estructura t\u00e1nica, aromas\u2026) y ofrece soluciones adaptadas a las expectativas de los bodegueros y a las exigencias del mercado. Los equipos comerciales de PRONEKTAR est\u00e1n especialmente formados para ofrecer un seguimiento personalizado a la clientela.<\/p>\n<p style=\"text-align: center;\"><a href=\"http:\/\/www.pronektar.fr\" target=\"_blank\">www.pronektar.fr<\/a><\/p>\n<p>\u00a0<\/p><\/div><\/div><\/div><\/div><div id=\"pg-62-1\"  class=\"panel-grid panel-no-style\" ><div id=\"pgc-62-1-0\"  class=\"panel-grid-cell\" ><div id=\"panel-62-1-0-0\" class=\"so-panel widget widget_black-studio-tinymce widget_black_studio_tinymce panel-first-child panel-last-child\" data-index=\"1\" ><div class=\"textwidget\"><p><img class=\"aligncenter size-full wp-image-982\" src=\"http:\/\/www.radoux.fr\/wp-content\/uploads\/2014\/07\/staves-pronektar.jpg\" alt=\"staves ch\u00eane Pronektar\" width=\"310\" height=\"205\" \/><\/p><\/div><\/div><\/div><div id=\"pgc-62-1-1\"  class=\"panel-grid-cell\" ><div id=\"panel-62-1-1-0\" class=\"so-panel widget widget_black-studio-tinymce widget_black_studio_tinymce panel-first-child panel-last-child\" data-index=\"2\" ><div class=\"textwidget\"><p><img class=\"aligncenter size-full wp-image-981\" src=\"http:\/\/www.radoux.fr\/wp-content\/uploads\/2014\/07\/copeaux-chene-pronektar.jpg\" alt=\"copeaux de ch\u00eane Pronektar\" width=\"310\" height=\"205\" \/><\/p><\/div><\/div><\/div><div id=\"pgc-62-1-2\"  class=\"panel-grid-cell\" ><div id=\"panel-62-1-2-0\" class=\"so-panel widget widget_black-studio-tinymce widget_black_studio_tinymce panel-first-child panel-last-child\" data-index=\"3\" ><div class=\"textwidget\"><p><img class=\"aligncenter size-full wp-image-979\" src=\"http:\/\/www.radoux.fr\/wp-content\/uploads\/2014\/07\/logo-pronektar-fondnoir.png\" alt=\"logo Pronektar\" width=\"310\" height=\"192\" \/><\/p><\/div><\/div><\/div><\/div><div id=\"pg-62-2\"  class=\"panel-grid panel-no-style\" ><div id=\"pgc-62-2-0\"  class=\"panel-grid-cell\" ><div id=\"panel-62-2-0-0\" class=\"so-panel widget widget_black-studio-tinymce widget_black_studio_tinymce panel-first-child panel-last-child\" data-index=\"4\" ><div class=\"textwidget\"><p><div class=\"radoux-share shortcode center\">\n        <strong>Partager<\/strong>\n    <ul>\n        <li class=\"facebook\"><a href=\"https:\/\/www.facebook.com\/sharer\/sharer.php?u=https:\/\/www.radoux.fr\/es\/?p=62\" target=\"_blank\" class=\"dashicons dashicons-facebook-alt\"><span>Partager sur Facebook<\/span><\/a><\/li>\n        <li class=\"twitter\"><a href=\"https:\/\/twitter.com\/home?status=https:\/\/www.radoux.fr\/es\/?p=62\" target=\"_blank\" class=\"dashicons dashicons-twitter\"><span>Partager sur Twitter<\/span><\/a><\/li>\n    <\/ul>\n<\/div><\/p><\/div><\/div><\/div><\/div><\/div>","protected":false},"excerpt":{"rendered":"<p>El fruto de la madera.<\/p>\n","protected":false},"author":1,"featured_media":993,"parent":56,"menu_order":3,"comment_status":"open","ping_status":"open","template":"template-black.php","meta":{"_links_to":"","_links_to_target":""},"yoast_head":"<!-- This site is optimized with the Yoast SEO plugin v19.4 - https:\/\/yoast.com\/wordpress\/plugins\/seo\/ -->\n<title>Pronektar - Chips y duelas de caldiad toneler\u00eda - Radoux<\/title>\n<meta name=\"description\" content=\"PRONEKTAR ofrece a los elaboradores de vino del mundo entero una gama de \u201cCHIPS\u201d y duelas de \u201ccalidad toneler\u00eda\u201d.\" \/>\n<meta name=\"robots\" content=\"index, follow, max-snippet:-1, max-image-preview:large, max-video-preview:-1\" \/>\n<link rel=\"canonical\" href=\"https:\/\/www.radoux.fr\/es\/maestria\/pronektar\/\" \/>\n<meta property=\"og:locale\" content=\"es_ES\" \/>\n<meta property=\"og:type\" content=\"article\" \/>\n<meta property=\"og:title\" content=\"Pronektar - Chips y duelas de caldiad toneler\u00eda - Radoux\" \/>\n<meta property=\"og:description\" content=\"PRONEKTAR ofrece a los elaboradores de vino del mundo entero una gama de \u201cCHIPS\u201d y duelas de \u201ccalidad toneler\u00eda\u201d.\" \/>\n<meta property=\"og:url\" content=\"https:\/\/www.radoux.fr\/es\/maestria\/pronektar\/\" \/>\n<meta property=\"og:site_name\" content=\"Tonnellerie Radoux (Spanish version)\" \/>\n<meta property=\"article:modified_time\" content=\"2014-09-25T08:53:14+00:00\" \/>\n<meta property=\"og:image\" content=\"https:\/\/www.radoux.fr\/es\/wp-content\/uploads\/sites\/3\/2014\/07\/staves-entete1.jpg\" \/>\n\t<meta property=\"og:image:width\" content=\"1280\" \/>\n\t<meta property=\"og:image:height\" content=\"343\" \/>\n\t<meta property=\"og:image:type\" content=\"image\/jpeg\" \/>\n<meta name=\"twitter:label1\" content=\"Tiempo de lectura\" \/>\n\t<meta name=\"twitter:data1\" content=\"1 minuto\" \/>\n<script type=\"application\/ld+json\" class=\"yoast-schema-graph\">{\"@context\":\"https:\/\/schema.org\",\"@graph\":[{\"@type\":\"WebSite\",\"@id\":\"https:\/\/www.radoux.fr\/es\/#website\",\"url\":\"https:\/\/www.radoux.fr\/es\/\",\"name\":\"Tonnellerie Radoux (Spanish version)\",\"description\":\"\",\"potentialAction\":[{\"@type\":\"SearchAction\",\"target\":{\"@type\":\"EntryPoint\",\"urlTemplate\":\"https:\/\/www.radoux.fr\/es\/?s={search_term_string}\"},\"query-input\":\"required name=search_term_string\"}],\"inLanguage\":\"es\"},{\"@type\":\"WebPage\",\"@id\":\"https:\/\/www.radoux.fr\/es\/maestria\/pronektar\/\",\"url\":\"https:\/\/www.radoux.fr\/es\/maestria\/pronektar\/\",\"name\":\"Pronektar - Chips y duelas de caldiad toneler\u00eda - Radoux\",\"isPartOf\":{\"@id\":\"https:\/\/www.radoux.fr\/es\/#website\"},\"datePublished\":\"2014-04-30T14:53:36+00:00\",\"dateModified\":\"2014-09-25T08:53:14+00:00\",\"description\":\"PRONEKTAR ofrece a los elaboradores de vino del mundo entero una gama de \u201cCHIPS\u201d y duelas de \u201ccalidad toneler\u00eda\u201d.\",\"breadcrumb\":{\"@id\":\"https:\/\/www.radoux.fr\/es\/maestria\/pronektar\/#breadcrumb\"},\"inLanguage\":\"es\",\"potentialAction\":[{\"@type\":\"ReadAction\",\"target\":[\"https:\/\/www.radoux.fr\/es\/maestria\/pronektar\/\"]}]},{\"@type\":\"BreadcrumbList\",\"@id\":\"https:\/\/www.radoux.fr\/es\/maestria\/pronektar\/#breadcrumb\",\"itemListElement\":[{\"@type\":\"ListItem\",\"position\":1,\"name\":\"Accueil\",\"item\":\"https:\/\/www.radoux.fr\/es\/\"},{\"@type\":\"ListItem\",\"position\":2,\"name\":\"Maestr\u00eda\",\"item\":\"http:\/\/www.radoux.fr\/es\/maestria\/las-barricas\/\"},{\"@type\":\"ListItem\",\"position\":3,\"name\":\"Pronektar\"}]}]}<\/script>\n<!-- \/ Yoast SEO plugin. -->","yoast_head_json":{"title":"Pronektar - Chips y duelas de caldiad toneler\u00eda - Radoux","description":"PRONEKTAR ofrece a los elaboradores de vino del mundo entero una gama de \u201cCHIPS\u201d y duelas de \u201ccalidad toneler\u00eda\u201d.","robots":{"index":"index","follow":"follow","max-snippet":"max-snippet:-1","max-image-preview":"max-image-preview:large","max-video-preview":"max-video-preview:-1"},"canonical":"https:\/\/www.radoux.fr\/es\/maestria\/pronektar\/","og_locale":"es_ES","og_type":"article","og_title":"Pronektar - Chips y duelas de caldiad toneler\u00eda - Radoux","og_description":"PRONEKTAR ofrece a los elaboradores de vino del mundo entero una gama de \u201cCHIPS\u201d y duelas de \u201ccalidad toneler\u00eda\u201d.","og_url":"https:\/\/www.radoux.fr\/es\/maestria\/pronektar\/","og_site_name":"Tonnellerie Radoux (Spanish version)","article_modified_time":"2014-09-25T08:53:14+00:00","og_image":[{"width":1280,"height":343,"url":"https:\/\/www.radoux.fr\/es\/wp-content\/uploads\/sites\/3\/2014\/07\/staves-entete1.jpg","type":"image\/jpeg"}],"twitter_misc":{"Tiempo de lectura":"1 minuto"},"schema":{"@context":"https:\/\/schema.org","@graph":[{"@type":"WebSite","@id":"https:\/\/www.radoux.fr\/es\/#website","url":"https:\/\/www.radoux.fr\/es\/","name":"Tonnellerie Radoux (Spanish version)","description":"","potentialAction":[{"@type":"SearchAction","target":{"@type":"EntryPoint","urlTemplate":"https:\/\/www.radoux.fr\/es\/?s={search_term_string}"},"query-input":"required name=search_term_string"}],"inLanguage":"es"},{"@type":"WebPage","@id":"https:\/\/www.radoux.fr\/es\/maestria\/pronektar\/","url":"https:\/\/www.radoux.fr\/es\/maestria\/pronektar\/","name":"Pronektar - Chips y duelas de caldiad toneler\u00eda - Radoux","isPartOf":{"@id":"https:\/\/www.radoux.fr\/es\/#website"},"datePublished":"2014-04-30T14:53:36+00:00","dateModified":"2014-09-25T08:53:14+00:00","description":"PRONEKTAR ofrece a los elaboradores de vino del mundo entero una gama de \u201cCHIPS\u201d y duelas de \u201ccalidad toneler\u00eda\u201d.","breadcrumb":{"@id":"https:\/\/www.radoux.fr\/es\/maestria\/pronektar\/#breadcrumb"},"inLanguage":"es","potentialAction":[{"@type":"ReadAction","target":["https:\/\/www.radoux.fr\/es\/maestria\/pronektar\/"]}]},{"@type":"BreadcrumbList","@id":"https:\/\/www.radoux.fr\/es\/maestria\/pronektar\/#breadcrumb","itemListElement":[{"@type":"ListItem","position":1,"name":"Accueil","item":"https:\/\/www.radoux.fr\/es\/"},{"@type":"ListItem","position":2,"name":"Maestr\u00eda","item":"http:\/\/www.radoux.fr\/es\/maestria\/las-barricas\/"},{"@type":"ListItem","position":3,"name":"Pronektar"}]}]}},"_links":{"self":[{"href":"https:\/\/www.radoux.fr\/es\/wp-json\/wp\/v2\/pages\/62"}],"collection":[{"href":"https:\/\/www.radoux.fr\/es\/wp-json\/wp\/v2\/pages"}],"about":[{"href":"https:\/\/www.radoux.fr\/es\/wp-json\/wp\/v2\/types\/page"}],"author":[{"embeddable":true,"href":"https:\/\/www.radoux.fr\/es\/wp-json\/wp\/v2\/users\/1"}],"replies":[{"embeddable":true,"href":"https:\/\/www.radoux.fr\/es\/wp-json\/wp\/v2\/comments?post=62"}],"version-history":[{"count":2,"href":"https:\/\/www.radoux.fr\/es\/wp-json\/wp\/v2\/pages\/62\/revisions"}],"predecessor-version":[{"id":1282,"href":"https:\/\/www.radoux.fr\/es\/wp-json\/wp\/v2\/pages\/62\/revisions\/1282"}],"up":[{"embeddable":true,"href":"https:\/\/www.radoux.fr\/es\/wp-json\/wp\/v2\/pages\/56"}],"wp:featuredmedia":[{"embeddable":true,"href":"https:\/\/www.radoux.fr\/es\/wp-json\/wp\/v2\/media\/993"}],"wp:attachment":[{"href":"https:\/\/www.radoux.fr\/es\/wp-json\/wp\/v2\/media?parent=62"}],"curies":[{"name":"wp","href":"https:\/\/api.w.org\/{rel}","templated":true}]}}