{"id":60,"date":"2014-04-30T15:53:24","date_gmt":"2014-04-30T14:53:24","guid":{"rendered":"http:\/\/radoux.dev\/?page_id=60"},"modified":"2023-02-13T11:09:59","modified_gmt":"2023-02-13T10:09:59","slug":"tinas-foudres-radoux","status":"publish","type":"page","link":"https:\/\/www.radoux.fr\/es\/maestria\/tinas-foudres-radoux\/","title":{"rendered":"Tinas y \u201cfoudres\u201d"},"content":{"rendered":"<div id=\"pl-60\"  class=\"panel-layout\" ><div id=\"pg-60-0\"  class=\"panel-grid panel-no-style\" ><div id=\"pgc-60-0-0\"  class=\"panel-grid-cell panel-grid-cell-mobile-last\" ><div id=\"panel-60-0-0-0\" class=\"so-panel widget widget_text panel-first-child panel-last-child\" data-index=\"0\" >\t\t\t<div class=\"textwidget\"><p>Heredero de una tradici\u00f3n ancestral, Radoux es uno de los raros toneleros que ha conservado y desarrollado el oficio de cubero. Tomando conceptos de t\u00e9cnicas espec\u00edficas de ebanister\u00eda y carpinter\u00eda, este arte de envergadura se inscribe en la gran tradici\u00f3n artesanal francesa. Radoux, experto desde hace 75 a\u00f1os en la fabricaci\u00f3n de tinas y \u201cfoudres\u201d para crianza y fermentaci\u00f3n de vinos y licores dispone de una experiencia \u00fanica que al\u00eda tradici\u00f3n y dise\u00f1o.<\/p>\n\n<p> Tanto para la vinificaci\u00f3n como para la crianza, las tinas y los \u201cfoudres\u201d de roble ofrecen todas las cualidades de higiene y seguridad. Estos contenedores de prestigio confieren al vino un aporte arom\u00e1tico sutil, una inercia t\u00e9rmica inigualable y una micro-oxigenaci\u00f3n \u00fanica. Por su empaque, estos contenedores constituyen un vector de imagen y de comunicaci\u00f3n sin igual.<\/p>\n\n<a class=\"file\" href=\"https:\/\/www.radoux.fr\/es\/wp-content\/uploads\/sites\/3\/2023\/02\/Fiche-Athenis-SP-Email_compressed.pdf\" target=\"_blank\" rel=\"noopener\">Descargar el folleto del fudre conectado Athenis<\/a>\n<\/div>\n\t\t<\/div><\/div><div id=\"pgc-60-0-1\"  class=\"panel-grid-cell panel-grid-cell-empty\" ><\/div><\/div><div id=\"pg-60-1\"  class=\"panel-grid panel-no-style\" ><div id=\"pgc-60-1-0\"  class=\"panel-grid-cell\" ><div id=\"panel-60-1-0-0\" class=\"so-panel widget widget_siteorigin-panels-image panel-first-child panel-last-child\" data-index=\"1\" ><img src=\"http:\/\/www.radoux.fr\/wp-content\/uploads\/2014\/06\/range-de-cuves-radoux.jpg\" \/><\/div><\/div><div id=\"pgc-60-1-1\"  class=\"panel-grid-cell\" ><div id=\"panel-60-1-1-0\" class=\"so-panel widget widget_siteorigin-panels-image panel-first-child panel-last-child\" data-index=\"2\" ><img src=\"http:\/\/www.radoux.fr\/wp-content\/uploads\/2014\/06\/foudres-radoux.jpg\" \/><\/div><\/div><\/div><div id=\"pg-60-2\"  class=\"panel-grid panel-no-style\" ><div id=\"pgc-60-2-0\"  class=\"panel-grid-cell\" ><div id=\"panel-60-2-0-0\" class=\"so-panel widget widget_text panel-first-child panel-last-child\" data-index=\"3\" >\t\t\t<div class=\"textwidget\"><p><div class=\"radoux-share shortcode center\">\n        <strong>Partager<\/strong>\n    <ul>\n        <li class=\"facebook\"><a href=\"https:\/\/www.facebook.com\/sharer\/sharer.php?u=\" target=\"_blank\" class=\"dashicons dashicons-facebook-alt\" rel=\"noopener\"><span>Partager sur Facebook<\/span><\/a><\/li>\n        <li class=\"twitter\"><a href=\"https:\/\/twitter.com\/home?status=\" target=\"_blank\" class=\"dashicons dashicons-twitter\" rel=\"noopener\"><span>Partager sur Twitter<\/span><\/a><\/li>\n    <\/ul>\n<\/div><\/p>\n\n\n\n<\/div>\n\t\t<\/div><\/div><\/div><\/div>","protected":false},"excerpt":{"rendered":"<p>Radoux, cubero artesano desde 1947.<\/p>\n","protected":false},"author":1,"featured_media":679,"parent":56,"menu_order":2,"comment_status":"open","ping_status":"open","template":"template-black.php","meta":{"_links_to":"","_links_to_target":""},"yoast_head":"<!-- This site is optimized with the Yoast SEO plugin v19.4 - https:\/\/yoast.com\/wordpress\/plugins\/seo\/ -->\n<title>Tinas y \u201cfoudres\u201d - Toneler\u00eda Radoux<\/title>\n<meta name=\"description\" content=\"Heredero de una tradici\u00f3n ancestral, Radoux es uno de los raros toneleros que ha conservado y desarrollado el oficio de cubero.\" \/>\n<meta name=\"robots\" content=\"index, follow, max-snippet:-1, max-image-preview:large, max-video-preview:-1\" \/>\n<link rel=\"canonical\" href=\"https:\/\/www.radoux.fr\/es\/maestria\/tinas-foudres-radoux\/\" \/>\n<meta property=\"og:locale\" content=\"es_ES\" \/>\n<meta property=\"og:type\" content=\"article\" \/>\n<meta property=\"og:title\" content=\"Tinas y \u201cfoudres\u201d - Toneler\u00eda Radoux\" \/>\n<meta property=\"og:description\" content=\"Heredero de una tradici\u00f3n ancestral, Radoux es uno de los raros toneleros que ha conservado y desarrollado el oficio de cubero.\" \/>\n<meta property=\"og:url\" content=\"https:\/\/www.radoux.fr\/es\/maestria\/tinas-foudres-radoux\/\" \/>\n<meta property=\"og:site_name\" content=\"Tonnellerie Radoux (Spanish version)\" \/>\n<meta property=\"article:modified_time\" content=\"2023-02-13T10:09:59+00:00\" \/>\n<meta property=\"og:image\" content=\"https:\/\/www.radoux.fr\/es\/wp-content\/uploads\/sites\/3\/2014\/04\/header-cuves-et-foudres1.jpg\" \/>\n\t<meta property=\"og:image:width\" content=\"1280\" \/>\n\t<meta property=\"og:image:height\" content=\"343\" \/>\n\t<meta property=\"og:image:type\" content=\"image\/jpeg\" \/>\n<meta name=\"twitter:label1\" content=\"Tiempo de lectura\" \/>\n\t<meta name=\"twitter:data1\" content=\"1 minuto\" \/>\n<script type=\"application\/ld+json\" class=\"yoast-schema-graph\">{\"@context\":\"https:\/\/schema.org\",\"@graph\":[{\"@type\":\"WebSite\",\"@id\":\"https:\/\/www.radoux.fr\/es\/#website\",\"url\":\"https:\/\/www.radoux.fr\/es\/\",\"name\":\"Tonnellerie Radoux (Spanish version)\",\"description\":\"\",\"potentialAction\":[{\"@type\":\"SearchAction\",\"target\":{\"@type\":\"EntryPoint\",\"urlTemplate\":\"https:\/\/www.radoux.fr\/es\/?s={search_term_string}\"},\"query-input\":\"required name=search_term_string\"}],\"inLanguage\":\"es\"},{\"@type\":\"WebPage\",\"@id\":\"https:\/\/www.radoux.fr\/es\/maestria\/tinas-foudres-radoux\/\",\"url\":\"https:\/\/www.radoux.fr\/es\/maestria\/tinas-foudres-radoux\/\",\"name\":\"Tinas y \u201cfoudres\u201d - Toneler\u00eda Radoux\",\"isPartOf\":{\"@id\":\"https:\/\/www.radoux.fr\/es\/#website\"},\"datePublished\":\"2014-04-30T14:53:24+00:00\",\"dateModified\":\"2023-02-13T10:09:59+00:00\",\"description\":\"Heredero de una tradici\u00f3n ancestral, Radoux es uno de los raros toneleros que ha conservado y desarrollado el oficio de cubero.\",\"breadcrumb\":{\"@id\":\"https:\/\/www.radoux.fr\/es\/maestria\/tinas-foudres-radoux\/#breadcrumb\"},\"inLanguage\":\"es\",\"potentialAction\":[{\"@type\":\"ReadAction\",\"target\":[\"https:\/\/www.radoux.fr\/es\/maestria\/tinas-foudres-radoux\/\"]}]},{\"@type\":\"BreadcrumbList\",\"@id\":\"https:\/\/www.radoux.fr\/es\/maestria\/tinas-foudres-radoux\/#breadcrumb\",\"itemListElement\":[{\"@type\":\"ListItem\",\"position\":1,\"name\":\"Accueil\",\"item\":\"https:\/\/www.radoux.fr\/es\/\"},{\"@type\":\"ListItem\",\"position\":2,\"name\":\"Maestr\u00eda\",\"item\":\"http:\/\/www.radoux.fr\/es\/maestria\/las-barricas\/\"},{\"@type\":\"ListItem\",\"position\":3,\"name\":\"Tinas y \u201cfoudres\u201d\"}]}]}<\/script>\n<!-- \/ Yoast SEO plugin. -->","yoast_head_json":{"title":"Tinas y \u201cfoudres\u201d - Toneler\u00eda Radoux","description":"Heredero de una tradici\u00f3n ancestral, Radoux es uno de los raros toneleros que ha conservado y desarrollado el oficio de cubero.","robots":{"index":"index","follow":"follow","max-snippet":"max-snippet:-1","max-image-preview":"max-image-preview:large","max-video-preview":"max-video-preview:-1"},"canonical":"https:\/\/www.radoux.fr\/es\/maestria\/tinas-foudres-radoux\/","og_locale":"es_ES","og_type":"article","og_title":"Tinas y \u201cfoudres\u201d - Toneler\u00eda Radoux","og_description":"Heredero de una tradici\u00f3n ancestral, Radoux es uno de los raros toneleros que ha conservado y desarrollado el oficio de cubero.","og_url":"https:\/\/www.radoux.fr\/es\/maestria\/tinas-foudres-radoux\/","og_site_name":"Tonnellerie Radoux (Spanish version)","article_modified_time":"2023-02-13T10:09:59+00:00","og_image":[{"width":1280,"height":343,"url":"https:\/\/www.radoux.fr\/es\/wp-content\/uploads\/sites\/3\/2014\/04\/header-cuves-et-foudres1.jpg","type":"image\/jpeg"}],"twitter_misc":{"Tiempo de lectura":"1 minuto"},"schema":{"@context":"https:\/\/schema.org","@graph":[{"@type":"WebSite","@id":"https:\/\/www.radoux.fr\/es\/#website","url":"https:\/\/www.radoux.fr\/es\/","name":"Tonnellerie Radoux (Spanish version)","description":"","potentialAction":[{"@type":"SearchAction","target":{"@type":"EntryPoint","urlTemplate":"https:\/\/www.radoux.fr\/es\/?s={search_term_string}"},"query-input":"required name=search_term_string"}],"inLanguage":"es"},{"@type":"WebPage","@id":"https:\/\/www.radoux.fr\/es\/maestria\/tinas-foudres-radoux\/","url":"https:\/\/www.radoux.fr\/es\/maestria\/tinas-foudres-radoux\/","name":"Tinas y \u201cfoudres\u201d - Toneler\u00eda Radoux","isPartOf":{"@id":"https:\/\/www.radoux.fr\/es\/#website"},"datePublished":"2014-04-30T14:53:24+00:00","dateModified":"2023-02-13T10:09:59+00:00","description":"Heredero de una tradici\u00f3n ancestral, Radoux es uno de los raros toneleros que ha conservado y desarrollado el oficio de cubero.","breadcrumb":{"@id":"https:\/\/www.radoux.fr\/es\/maestria\/tinas-foudres-radoux\/#breadcrumb"},"inLanguage":"es","potentialAction":[{"@type":"ReadAction","target":["https:\/\/www.radoux.fr\/es\/maestria\/tinas-foudres-radoux\/"]}]},{"@type":"BreadcrumbList","@id":"https:\/\/www.radoux.fr\/es\/maestria\/tinas-foudres-radoux\/#breadcrumb","itemListElement":[{"@type":"ListItem","position":1,"name":"Accueil","item":"https:\/\/www.radoux.fr\/es\/"},{"@type":"ListItem","position":2,"name":"Maestr\u00eda","item":"http:\/\/www.radoux.fr\/es\/maestria\/las-barricas\/"},{"@type":"ListItem","position":3,"name":"Tinas y \u201cfoudres\u201d"}]}]}},"_links":{"self":[{"href":"https:\/\/www.radoux.fr\/es\/wp-json\/wp\/v2\/pages\/60"}],"collection":[{"href":"https:\/\/www.radoux.fr\/es\/wp-json\/wp\/v2\/pages"}],"about":[{"href":"https:\/\/www.radoux.fr\/es\/wp-json\/wp\/v2\/types\/page"}],"author":[{"embeddable":true,"href":"https:\/\/www.radoux.fr\/es\/wp-json\/wp\/v2\/users\/1"}],"replies":[{"embeddable":true,"href":"https:\/\/www.radoux.fr\/es\/wp-json\/wp\/v2\/comments?post=60"}],"version-history":[{"count":22,"href":"https:\/\/www.radoux.fr\/es\/wp-json\/wp\/v2\/pages\/60\/revisions"}],"predecessor-version":[{"id":1622,"href":"https:\/\/www.radoux.fr\/es\/wp-json\/wp\/v2\/pages\/60\/revisions\/1622"}],"up":[{"embeddable":true,"href":"https:\/\/www.radoux.fr\/es\/wp-json\/wp\/v2\/pages\/56"}],"wp:featuredmedia":[{"embeddable":true,"href":"https:\/\/www.radoux.fr\/es\/wp-json\/wp\/v2\/media\/679"}],"wp:attachment":[{"href":"https:\/\/www.radoux.fr\/es\/wp-json\/wp\/v2\/media?parent=60"}],"curies":[{"name":"wp","href":"https:\/\/api.w.org\/{rel}","templated":true}]}}