{"id":48,"date":"2014-04-30T15:52:09","date_gmt":"2014-04-30T14:52:09","guid":{"rendered":"http:\/\/radoux.dev\/?page_id=48"},"modified":"2019-07-01T09:40:42","modified_gmt":"2019-07-01T08:40:42","slug":"tostado","status":"publish","type":"page","link":"https:\/\/www.radoux.fr\/es\/savoir-faire\/tostado\/","title":{"rendered":"El tostado"},"content":{"rendered":"<div id=\"pl-48\"  class=\"panel-layout\" ><div id=\"pg-48-0\"  class=\"panel-grid panel-no-style\" ><div id=\"pgc-48-0-0\"  class=\"panel-grid-cell panel-grid-cell-mobile-last\" ><div id=\"panel-48-0-0-0\" class=\"so-panel widget widget_black-studio-tinymce widget_black_studio_tinymce panel-first-child panel-last-child\" data-index=\"0\" ><div class=\"textwidget\"><p><span class=\"intro\">El dominio del tostado es un par\u00e1metro fundamental para la expresi\u00f3n del potencial organol\u00e9ptico de la madera.<\/span><\/p>\n<p>Radoux concilia la tradici\u00f3n artesanal y exclusivamente manual (control visual de las duelas, colocaci\u00f3n de los fondos, tostado\u2026) con un alto dominio tecnol\u00f3gico que garantiza una calidad, una homogeneidad y una regularidad perfectas de sus barricas.<\/p>\n<p>Seg\u00fan la duraci\u00f3n de la fase de <a href=\"https:\/\/www.radoux.fr\/es\/savoir-faire\/arte-del-maestro-tonelero\/#bousinage\">\u201cbousinage\u201d<\/a>, el tostado puede ser Ligero, Medio, Medio+ o Fuerte. Cada nivel de intensidad procura a la madera un perfil qu\u00edmico diferente, que potenciar\u00e1 distintos aromas de torrefacci\u00f3n, de especias, da vainilla o de coco.<\/p><\/div><\/div><\/div><div id=\"pgc-48-0-1\"  class=\"panel-grid-cell panel-grid-cell-empty\" ><\/div><\/div><div id=\"pg-48-1\"  class=\"panel-grid panel-no-style\" ><div id=\"pgc-48-1-0\"  class=\"panel-grid-cell\" ><div id=\"panel-48-1-0-0\" class=\"so-panel widget widget_black-studio-tinymce widget_black_studio_tinymce panel-first-child panel-last-child\" data-index=\"1\" ><div class=\"textwidget\"><p><img class=\"aligncenter size-full wp-image-318\" src=\"http:\/\/www.radoux.fr\/wp-content\/uploads\/2014\/05\/la_chauffe.jpg\" alt=\"la chauffe\" width=\"634\" height=\"422\" \/><\/p><\/div><\/div><\/div><div id=\"pgc-48-1-1\"  class=\"panel-grid-cell\" ><div id=\"panel-48-1-1-0\" class=\"so-panel widget widget_black-studio-tinymce widget_black_studio_tinymce panel-first-child panel-last-child\" data-index=\"2\" ><div class=\"textwidget\"><p><img class=\"aligncenter size-full wp-image-832\" src=\"http:\/\/www.radoux.fr\/wp-content\/uploads\/2014\/06\/tonnelier-chauffe.jpg\" alt=\"Ma\u00eetre Tonnelier\" width=\"310\" height=\"410\" \/><\/p><\/div><\/div><\/div><\/div><div id=\"pg-48-2\"  class=\"panel-grid panel-no-style\" ><div id=\"pgc-48-2-0\"  class=\"panel-grid-cell panel-grid-cell-mobile-last\" ><div id=\"panel-48-2-0-0\" class=\"so-panel widget widget_black-studio-tinymce widget_black_studio_tinymce panel-first-child panel-last-child\" data-index=\"3\" ><div class=\"textwidget\"><h3>Una paleta de tostados<\/h3>\n<p><span class=\"intro\">Hoy en d\u00eda, adem\u00e1s de los diferentes niveles de tostados Tonnellerie Radoux ha puesto a punto t\u00e9cnicas espec\u00edficas para ofrecer seis gamas distintas: \"Pure\", \"R\u00e9v\u00e9lation\", \"Evolution\", \"Classique\", \"Fuerte\" e \"Int\u00e9gration\".\n<\/span><br \/><br \/>Estos tostados originales han sido estudiados para aportar al vino, en funci\u00f3n de la variedad, el tiempo de crianza y la selecci\u00f3n de madera, notas de madera m\u00e1s o menos discretas y ua carga t\u00e1nica suave o estructurante. Combinados con los diferentes niveles, ofrecen una amplia paleta de tostados, tanto para los tintos como para los blancos y los espirituosos.<\/p><\/div><\/div><\/div><div id=\"pgc-48-2-1\"  class=\"panel-grid-cell panel-grid-cell-empty\" ><\/div><\/div><div id=\"pg-48-3\"  class=\"panel-grid panel-no-style\" ><div id=\"pgc-48-3-0\"  class=\"panel-grid-cell\" ><div id=\"panel-48-3-0-0\" class=\"so-panel widget widget_black-studio-tinymce widget_black_studio_tinymce panel-first-child panel-last-child\" data-index=\"4\" ><div class=\"textwidget\"><p><a class=\"file\" href=\"https:\/\/www.radoux.fr\/es\/wp-content\/uploads\/sites\/3\/2019\/06\/Tostados-para-vino-tinto-Radoux.pdf\" target=\"_blank\">Tostados para vino Tinto<\/a><\/p>\n<p><a class=\"file\" href=\"https:\/\/www.radoux.fr\/es\/wp-content\/uploads\/sites\/3\/2019\/06\/Tostados-para-vino-blanco-Radoux.pdf\" target=\"_blank\">Tostados para vino Blanco<\/a><\/p><\/div><\/div><\/div><div id=\"pgc-48-3-1\"  class=\"panel-grid-cell\" ><div id=\"panel-48-3-1-0\" class=\"so-panel widget widget_black-studio-tinymce widget_black_studio_tinymce panel-first-child panel-last-child\" data-index=\"5\" ><div class=\"textwidget\"><p><a class=\"file\" href=\"https:\/\/www.radoux.fr\/es\/wp-content\/uploads\/sites\/3\/2019\/06\/Tostados-para-espirituosos-Radoux.pdf\" target=\"_blank\">Tostados para Espirituosos<\/a><\/p>\n<p><a class=\"file\" href=\"https:\/\/www.radoux.fr\/es\/wp-content\/uploads\/sites\/3\/2019\/06\/Tostados-para-roble-americano-Radoux.pdf\" target=\"_blank\">Tostados para roble Americano<\/a><\/p><\/div><\/div><\/div><\/div><div id=\"pg-48-4\"  class=\"panel-grid panel-no-style\" ><div id=\"pgc-48-4-0\"  class=\"panel-grid-cell panel-grid-cell-mobile-last\" ><div id=\"panel-48-4-0-0\" class=\"so-panel widget widget_black-studio-tinymce widget_black_studio_tinymce panel-first-child panel-last-child\" data-index=\"6\" ><div class=\"textwidget\"><p><span class=\"titre-chauffe\">Tabla de recomendaciones<\/span>\n<p><span class=\"intro\">Hemos establecido una tipolog\u00eda que re\u00fane ocho perfiles de vino e indicamos, en funci\u00f3n de los objetivos enol\u00f3gicos buscados, las barricas de nuestra gama que mejor se adaptan a las caracter\u00edsticas requeridas:<\/span><br \/>\n<ul>\n\t<li>Perfil de vino tinto concentrado, maduro y equilibrado<\/li>\n\t<li>Perfil de vino tinto muy maduro<\/li>\n\t<li>Perfil de vino tinto varietal<\/li>\n\t<li>Perfil de vino tinto delicado<\/li>\n\t<li>Perfil de vino blanco delicado y varietal<\/li> \n\t<li>Perfil de vino blanco maduro y concentrado<\/li> \n\t<li>Perfil de vino generoso o vino dulce natural<\/li>\n\t<li>Espirituoso<\/li>\n<\/ul>\n<p>Estos perfiles han sido determinados en funci\u00f3n de las variedades y de las caracter\u00edsticas en nariz y en boca de los vinos de partida. El tama\u00f1o de la barrica, el origen de la madera, la selecci\u00f3n de grano y la modalidad del tostado que nuestras recomendaciones aconsejan est\u00e1n dirigidos a obtener la intensidad arom\u00e1tica y estructurante \u00f3ptima. Tambi\u00e9n se indican los periodos de crianza m\u00e1s adecuados:<\/p>\n<ul>\n\t<li>Tostados m\u00e1s bien bajos para refrescar el vino\u2009;<\/li>\n\t<li>Tostados largos o intensos para ganar complejidad arom\u00e1tica y sucrosit\u00e9\u2009;<\/li>\n\t<li>Tostados medios para un buen equilibrio volumen \/ aroma\u2009;<\/li>\n\t<li>Barricas de gran volumen para reducir la relaci\u00f3n madera \/ vino\u2009;<\/li>\n<\/ul>\n<p>Esta lista no es exhaustiva y se puede adaptar seg\u00fan los estilos de vino esperados.<\/p><\/div><\/div><\/div><div id=\"pgc-48-4-1\"  class=\"panel-grid-cell panel-grid-cell-empty\" ><\/div><\/div><div id=\"pg-48-5\"  class=\"panel-grid panel-no-style\" ><div id=\"pgc-48-5-0\"  class=\"panel-grid-cell\" ><div id=\"panel-48-5-0-0\" class=\"so-panel widget widget_black-studio-tinymce widget_black_studio_tinymce panel-first-child panel-last-child\" data-index=\"7\" ><div class=\"textwidget\"><p><a class=\"file\" href=\"https:\/\/www.radoux.fr\/es\/wp-content\/uploads\/sites\/3\/2019\/06\/Tabla-de-recomendaciones-Radoux-vino-tinto.pdf\" target=\"_blank\">Tabla de recomendaciones para vino tinto<\/a><\/p>\n<p><a class=\"file\" href=\"https:\/\/www.radoux.fr\/es\/wp-content\/uploads\/sites\/3\/2019\/06\/Tabla-de-recomendaciones-Radoux-vino-blanco.pdf\" target=\"_blank\">Tabla de recomendaciones para vino blanco<\/a><\/p>\n<p><a class=\"file\" href=\"https:\/\/www.radoux.fr\/es\/wp-content\/uploads\/sites\/3\/2019\/06\/Tabla-de-recomendaciones-Radoux-espirituosos.pdf\" target=\"_blank\">Tabla de recomendaciones para espirituosos<\/a><\/p><\/div><\/div><\/div><\/div><div id=\"pg-48-6\"  class=\"panel-grid panel-no-style\" ><div id=\"pgc-48-6-0\"  class=\"panel-grid-cell\" ><div id=\"panel-48-6-0-0\" class=\"so-panel widget widget_text panel-first-child panel-last-child\" data-index=\"8\" >\t\t\t<div class=\"textwidget\"><p><div class=\"radoux-share shortcode center\">\n        <strong>Partager<\/strong>\n    <ul>\n        <li class=\"facebook\"><a href=\"https:\/\/www.facebook.com\/sharer\/sharer.php?u=\" target=\"_blank\" class=\"dashicons dashicons-facebook-alt\" rel=\"noopener\"><span>Partager sur Facebook<\/span><\/a><\/li>\n        <li class=\"twitter\"><a href=\"https:\/\/twitter.com\/home?status=\" target=\"_blank\" class=\"dashicons dashicons-twitter\" rel=\"noopener\"><span>Partager sur Twitter<\/span><\/a><\/li>\n    <\/ul>\n<\/div><\/p><\/div>\n\t\t<\/div><\/div><\/div><\/div>","protected":false},"excerpt":{"rendered":"<p>La firma del tonelero.<\/p>\n","protected":false},"author":1,"featured_media":176,"parent":18,"menu_order":3,"comment_status":"open","ping_status":"closed","template":"template-black.php","meta":{"_links_to":"","_links_to_target":""},"yoast_head":"<!-- This site is optimized with the Yoast SEO plugin v19.4 - https:\/\/yoast.com\/wordpress\/plugins\/seo\/ -->\n<title>El tostado - Toneler\u00eda Radoux<\/title>\n<meta name=\"description\" content=\"El tostado arom\u00e1tico es una etapa esencial en la producci\u00f3n de barricas de gran calidad.\" \/>\n<meta name=\"robots\" content=\"index, follow, max-snippet:-1, max-image-preview:large, max-video-preview:-1\" \/>\n<link rel=\"canonical\" href=\"https:\/\/www.radoux.fr\/es\/savoir-faire\/tostado\/\" \/>\n<meta property=\"og:locale\" content=\"es_ES\" \/>\n<meta property=\"og:type\" content=\"article\" \/>\n<meta property=\"og:title\" content=\"El tostado - Toneler\u00eda Radoux\" \/>\n<meta property=\"og:description\" content=\"El tostado arom\u00e1tico es una etapa esencial en la producci\u00f3n de barricas de gran calidad.\" \/>\n<meta property=\"og:url\" content=\"https:\/\/www.radoux.fr\/es\/savoir-faire\/tostado\/\" \/>\n<meta property=\"og:site_name\" content=\"Tonnellerie Radoux (Spanish version)\" \/>\n<meta property=\"article:modified_time\" content=\"2019-07-01T08:40:42+00:00\" \/>\n<meta property=\"og:image\" content=\"https:\/\/www.radoux.fr\/es\/wp-content\/uploads\/sites\/3\/2014\/04\/radoux-image-test1.jpg\" \/>\n\t<meta property=\"og:image:width\" content=\"1280\" \/>\n\t<meta property=\"og:image:height\" content=\"340\" \/>\n\t<meta property=\"og:image:type\" content=\"image\/jpeg\" \/>\n<meta name=\"twitter:label1\" content=\"Tiempo de lectura\" \/>\n\t<meta name=\"twitter:data1\" content=\"2 minutos\" \/>\n<script type=\"application\/ld+json\" class=\"yoast-schema-graph\">{\"@context\":\"https:\/\/schema.org\",\"@graph\":[{\"@type\":\"WebSite\",\"@id\":\"https:\/\/www.radoux.fr\/es\/#website\",\"url\":\"https:\/\/www.radoux.fr\/es\/\",\"name\":\"Tonnellerie Radoux (Spanish version)\",\"description\":\"\",\"potentialAction\":[{\"@type\":\"SearchAction\",\"target\":{\"@type\":\"EntryPoint\",\"urlTemplate\":\"https:\/\/www.radoux.fr\/es\/?s={search_term_string}\"},\"query-input\":\"required name=search_term_string\"}],\"inLanguage\":\"es\"},{\"@type\":\"WebPage\",\"@id\":\"https:\/\/www.radoux.fr\/es\/savoir-faire\/tostado\/\",\"url\":\"https:\/\/www.radoux.fr\/es\/savoir-faire\/tostado\/\",\"name\":\"El tostado - Toneler\u00eda Radoux\",\"isPartOf\":{\"@id\":\"https:\/\/www.radoux.fr\/es\/#website\"},\"datePublished\":\"2014-04-30T14:52:09+00:00\",\"dateModified\":\"2019-07-01T08:40:42+00:00\",\"description\":\"El tostado arom\u00e1tico es una etapa esencial en la producci\u00f3n de barricas de gran calidad.\",\"breadcrumb\":{\"@id\":\"https:\/\/www.radoux.fr\/es\/savoir-faire\/tostado\/#breadcrumb\"},\"inLanguage\":\"es\",\"potentialAction\":[{\"@type\":\"ReadAction\",\"target\":[\"https:\/\/www.radoux.fr\/es\/savoir-faire\/tostado\/\"]}]},{\"@type\":\"BreadcrumbList\",\"@id\":\"https:\/\/www.radoux.fr\/es\/savoir-faire\/tostado\/#breadcrumb\",\"itemListElement\":[{\"@type\":\"ListItem\",\"position\":1,\"name\":\"Accueil\",\"item\":\"https:\/\/www.radoux.fr\/es\/\"},{\"@type\":\"ListItem\",\"position\":2,\"name\":\"Savoir-faire\",\"item\":\"http:\/\/www.radoux.fr\/es\/savoir-faire\/nobleza-de-la-madera\/\"},{\"@type\":\"ListItem\",\"position\":3,\"name\":\"El tostado\"}]}]}<\/script>\n<!-- \/ Yoast SEO plugin. -->","yoast_head_json":{"title":"El tostado - Toneler\u00eda Radoux","description":"El tostado arom\u00e1tico es una etapa esencial en la producci\u00f3n de barricas de gran calidad.","robots":{"index":"index","follow":"follow","max-snippet":"max-snippet:-1","max-image-preview":"max-image-preview:large","max-video-preview":"max-video-preview:-1"},"canonical":"https:\/\/www.radoux.fr\/es\/savoir-faire\/tostado\/","og_locale":"es_ES","og_type":"article","og_title":"El tostado - Toneler\u00eda Radoux","og_description":"El tostado arom\u00e1tico es una etapa esencial en la producci\u00f3n de barricas de gran calidad.","og_url":"https:\/\/www.radoux.fr\/es\/savoir-faire\/tostado\/","og_site_name":"Tonnellerie Radoux (Spanish version)","article_modified_time":"2019-07-01T08:40:42+00:00","og_image":[{"width":1280,"height":340,"url":"https:\/\/www.radoux.fr\/es\/wp-content\/uploads\/sites\/3\/2014\/04\/radoux-image-test1.jpg","type":"image\/jpeg"}],"twitter_misc":{"Tiempo de lectura":"2 minutos"},"schema":{"@context":"https:\/\/schema.org","@graph":[{"@type":"WebSite","@id":"https:\/\/www.radoux.fr\/es\/#website","url":"https:\/\/www.radoux.fr\/es\/","name":"Tonnellerie Radoux (Spanish version)","description":"","potentialAction":[{"@type":"SearchAction","target":{"@type":"EntryPoint","urlTemplate":"https:\/\/www.radoux.fr\/es\/?s={search_term_string}"},"query-input":"required name=search_term_string"}],"inLanguage":"es"},{"@type":"WebPage","@id":"https:\/\/www.radoux.fr\/es\/savoir-faire\/tostado\/","url":"https:\/\/www.radoux.fr\/es\/savoir-faire\/tostado\/","name":"El tostado - Toneler\u00eda Radoux","isPartOf":{"@id":"https:\/\/www.radoux.fr\/es\/#website"},"datePublished":"2014-04-30T14:52:09+00:00","dateModified":"2019-07-01T08:40:42+00:00","description":"El tostado arom\u00e1tico es una etapa esencial en la producci\u00f3n de barricas de gran calidad.","breadcrumb":{"@id":"https:\/\/www.radoux.fr\/es\/savoir-faire\/tostado\/#breadcrumb"},"inLanguage":"es","potentialAction":[{"@type":"ReadAction","target":["https:\/\/www.radoux.fr\/es\/savoir-faire\/tostado\/"]}]},{"@type":"BreadcrumbList","@id":"https:\/\/www.radoux.fr\/es\/savoir-faire\/tostado\/#breadcrumb","itemListElement":[{"@type":"ListItem","position":1,"name":"Accueil","item":"https:\/\/www.radoux.fr\/es\/"},{"@type":"ListItem","position":2,"name":"Savoir-faire","item":"http:\/\/www.radoux.fr\/es\/savoir-faire\/nobleza-de-la-madera\/"},{"@type":"ListItem","position":3,"name":"El tostado"}]}]}},"_links":{"self":[{"href":"https:\/\/www.radoux.fr\/es\/wp-json\/wp\/v2\/pages\/48"}],"collection":[{"href":"https:\/\/www.radoux.fr\/es\/wp-json\/wp\/v2\/pages"}],"about":[{"href":"https:\/\/www.radoux.fr\/es\/wp-json\/wp\/v2\/types\/page"}],"author":[{"embeddable":true,"href":"https:\/\/www.radoux.fr\/es\/wp-json\/wp\/v2\/users\/1"}],"replies":[{"embeddable":true,"href":"https:\/\/www.radoux.fr\/es\/wp-json\/wp\/v2\/comments?post=48"}],"version-history":[{"count":12,"href":"https:\/\/www.radoux.fr\/es\/wp-json\/wp\/v2\/pages\/48\/revisions"}],"predecessor-version":[{"id":1528,"href":"https:\/\/www.radoux.fr\/es\/wp-json\/wp\/v2\/pages\/48\/revisions\/1528"}],"up":[{"embeddable":true,"href":"https:\/\/www.radoux.fr\/es\/wp-json\/wp\/v2\/pages\/18"}],"wp:featuredmedia":[{"embeddable":true,"href":"https:\/\/www.radoux.fr\/es\/wp-json\/wp\/v2\/media\/176"}],"wp:attachment":[{"href":"https:\/\/www.radoux.fr\/es\/wp-json\/wp\/v2\/media?parent=48"}],"curies":[{"name":"wp","href":"https:\/\/api.w.org\/{rel}","templated":true}]}}