{"id":17,"date":"2014-04-30T15:48:03","date_gmt":"2014-04-30T14:48:03","guid":{"rendered":"http:\/\/radoux.dev\/?page_id=16"},"modified":"2019-06-28T11:09:27","modified_gmt":"2019-06-28T10:09:27","slug":"grupo","status":"publish","type":"page","link":"https:\/\/www.radoux.fr\/es\/empresa\/grupo\/","title":{"rendered":"El grupo"},"content":{"rendered":"<div id=\"pl-17\"  class=\"panel-layout\" ><div id=\"pg-17-0\"  class=\"panel-grid panel-no-style\" ><div id=\"pgc-17-0-0\"  class=\"panel-grid-cell\" ><div id=\"panel-17-0-0-0\" class=\"so-panel widget widget_black-studio-tinymce widget_black_studio_tinymce panel-first-child panel-last-child\" data-index=\"0\" ><div class=\"textwidget\"><p>Desde et taller de reparaci\u00f3n de toneles instalado en Jonzac en 1947 hasta su entrada en el grupo TFF en 2012, Radoux ha sabido consagrarse como un gran nombre de la toneler\u00eda y conquistar a los grandes productores de vinos y espirituosos del mundo.<\/p>\n<div class=\"anchors\" style=\"margin-top: 50px;\"><strong>Historia<\/strong><a href=\"#historia\">Radoux en el mundo<\/a><a id=\"radoux-en-el-mundo\" name=\"radoux-en-el-mundo\"><\/a><\/div>\n<p>\n    <ul class=\"cbp_tmtimeline\">\n\n        \n            <li>\n\n                <time class=\"cbp_tmtime\"><span>1947<\/span><\/time>\n\n                <div class=\"cbp_tmicon\">\n                    <img width=\"96\" height=\"96\" src=\"https:\/\/www.radoux.fr\/es\/wp-content\/uploads\/sites\/3\/2014\/06\/tonnellerie-radoux-19641-96x96.jpg\" class=\"attachment-96x96 size-96x96 wp-post-image\" alt=\"Tonnellerie Radoux en 1964\" loading=\"lazy\" srcset=\"https:\/\/www.radoux.fr\/es\/wp-content\/uploads\/sites\/3\/2014\/06\/tonnellerie-radoux-19641-96x96.jpg 96w, https:\/\/www.radoux.fr\/es\/wp-content\/uploads\/sites\/3\/2014\/06\/tonnellerie-radoux-19641-150x150.jpg 150w, https:\/\/www.radoux.fr\/es\/wp-content\/uploads\/sites\/3\/2014\/06\/tonnellerie-radoux-19641.jpg 192w, https:\/\/www.radoux.fr\/es\/wp-content\/uploads\/sites\/3\/2014\/06\/tonnellerie-radoux-19641-60x60.jpg 60w\" sizes=\"(max-width: 96px) 100vw, 96px\" \/>                <\/div>\n\n                <div class=\"cbp_tmlabel\"><p>Creaci\u00f3n en Jonzac, por Robert Radoux, de un taller de reparaci\u00f3n de barricas, toneles y tinas.<\/p>\n<\/div>\n\n            <\/li>\n\n        \n            <li>\n\n                <time class=\"cbp_tmtime\"><span>1977<\/span><\/time>\n\n                <div class=\"cbp_tmicon\">\n                    <img width=\"96\" height=\"96\" src=\"https:\/\/www.radoux.fr\/es\/wp-content\/uploads\/sites\/3\/2014\/06\/tonnellerie-radoux-19791-96x96.jpg\" class=\"attachment-96x96 size-96x96 wp-post-image\" alt=\"Tonnellerie Radoux en 1979\" loading=\"lazy\" srcset=\"https:\/\/www.radoux.fr\/es\/wp-content\/uploads\/sites\/3\/2014\/06\/tonnellerie-radoux-19791-96x96.jpg 96w, https:\/\/www.radoux.fr\/es\/wp-content\/uploads\/sites\/3\/2014\/06\/tonnellerie-radoux-19791-150x150.jpg 150w, https:\/\/www.radoux.fr\/es\/wp-content\/uploads\/sites\/3\/2014\/06\/tonnellerie-radoux-19791.jpg 192w, https:\/\/www.radoux.fr\/es\/wp-content\/uploads\/sites\/3\/2014\/06\/tonnellerie-radoux-19791-60x60.jpg 60w\" sizes=\"(max-width: 96px) 100vw, 96px\" \/>                <\/div>\n\n                <div class=\"cbp_tmlabel\"><p>Su hijo, Christian Radoux, maestro tonelero y Compagnon du Devoir, toma y desarrolla el taller.<\/p>\n<\/div>\n\n            <\/li>\n\n        \n            <li>\n\n                <time class=\"cbp_tmtime\"><span>1982<\/span><\/time>\n\n                <div class=\"cbp_tmicon\">\n                    <img width=\"96\" height=\"96\" src=\"https:\/\/www.radoux.fr\/es\/wp-content\/uploads\/sites\/3\/2014\/06\/logo-radoux1-96x96.png\" class=\"attachment-96x96 size-96x96 wp-post-image\" alt=\"logo radoux\" loading=\"lazy\" srcset=\"https:\/\/www.radoux.fr\/es\/wp-content\/uploads\/sites\/3\/2014\/06\/logo-radoux1-96x96.png 96w, https:\/\/www.radoux.fr\/es\/wp-content\/uploads\/sites\/3\/2014\/06\/logo-radoux1-150x150.png 150w, https:\/\/www.radoux.fr\/es\/wp-content\/uploads\/sites\/3\/2014\/06\/logo-radoux1.png 192w, https:\/\/www.radoux.fr\/es\/wp-content\/uploads\/sites\/3\/2014\/06\/logo-radoux1-60x60.png 60w\" sizes=\"(max-width: 96px) 100vw, 96px\" \/>                <\/div>\n\n                <div class=\"cbp_tmlabel\"><p>Christian Radoux crea la S.A. Tonnellerie Radoux.<\/p>\n<\/div>\n\n            <\/li>\n\n        \n            <li>\n\n                <time class=\"cbp_tmtime\"><span>1987<\/span><\/time>\n\n                <div class=\"cbp_tmicon\">\n                    <img width=\"96\" height=\"96\" src=\"https:\/\/www.radoux.fr\/es\/wp-content\/uploads\/sites\/3\/2014\/06\/sciage-du-berry1-96x96.jpg\" class=\"attachment-96x96 size-96x96 wp-post-image\" alt=\"Merranderie Sciage du Berry\" loading=\"lazy\" srcset=\"https:\/\/www.radoux.fr\/es\/wp-content\/uploads\/sites\/3\/2014\/06\/sciage-du-berry1-96x96.jpg 96w, https:\/\/www.radoux.fr\/es\/wp-content\/uploads\/sites\/3\/2014\/06\/sciage-du-berry1-150x150.jpg 150w, https:\/\/www.radoux.fr\/es\/wp-content\/uploads\/sites\/3\/2014\/06\/sciage-du-berry1.jpg 192w, https:\/\/www.radoux.fr\/es\/wp-content\/uploads\/sites\/3\/2014\/06\/sciage-du-berry1-60x60.jpg 60w\" sizes=\"(max-width: 96px) 100vw, 96px\" \/>                <\/div>\n\n                <div class=\"cbp_tmlabel\"><p>Radoux crea sa propia serrer\u00eda, Sciage du Berry S.A.S., con el fin de controlar  desde el origen sus aprovisionamientos.<\/p>\n<\/div>\n\n            <\/li>\n\n        \n            <li>\n\n                <time class=\"cbp_tmtime\"><span>1994<\/span><\/time>\n\n                <div class=\"cbp_tmicon\">\n                    <img width=\"96\" height=\"96\" src=\"https:\/\/www.radoux.fr\/es\/wp-content\/uploads\/sites\/3\/2014\/09\/drapeau-usa1-96x96.png\" class=\"attachment-96x96 size-96x96 wp-post-image\" alt=\"drapeau USA\" loading=\"lazy\" srcset=\"https:\/\/www.radoux.fr\/es\/wp-content\/uploads\/sites\/3\/2014\/09\/drapeau-usa1.png 96w, https:\/\/www.radoux.fr\/es\/wp-content\/uploads\/sites\/3\/2014\/09\/drapeau-usa1-60x60.png 60w\" sizes=\"(max-width: 96px) 100vw, 96px\" \/>                <\/div>\n\n                <div class=\"cbp_tmlabel\"><p>Creaci\u00f3n de dos nuevas filiales: Toneler\u00eda Victoria en Espa\u00f1a (Rioja-Haro) y Tonnellerie Radoux INC en California (Santa-Rosa).<\/p>\n<\/div>\n\n            <\/li>\n\n        \n            <li>\n\n                <time class=\"cbp_tmtime\"><span>2012<\/span><\/time>\n\n                <div class=\"cbp_tmicon\">\n                    <img width=\"96\" height=\"96\" src=\"https:\/\/www.radoux.fr\/es\/wp-content\/uploads\/sites\/3\/2014\/06\/logo-tff1-96x96.png\" class=\"attachment-96x96 size-96x96 wp-post-image\" alt=\"\" loading=\"lazy\" srcset=\"https:\/\/www.radoux.fr\/es\/wp-content\/uploads\/sites\/3\/2014\/06\/logo-tff1.png 96w, https:\/\/www.radoux.fr\/es\/wp-content\/uploads\/sites\/3\/2014\/06\/logo-tff1-60x60.png 60w\" sizes=\"(max-width: 96px) 100vw, 96px\" \/>                <\/div>\n\n                <div class=\"cbp_tmlabel\"><p>Tonnellerie Radoux se incorpora al Grupo TFF, l\u00edder mundial incontestable de todo lo relacionado con la madera para crianza de vinos y espirituosos, as\u00ed como de las aplicaciones de madera para enolog\u00eda.<\/p>\n<\/div>\n\n            <\/li>\n\n        \n    <\/ul>\n\n<\/p><\/div><\/div><\/div><\/div><div id=\"pg-17-1\"  class=\"panel-grid panel-no-style\" ><div id=\"pgc-17-1-0\"  class=\"panel-grid-cell\" ><div id=\"panel-17-1-0-0\" class=\"so-panel widget widget_black-studio-tinymce widget_black_studio_tinymce panel-first-child panel-last-child\" data-index=\"1\" ><div class=\"textwidget\"><div class=\"anchors\"><strong>Radoux en el mundo<\/strong><a href=\"#radoux-en-el-mundo\">Historia<\/a><a id=\"historia\" name=\"historia\"><\/a><\/div>\n<p style=\"text-align: center;\"><span class=\"intro\">Radoux agrupa tres marcas de envergadura internacional : Tonnellerie Radoux, Tonnellerie Victoria y Pronektar<\/span><\/p>\n<div class=\"logo-filiale\">\n<p style=\"text-align: center;\"><img class=\"wp-image-768 size-full\" src=\"http:\/\/www.radoux.fr\/wp-content\/uploads\/2014\/06\/logo-radoux-groupe.png\" alt=\"logo-radoux-groupe\" width=\"210\" height=\"120\" \/><img class=\"wp-image-769 size-full\" src=\"https:\/\/www.radoux.fr\/es\/wp-content\/uploads\/sites\/3\/2019\/06\/logo-victoria-groupe.png\" alt=\"logo-victoria-groupe\" width=\"210\" height=\"120\" \/><img class=\"wp-image-767 size-full\" src=\"http:\/\/www.radoux.fr\/wp-content\/uploads\/2014\/06\/logo-pronektar-groupe.png\" alt=\"logo-pronektar-groupe\" width=\"210\" height=\"120\" \/><\/p>\n<\/div>\n<p><div id=\"map_1\" class=\"sushi-gmap-shortcode gmap\" style=\"width:700;height:620px;\"><ul class=\"assistive-text\"><li class=\"geo\"><span class=\"latitude\">46.75984<\/span>,<span class=\"longitude\">1.738281<\/span><\/li><li class=\"scrollwheel\">false<\/li><li class=\"kml\"><a href=\"https:\/\/dl.dropboxusercontent.com\/u\/7973880\/Tonnellerie%20Radoux.kml\">KML<\/a><\/li><li class=\"zoom\">2<\/li><li class=\"maptype\">STYLED<\/li><li class=\"traffic\">no<\/li><li class=\"icon\"><img src=\"https:\/\/www.radoux.fr\/es\/wp-content\/themes\/radoux\/styles\/images\/gmap-marker.png\" alt=\"Marker Image\" \/><\/li><\/ul><\/div><\/p><\/div><\/div><\/div><\/div><div id=\"pg-17-2\"  class=\"panel-grid panel-no-style\" ><div id=\"pgc-17-2-0\"  class=\"panel-grid-cell\" ><div id=\"panel-17-2-0-0\" class=\"so-panel widget widget_black-studio-tinymce widget_black_studio_tinymce panel-first-child panel-last-child\" data-index=\"2\" ><div class=\"textwidget\"><p><span class=\"orange\">Instalaciones en Francia :<\/span><\/p>\n<p><strong>Jonzac<\/strong><br \/>(toneler\u00eda),<br \/><strong>Bordeaux<\/strong><br \/>(oficina comercial),<br \/><strong>M\u00e9zi\u00e8res-en-Brenne<\/strong><br \/>(serrer\u00eda Sciage du Berry)<\/p><\/div><\/div><\/div><div id=\"pgc-17-2-1\"  class=\"panel-grid-cell panel-grid-cell-mobile-last\" ><div id=\"panel-17-2-1-0\" class=\"so-panel widget widget_black-studio-tinymce widget_black_studio_tinymce panel-first-child panel-last-child\" data-index=\"3\" ><div class=\"textwidget\"><p><span class=\"orange\">Instalaciones y filiales en el extranjero :<\/span><\/p>\n<p><strong>Radoux USA Inc<\/strong><br \/>(toneler\u00eda \u2013 EE.UU.),<br \/><strong>Radoux Australia<\/strong><br \/>(filial - Australia),<br \/><strong>Victoria<\/strong><br \/>(filial- Espa\u00f1a)<\/p><\/div><\/div><\/div><div id=\"pgc-17-2-2\"  class=\"panel-grid-cell panel-grid-cell-empty\" ><\/div><\/div><div id=\"pg-17-3\"  class=\"panel-grid panel-no-style\" ><div id=\"pgc-17-3-0\"  class=\"panel-grid-cell\" ><div id=\"panel-17-3-0-0\" class=\"so-panel widget widget_text panel-first-child panel-last-child\" data-index=\"4\" >\t\t\t<div class=\"textwidget\"><p><div class=\"radoux-share shortcode center\">\n        <strong>Partager<\/strong>\n    <ul>\n        <li class=\"facebook\"><a href=\"https:\/\/www.facebook.com\/sharer\/sharer.php?u=\" target=\"_blank\" class=\"dashicons dashicons-facebook-alt\" rel=\"noopener\"><span>Partager sur Facebook<\/span><\/a><\/li>\n        <li class=\"twitter\"><a href=\"https:\/\/twitter.com\/home?status=\" target=\"_blank\" class=\"dashicons dashicons-twitter\" rel=\"noopener\"><span>Partager sur Twitter<\/span><\/a><\/li>\n    <\/ul>\n<\/div><\/p><\/div>\n\t\t<\/div><\/div><\/div><\/div>","protected":false},"excerpt":{"rendered":"<p>Presente en el mundo entero, Radoux es hoy en d\u00eda el privilegiado colaborador de las mejores bodegas de Francia y de todo el mundo.<\/p>\n","protected":false},"author":1,"featured_media":0,"parent":12,"menu_order":5,"comment_status":"open","ping_status":"open","template":"template-black.php","meta":{"_links_to":"","_links_to_target":""},"yoast_head":"<!-- This site is optimized with the Yoast SEO plugin v19.4 - https:\/\/yoast.com\/wordpress\/plugins\/seo\/ -->\n<title>El grupo - Toneler\u00eda Radoux<\/title>\n<meta name=\"description\" content=\"Presente en el mundo entero, Radoux es hoy en d\u00eda el privilegiado colaborador de las mejores bodegas de Francia y de todo el mundo.\" \/>\n<meta name=\"robots\" content=\"index, follow, max-snippet:-1, max-image-preview:large, max-video-preview:-1\" \/>\n<link rel=\"canonical\" href=\"https:\/\/www.radoux.fr\/es\/empresa\/grupo\/\" \/>\n<meta property=\"og:locale\" content=\"es_ES\" \/>\n<meta property=\"og:type\" content=\"article\" \/>\n<meta property=\"og:title\" content=\"El grupo - Toneler\u00eda Radoux\" \/>\n<meta property=\"og:description\" content=\"Presente en el mundo entero, Radoux es hoy en d\u00eda el privilegiado colaborador de las mejores bodegas de Francia y de todo el mundo.\" \/>\n<meta property=\"og:url\" content=\"https:\/\/www.radoux.fr\/es\/empresa\/grupo\/\" \/>\n<meta property=\"og:site_name\" content=\"Tonnellerie Radoux (Spanish version)\" \/>\n<meta property=\"article:modified_time\" content=\"2019-06-28T10:09:27+00:00\" \/>\n<meta property=\"og:image\" content=\"http:\/\/www.radoux.fr\/wp-content\/uploads\/2014\/06\/logo-radoux-groupe.png\" \/>\n<meta name=\"twitter:label1\" content=\"Tiempo de lectura\" \/>\n\t<meta name=\"twitter:data1\" content=\"1 minuto\" \/>\n<script type=\"application\/ld+json\" class=\"yoast-schema-graph\">{\"@context\":\"https:\/\/schema.org\",\"@graph\":[{\"@type\":\"WebSite\",\"@id\":\"https:\/\/www.radoux.fr\/es\/#website\",\"url\":\"https:\/\/www.radoux.fr\/es\/\",\"name\":\"Tonnellerie Radoux (Spanish version)\",\"description\":\"\",\"potentialAction\":[{\"@type\":\"SearchAction\",\"target\":{\"@type\":\"EntryPoint\",\"urlTemplate\":\"https:\/\/www.radoux.fr\/es\/?s={search_term_string}\"},\"query-input\":\"required name=search_term_string\"}],\"inLanguage\":\"es\"},{\"@type\":\"WebPage\",\"@id\":\"https:\/\/www.radoux.fr\/es\/empresa\/grupo\/\",\"url\":\"https:\/\/www.radoux.fr\/es\/empresa\/grupo\/\",\"name\":\"El grupo - Toneler\u00eda Radoux\",\"isPartOf\":{\"@id\":\"https:\/\/www.radoux.fr\/es\/#website\"},\"datePublished\":\"2014-04-30T14:48:03+00:00\",\"dateModified\":\"2019-06-28T10:09:27+00:00\",\"description\":\"Presente en el mundo entero, Radoux es hoy en d\u00eda el privilegiado colaborador de las mejores bodegas de Francia y de todo el mundo.\",\"breadcrumb\":{\"@id\":\"https:\/\/www.radoux.fr\/es\/empresa\/grupo\/#breadcrumb\"},\"inLanguage\":\"es\",\"potentialAction\":[{\"@type\":\"ReadAction\",\"target\":[\"https:\/\/www.radoux.fr\/es\/empresa\/grupo\/\"]}]},{\"@type\":\"BreadcrumbList\",\"@id\":\"https:\/\/www.radoux.fr\/es\/empresa\/grupo\/#breadcrumb\",\"itemListElement\":[{\"@type\":\"ListItem\",\"position\":1,\"name\":\"Accueil\",\"item\":\"https:\/\/www.radoux.fr\/es\/\"},{\"@type\":\"ListItem\",\"position\":2,\"name\":\"La empresa\",\"item\":\"http:\/\/www.radoux.fr\/es\/empresa\/nuestros-valores\/\"},{\"@type\":\"ListItem\",\"position\":3,\"name\":\"El grupo\"}]}]}<\/script>\n<!-- \/ Yoast SEO plugin. -->","yoast_head_json":{"title":"El grupo - Toneler\u00eda Radoux","description":"Presente en el mundo entero, Radoux es hoy en d\u00eda el privilegiado colaborador de las mejores bodegas de Francia y de todo el mundo.","robots":{"index":"index","follow":"follow","max-snippet":"max-snippet:-1","max-image-preview":"max-image-preview:large","max-video-preview":"max-video-preview:-1"},"canonical":"https:\/\/www.radoux.fr\/es\/empresa\/grupo\/","og_locale":"es_ES","og_type":"article","og_title":"El grupo - Toneler\u00eda Radoux","og_description":"Presente en el mundo entero, Radoux es hoy en d\u00eda el privilegiado colaborador de las mejores bodegas de Francia y de todo el mundo.","og_url":"https:\/\/www.radoux.fr\/es\/empresa\/grupo\/","og_site_name":"Tonnellerie Radoux (Spanish version)","article_modified_time":"2019-06-28T10:09:27+00:00","og_image":[{"url":"http:\/\/www.radoux.fr\/wp-content\/uploads\/2014\/06\/logo-radoux-groupe.png"}],"twitter_misc":{"Tiempo de lectura":"1 minuto"},"schema":{"@context":"https:\/\/schema.org","@graph":[{"@type":"WebSite","@id":"https:\/\/www.radoux.fr\/es\/#website","url":"https:\/\/www.radoux.fr\/es\/","name":"Tonnellerie Radoux (Spanish version)","description":"","potentialAction":[{"@type":"SearchAction","target":{"@type":"EntryPoint","urlTemplate":"https:\/\/www.radoux.fr\/es\/?s={search_term_string}"},"query-input":"required name=search_term_string"}],"inLanguage":"es"},{"@type":"WebPage","@id":"https:\/\/www.radoux.fr\/es\/empresa\/grupo\/","url":"https:\/\/www.radoux.fr\/es\/empresa\/grupo\/","name":"El grupo - Toneler\u00eda Radoux","isPartOf":{"@id":"https:\/\/www.radoux.fr\/es\/#website"},"datePublished":"2014-04-30T14:48:03+00:00","dateModified":"2019-06-28T10:09:27+00:00","description":"Presente en el mundo entero, Radoux es hoy en d\u00eda el privilegiado colaborador de las mejores bodegas de Francia y de todo el mundo.","breadcrumb":{"@id":"https:\/\/www.radoux.fr\/es\/empresa\/grupo\/#breadcrumb"},"inLanguage":"es","potentialAction":[{"@type":"ReadAction","target":["https:\/\/www.radoux.fr\/es\/empresa\/grupo\/"]}]},{"@type":"BreadcrumbList","@id":"https:\/\/www.radoux.fr\/es\/empresa\/grupo\/#breadcrumb","itemListElement":[{"@type":"ListItem","position":1,"name":"Accueil","item":"https:\/\/www.radoux.fr\/es\/"},{"@type":"ListItem","position":2,"name":"La empresa","item":"http:\/\/www.radoux.fr\/es\/empresa\/nuestros-valores\/"},{"@type":"ListItem","position":3,"name":"El grupo"}]}]}},"_links":{"self":[{"href":"https:\/\/www.radoux.fr\/es\/wp-json\/wp\/v2\/pages\/17"}],"collection":[{"href":"https:\/\/www.radoux.fr\/es\/wp-json\/wp\/v2\/pages"}],"about":[{"href":"https:\/\/www.radoux.fr\/es\/wp-json\/wp\/v2\/types\/page"}],"author":[{"embeddable":true,"href":"https:\/\/www.radoux.fr\/es\/wp-json\/wp\/v2\/users\/1"}],"replies":[{"embeddable":true,"href":"https:\/\/www.radoux.fr\/es\/wp-json\/wp\/v2\/comments?post=17"}],"version-history":[{"count":7,"href":"https:\/\/www.radoux.fr\/es\/wp-json\/wp\/v2\/pages\/17\/revisions"}],"predecessor-version":[{"id":1516,"href":"https:\/\/www.radoux.fr\/es\/wp-json\/wp\/v2\/pages\/17\/revisions\/1516"}],"up":[{"embeddable":true,"href":"https:\/\/www.radoux.fr\/es\/wp-json\/wp\/v2\/pages\/12"}],"wp:attachment":[{"href":"https:\/\/www.radoux.fr\/es\/wp-json\/wp\/v2\/media?parent=17"}],"curies":[{"name":"wp","href":"https:\/\/api.w.org\/{rel}","templated":true}]}}