{"id":16,"date":"2014-04-30T15:47:53","date_gmt":"2014-04-30T14:47:53","guid":{"rendered":"http:\/\/radoux.dev\/?page_id=14"},"modified":"2024-01-31T09:58:49","modified_gmt":"2024-01-31T08:58:49","slug":"compromiso-de-calidad","status":"publish","type":"page","link":"https:\/\/www.radoux.fr\/es\/empresa\/compromiso-de-calidad\/","title":{"rendered":"Compromiso de Calidad"},"content":{"rendered":"<div id=\"pl-16\"  class=\"panel-layout\" ><div id=\"pg-16-0\"  class=\"panel-grid panel-no-style\" ><div id=\"pgc-16-0-0\"  class=\"panel-grid-cell\" ><div id=\"panel-16-0-0-0\" class=\"so-panel widget widget_text panel-first-child panel-last-child\" data-index=\"0\" >\t\t\t<div class=\"textwidget\"><h3>1 \u2013 Seguimiento personalizado en cata<\/h3>\n<p>El primer compromiso de Radoux es suministrar a cada cliente un producto conforme a sus expectativas y hacer todo lo posible para mejorar su satisfacci\u00f3n. Planificar, desarrollar, controlar, mejorar todos los aspectos de nuestras instalaciones de producci\u00f3n y de nuestros m\u00e9todos de trabajo es nuestro objetivo en todo momento.<\/p>\n\n<p>Un responsable comercial, en\u00f3logo, est\u00e1 a su permanente disposici\u00f3n. Es un profesional de la cata, le aconseja qu\u00e9 barrica responde a sus exigencias, verifica la conformidad de la entrega, le visita para seguimiento de la crianza y eval\u00faa con Vd. al final del proceso los eventuales ajustes para la siguiente cosecha. Radoux transporta su maestr\u00eda hasta su bodega con un seguimiento en cata personalizado, sostenido por nuestro equipo de especialistas presente en todas las regiones vin\u00edcolas del mundo. Un servicio personalizado itinerante de atenci\u00f3n al cliente permite igualmente responder, en bodega, a sus dudas sobre uso y mantenimiento de las barricas y supervisa la puesta en marcha de los Grandes Contenedores (tinas y \u201cfoudres\u201d).<p>\n\n<strong>Radoux, colaborador integral en la crianza de vinos, se compromete a largo plazo con los en\u00f3logos y bodegueros que le brindan su confianza. Porque la \u201cmejor\u201d barrica es la que le permitir\u00e1 obtener precisamente el vino que Vd. desea elaborar.<\/strong>\n\n<h3>2 - Nuestros referentes de calidad<\/h3>\n<p>Nuestro compromiso de calidad, inscrito en la cultura de la empresa desde su creaci\u00f3n, cubre hoy en d\u00eda los siguientes aspectos :<\/p>\n<ul>\n<li>Calidad de concepci\u00f3n, fabricaci\u00f3n, y comercializaci\u00f3n de barricas de 225 \u00e0 500 litros,<\/li>\n<li>Prestaci\u00f3n del servicio t\u00e9cnico internacional a los clientes,<\/li>\n<li>Control de los puntos cr\u00edticos de seguridad alimentaria en fabricaci\u00f3n,<\/li>\n<li>Seguridad del personal y de los equipamientos,<\/li>\n<li>Reducci\u00f3n del impacto medioambiental de nuestra actividad,<\/li>\n<li>Control de recepci\u00f3n y ciclo de maduraci\u00f3n de la madera.<\/li>\n<\/ul>\n\n\n<h3>3 - Respeto de las normativas<\/h3>\n<p>Radoux preserva la seguridad sanitaria y organol\u00e9ptica de las barricas por :<\/p>\n<ul>\n<li>La utilizaci\u00f3n del m\u00e9todo APPCC, seg\u00fan la recomendaci\u00f3n de la Federaci\u00f3n Francesa de Toneler\u00eda.<\/li>\n<li>Planes de control de la materia prima, de los consumibles, del agua y de la atm\u00f3sfera (TCA, TBA, PCF\u2026),<\/li>\n<li>Plan de control de los periodos de maduraci\u00f3n, tama\u00f1o de grano y temperaturas de tostado,<\/li>\n<li>Una identificaci\u00f3n y trazabilidad rigurosas en todas las etapas de fabricaci\u00f3n.<\/li>\n<\/ul>\n\n\n\n\n<\/div>\n\t\t<\/div><\/div><div id=\"pgc-16-0-1\"  class=\"panel-grid-cell\" ><div id=\"panel-16-0-1-0\" class=\"so-panel widget widget_black-studio-tinymce widget_black_studio_tinymce panel-first-child\" data-index=\"1\" ><div class=\"textwidget\"><p><img src=\"http:\/\/www.radoux.fr\/wp-content\/uploads\/2014\/06\/pantalon-tonnelier-radoux.jpg\" \/><\/p>\n<\/div><\/div><div id=\"panel-16-0-1-1\" class=\"so-panel widget widget_black-studio-tinymce widget_black_studio_tinymce panel-last-child\" data-index=\"2\" ><div class=\"textwidget\"><p><img src=\"http:\/\/www.radoux.fr\/wp-content\/uploads\/2014\/06\/fiche-controle-qualite.jpg\" \/><\/p>\n<\/div><\/div><\/div><\/div><div id=\"pg-16-1\"  class=\"panel-grid panel-no-style\" ><div id=\"pgc-16-1-0\"  class=\"panel-grid-cell panel-grid-cell-empty\" ><\/div><\/div><div id=\"pg-16-2\"  class=\"panel-grid panel-no-style\" ><div id=\"pgc-16-2-0\"  class=\"panel-grid-cell\" ><div id=\"panel-16-2-0-0\" class=\"so-panel widget widget_text panel-first-child panel-last-child\" data-index=\"3\" >\t\t\t<div class=\"textwidget\"><p><div class=\"radoux-share shortcode center\">\n        <strong>Partager<\/strong>\n    <ul>\n        <li class=\"facebook\"><a href=\"https:\/\/www.facebook.com\/sharer\/sharer.php?u=\" target=\"_blank\" class=\"dashicons dashicons-facebook-alt\" rel=\"noopener\"><span>Partager sur Facebook<\/span><\/a><\/li>\n        <li class=\"twitter\"><a href=\"https:\/\/twitter.com\/home?status=\" target=\"_blank\" class=\"dashicons dashicons-twitter\" rel=\"noopener\"><span>Partager sur Twitter<\/span><\/a><\/li>\n    <\/ul>\n<\/div><\/p><\/div>\n\t\t<\/div><\/div><\/div><\/div>","protected":false},"excerpt":{"rendered":"<p>La satisfacci\u00f3n del cliente es el compromiso de nuestra cultura empresarial. Motiva nuestra exigencia de calidad y nuestra estrategia de investigaci\u00f3n e innovaci\u00f3n.<\/p>\n","protected":false},"author":1,"featured_media":0,"parent":12,"menu_order":4,"comment_status":"open","ping_status":"open","template":"","meta":{"_links_to":"","_links_to_target":""},"yoast_head":"<!-- This site is optimized with the Yoast SEO plugin v19.4 - https:\/\/yoast.com\/wordpress\/plugins\/seo\/ -->\n<title>Compromiso de Calidad - Toneler\u00eda Radoux<\/title>\n<meta name=\"description\" content=\"Motiva nuestra exigencia de calidad y nuestra estrategia de investigaci\u00f3n e innovaci\u00f3n.\" \/>\n<meta name=\"robots\" content=\"index, follow, max-snippet:-1, max-image-preview:large, max-video-preview:-1\" \/>\n<link rel=\"canonical\" href=\"https:\/\/www.radoux.fr\/es\/empresa\/compromiso-de-calidad\/\" \/>\n<meta property=\"og:locale\" content=\"es_ES\" \/>\n<meta property=\"og:type\" content=\"article\" \/>\n<meta property=\"og:title\" content=\"Compromiso de Calidad - Toneler\u00eda Radoux\" \/>\n<meta property=\"og:description\" content=\"Motiva nuestra exigencia de calidad y nuestra estrategia de investigaci\u00f3n e innovaci\u00f3n.\" \/>\n<meta property=\"og:url\" content=\"https:\/\/www.radoux.fr\/es\/empresa\/compromiso-de-calidad\/\" \/>\n<meta property=\"og:site_name\" content=\"Tonnellerie Radoux (Spanish version)\" \/>\n<meta property=\"article:modified_time\" content=\"2024-01-31T08:58:49+00:00\" \/>\n<meta property=\"og:image\" content=\"http:\/\/www.radoux.fr\/wp-content\/uploads\/2014\/06\/pantalon-tonnelier-radoux.jpg\" \/>\n<meta name=\"twitter:label1\" content=\"Tiempo de lectura\" \/>\n\t<meta name=\"twitter:data1\" content=\"3 minutos\" \/>\n<script type=\"application\/ld+json\" class=\"yoast-schema-graph\">{\"@context\":\"https:\/\/schema.org\",\"@graph\":[{\"@type\":\"WebSite\",\"@id\":\"https:\/\/www.radoux.fr\/es\/#website\",\"url\":\"https:\/\/www.radoux.fr\/es\/\",\"name\":\"Tonnellerie Radoux (Spanish version)\",\"description\":\"\",\"potentialAction\":[{\"@type\":\"SearchAction\",\"target\":{\"@type\":\"EntryPoint\",\"urlTemplate\":\"https:\/\/www.radoux.fr\/es\/?s={search_term_string}\"},\"query-input\":\"required name=search_term_string\"}],\"inLanguage\":\"es\"},{\"@type\":\"WebPage\",\"@id\":\"https:\/\/www.radoux.fr\/es\/empresa\/compromiso-de-calidad\/\",\"url\":\"https:\/\/www.radoux.fr\/es\/empresa\/compromiso-de-calidad\/\",\"name\":\"Compromiso de Calidad - Toneler\u00eda Radoux\",\"isPartOf\":{\"@id\":\"https:\/\/www.radoux.fr\/es\/#website\"},\"datePublished\":\"2014-04-30T14:47:53+00:00\",\"dateModified\":\"2024-01-31T08:58:49+00:00\",\"description\":\"Motiva nuestra exigencia de calidad y nuestra estrategia de investigaci\u00f3n e innovaci\u00f3n.\",\"breadcrumb\":{\"@id\":\"https:\/\/www.radoux.fr\/es\/empresa\/compromiso-de-calidad\/#breadcrumb\"},\"inLanguage\":\"es\",\"potentialAction\":[{\"@type\":\"ReadAction\",\"target\":[\"https:\/\/www.radoux.fr\/es\/empresa\/compromiso-de-calidad\/\"]}]},{\"@type\":\"BreadcrumbList\",\"@id\":\"https:\/\/www.radoux.fr\/es\/empresa\/compromiso-de-calidad\/#breadcrumb\",\"itemListElement\":[{\"@type\":\"ListItem\",\"position\":1,\"name\":\"Accueil\",\"item\":\"https:\/\/www.radoux.fr\/es\/\"},{\"@type\":\"ListItem\",\"position\":2,\"name\":\"La empresa\",\"item\":\"http:\/\/www.radoux.fr\/es\/empresa\/nuestros-valores\/\"},{\"@type\":\"ListItem\",\"position\":3,\"name\":\"Compromiso de Calidad\"}]}]}<\/script>\n<!-- \/ Yoast SEO plugin. -->","yoast_head_json":{"title":"Compromiso de Calidad - Toneler\u00eda Radoux","description":"Motiva nuestra exigencia de calidad y nuestra estrategia de investigaci\u00f3n e innovaci\u00f3n.","robots":{"index":"index","follow":"follow","max-snippet":"max-snippet:-1","max-image-preview":"max-image-preview:large","max-video-preview":"max-video-preview:-1"},"canonical":"https:\/\/www.radoux.fr\/es\/empresa\/compromiso-de-calidad\/","og_locale":"es_ES","og_type":"article","og_title":"Compromiso de Calidad - Toneler\u00eda Radoux","og_description":"Motiva nuestra exigencia de calidad y nuestra estrategia de investigaci\u00f3n e innovaci\u00f3n.","og_url":"https:\/\/www.radoux.fr\/es\/empresa\/compromiso-de-calidad\/","og_site_name":"Tonnellerie Radoux (Spanish version)","article_modified_time":"2024-01-31T08:58:49+00:00","og_image":[{"url":"http:\/\/www.radoux.fr\/wp-content\/uploads\/2014\/06\/pantalon-tonnelier-radoux.jpg"}],"twitter_misc":{"Tiempo de lectura":"3 minutos"},"schema":{"@context":"https:\/\/schema.org","@graph":[{"@type":"WebSite","@id":"https:\/\/www.radoux.fr\/es\/#website","url":"https:\/\/www.radoux.fr\/es\/","name":"Tonnellerie Radoux (Spanish version)","description":"","potentialAction":[{"@type":"SearchAction","target":{"@type":"EntryPoint","urlTemplate":"https:\/\/www.radoux.fr\/es\/?s={search_term_string}"},"query-input":"required name=search_term_string"}],"inLanguage":"es"},{"@type":"WebPage","@id":"https:\/\/www.radoux.fr\/es\/empresa\/compromiso-de-calidad\/","url":"https:\/\/www.radoux.fr\/es\/empresa\/compromiso-de-calidad\/","name":"Compromiso de Calidad - Toneler\u00eda Radoux","isPartOf":{"@id":"https:\/\/www.radoux.fr\/es\/#website"},"datePublished":"2014-04-30T14:47:53+00:00","dateModified":"2024-01-31T08:58:49+00:00","description":"Motiva nuestra exigencia de calidad y nuestra estrategia de investigaci\u00f3n e innovaci\u00f3n.","breadcrumb":{"@id":"https:\/\/www.radoux.fr\/es\/empresa\/compromiso-de-calidad\/#breadcrumb"},"inLanguage":"es","potentialAction":[{"@type":"ReadAction","target":["https:\/\/www.radoux.fr\/es\/empresa\/compromiso-de-calidad\/"]}]},{"@type":"BreadcrumbList","@id":"https:\/\/www.radoux.fr\/es\/empresa\/compromiso-de-calidad\/#breadcrumb","itemListElement":[{"@type":"ListItem","position":1,"name":"Accueil","item":"https:\/\/www.radoux.fr\/es\/"},{"@type":"ListItem","position":2,"name":"La empresa","item":"http:\/\/www.radoux.fr\/es\/empresa\/nuestros-valores\/"},{"@type":"ListItem","position":3,"name":"Compromiso de Calidad"}]}]}},"_links":{"self":[{"href":"https:\/\/www.radoux.fr\/es\/wp-json\/wp\/v2\/pages\/16"}],"collection":[{"href":"https:\/\/www.radoux.fr\/es\/wp-json\/wp\/v2\/pages"}],"about":[{"href":"https:\/\/www.radoux.fr\/es\/wp-json\/wp\/v2\/types\/page"}],"author":[{"embeddable":true,"href":"https:\/\/www.radoux.fr\/es\/wp-json\/wp\/v2\/users\/1"}],"replies":[{"embeddable":true,"href":"https:\/\/www.radoux.fr\/es\/wp-json\/wp\/v2\/comments?post=16"}],"version-history":[{"count":12,"href":"https:\/\/www.radoux.fr\/es\/wp-json\/wp\/v2\/pages\/16\/revisions"}],"predecessor-version":[{"id":1632,"href":"https:\/\/www.radoux.fr\/es\/wp-json\/wp\/v2\/pages\/16\/revisions\/1632"}],"up":[{"embeddable":true,"href":"https:\/\/www.radoux.fr\/es\/wp-json\/wp\/v2\/pages\/12"}],"wp:attachment":[{"href":"https:\/\/www.radoux.fr\/es\/wp-json\/wp\/v2\/media?parent=16"}],"curies":[{"name":"wp","href":"https:\/\/api.w.org\/{rel}","templated":true}]}}