{"id":1543,"date":"2021-08-16T11:01:05","date_gmt":"2021-08-16T10:01:05","guid":{"rendered":"http:\/\/www.radoux.fr\/es\/?page_id=1543"},"modified":"2021-08-16T11:01:05","modified_gmt":"2021-08-16T10:01:05","slug":"politica-de-privacidad","status":"publish","type":"page","link":"https:\/\/www.radoux.fr\/es\/politica-de-privacidad\/","title":{"rendered":"Pol\u00edtica de privacidad"},"content":{"rendered":"\n<p>Tonnellerie Radoux, sus subsidiarias y empleados est\u00e1n comprometidos a proteger su privacidad y sus datos personales. Tonnellerie Radoux procesa sus datos personales de acuerdo con las regulaciones de protecci\u00f3n de datos europeas e internacionales, en particular el Reglamento general de protecci\u00f3n de datos (\u00abGDPR\u00bb).<\/p>\n\n\n\n<p>Todas las solicitudes relacionadas con el uso de los derechos de los interesados \u200b\u200bpueden dirigirse a la empresa Tonnellerie Radoux mediante el formulario de contacto disponible en <a href=\"\/contact\/\">http:\/\/www.radoux.fr\/contact\/<\/a>.<\/p>\n\n\n\n<p>Tonnellerie Radoux (la Editorial) le informa que lleva a cabo un tratamiento automatizado de los datos personales que le conciernen con fines de comunicaci\u00f3n, informaci\u00f3n, animaci\u00f3n y promoci\u00f3n comercial.<\/p>\n\n\n\n<p>La informaci\u00f3n que tendr\u00e1 que recopilar Tonnellerie Radoux proviene del registro voluntario de una direcci\u00f3n de correo electr\u00f3nico proporcionada por el usuario de Internet, lo que le permite recibir documentaci\u00f3n, conocer cualquier punto, est\u00e1n reservados para el uso de la Compa\u00f1\u00eda. Editor y cualquier otra empresa de Grupo al que pertenece, del cual solo personal restringido y estrictamente autorizado es destinatario de estos datos. No se ceden ni venden en modo alguno a terceros con ning\u00fan fin, en particular comercial.<\/p>\n\n\n\n<p>La editorial los conserva durante un per\u00edodo m\u00e1ximo de dos a\u00f1os a partir de la fecha de su \u00faltimo contacto con la editorial.<\/p>\n\n\n\n<p>La Tonnellerie Radoux le informa que de acuerdo con el art\u00edculo 27 de la Ley N \u00b0 78-17 del 6 de enero de 1978 relativa a las computadoras, archivos y libertades, usted tiene derecho a acceder y rectificar los datos de car\u00e1cter personal que le conciernen. Tambi\u00e9n puede oponerse al tratamiento de sus datos por motivos leg\u00edtimos, salvo en los casos en que el tratamiento cumpla con una obligaci\u00f3n legal. Para ejercer sus derechos, escriba a Sciage Du Berry &#8211; 10 Avenue Faidherbe &#8211; 17500 Jonzac &#8211; Francia oa la siguiente direcci\u00f3n: bx@radoux.fr<\/p>\n","protected":false},"excerpt":{"rendered":"<p>Tonnellerie Radoux, sus subsidiarias y empleados est\u00e1n comprometidos a proteger su privacidad y sus datos personales. Tonnellerie Radoux procesa sus datos personales de acuerdo con las regulaciones de protecci\u00f3n de datos europeas e internacionales, en particular el Reglamento general de protecci\u00f3n de datos (\u00abGDPR\u00bb). Todas las solicitudes relacionadas con el uso de los derechos de [&hellip;]<\/p>\n","protected":false},"author":9,"featured_media":0,"parent":0,"menu_order":0,"comment_status":"closed","ping_status":"closed","template":"","meta":{"_links_to":"","_links_to_target":""},"yoast_head":"<!-- This site is optimized with the Yoast SEO plugin v19.4 - https:\/\/yoast.com\/wordpress\/plugins\/seo\/ -->\n<title>Pol\u00edtica de privacidad - Tonnellerie Radoux (Spanish version)<\/title>\n<meta name=\"robots\" content=\"index, follow, max-snippet:-1, max-image-preview:large, max-video-preview:-1\" \/>\n<link rel=\"canonical\" href=\"https:\/\/www.radoux.fr\/es\/politica-de-privacidad\/\" \/>\n<meta property=\"og:locale\" content=\"es_ES\" \/>\n<meta property=\"og:type\" content=\"article\" \/>\n<meta property=\"og:title\" content=\"Pol\u00edtica de privacidad - Tonnellerie Radoux (Spanish version)\" \/>\n<meta property=\"og:description\" content=\"Tonnellerie Radoux, sus subsidiarias y empleados est\u00e1n comprometidos a proteger su privacidad y sus datos personales. Tonnellerie Radoux procesa sus datos personales de acuerdo con las regulaciones de protecci\u00f3n de datos europeas e internacionales, en particular el Reglamento general de protecci\u00f3n de datos (\u00abGDPR\u00bb). Todas las solicitudes relacionadas con el uso de los derechos de [&hellip;]\" \/>\n<meta property=\"og:url\" content=\"https:\/\/www.radoux.fr\/es\/politica-de-privacidad\/\" \/>\n<meta property=\"og:site_name\" content=\"Tonnellerie Radoux (Spanish version)\" \/>\n<meta name=\"twitter:label1\" content=\"Tiempo de lectura\" \/>\n\t<meta name=\"twitter:data1\" content=\"2 minutos\" \/>\n<script type=\"application\/ld+json\" class=\"yoast-schema-graph\">{\"@context\":\"https:\/\/schema.org\",\"@graph\":[{\"@type\":\"WebSite\",\"@id\":\"https:\/\/www.radoux.fr\/es\/#website\",\"url\":\"https:\/\/www.radoux.fr\/es\/\",\"name\":\"Tonnellerie Radoux (Spanish version)\",\"description\":\"\",\"potentialAction\":[{\"@type\":\"SearchAction\",\"target\":{\"@type\":\"EntryPoint\",\"urlTemplate\":\"https:\/\/www.radoux.fr\/es\/?s={search_term_string}\"},\"query-input\":\"required name=search_term_string\"}],\"inLanguage\":\"es\"},{\"@type\":\"WebPage\",\"@id\":\"https:\/\/www.radoux.fr\/es\/politica-de-privacidad\/\",\"url\":\"https:\/\/www.radoux.fr\/es\/politica-de-privacidad\/\",\"name\":\"Pol\u00edtica de privacidad - Tonnellerie Radoux (Spanish version)\",\"isPartOf\":{\"@id\":\"https:\/\/www.radoux.fr\/es\/#website\"},\"datePublished\":\"2021-08-16T10:01:05+00:00\",\"dateModified\":\"2021-08-16T10:01:05+00:00\",\"breadcrumb\":{\"@id\":\"https:\/\/www.radoux.fr\/es\/politica-de-privacidad\/#breadcrumb\"},\"inLanguage\":\"es\",\"potentialAction\":[{\"@type\":\"ReadAction\",\"target\":[\"https:\/\/www.radoux.fr\/es\/politica-de-privacidad\/\"]}]},{\"@type\":\"BreadcrumbList\",\"@id\":\"https:\/\/www.radoux.fr\/es\/politica-de-privacidad\/#breadcrumb\",\"itemListElement\":[{\"@type\":\"ListItem\",\"position\":1,\"name\":\"Accueil\",\"item\":\"https:\/\/www.radoux.fr\/es\/\"},{\"@type\":\"ListItem\",\"position\":2,\"name\":\"Pol\u00edtica de privacidad\"}]}]}<\/script>\n<!-- \/ Yoast SEO plugin. -->","yoast_head_json":{"title":"Pol\u00edtica de privacidad - Tonnellerie Radoux (Spanish version)","robots":{"index":"index","follow":"follow","max-snippet":"max-snippet:-1","max-image-preview":"max-image-preview:large","max-video-preview":"max-video-preview:-1"},"canonical":"https:\/\/www.radoux.fr\/es\/politica-de-privacidad\/","og_locale":"es_ES","og_type":"article","og_title":"Pol\u00edtica de privacidad - Tonnellerie Radoux (Spanish version)","og_description":"Tonnellerie Radoux, sus subsidiarias y empleados est\u00e1n comprometidos a proteger su privacidad y sus datos personales. Tonnellerie Radoux procesa sus datos personales de acuerdo con las regulaciones de protecci\u00f3n de datos europeas e internacionales, en particular el Reglamento general de protecci\u00f3n de datos (\u00abGDPR\u00bb). Todas las solicitudes relacionadas con el uso de los derechos de [&hellip;]","og_url":"https:\/\/www.radoux.fr\/es\/politica-de-privacidad\/","og_site_name":"Tonnellerie Radoux (Spanish version)","twitter_misc":{"Tiempo de lectura":"2 minutos"},"schema":{"@context":"https:\/\/schema.org","@graph":[{"@type":"WebSite","@id":"https:\/\/www.radoux.fr\/es\/#website","url":"https:\/\/www.radoux.fr\/es\/","name":"Tonnellerie Radoux (Spanish version)","description":"","potentialAction":[{"@type":"SearchAction","target":{"@type":"EntryPoint","urlTemplate":"https:\/\/www.radoux.fr\/es\/?s={search_term_string}"},"query-input":"required name=search_term_string"}],"inLanguage":"es"},{"@type":"WebPage","@id":"https:\/\/www.radoux.fr\/es\/politica-de-privacidad\/","url":"https:\/\/www.radoux.fr\/es\/politica-de-privacidad\/","name":"Pol\u00edtica de privacidad - Tonnellerie Radoux (Spanish version)","isPartOf":{"@id":"https:\/\/www.radoux.fr\/es\/#website"},"datePublished":"2021-08-16T10:01:05+00:00","dateModified":"2021-08-16T10:01:05+00:00","breadcrumb":{"@id":"https:\/\/www.radoux.fr\/es\/politica-de-privacidad\/#breadcrumb"},"inLanguage":"es","potentialAction":[{"@type":"ReadAction","target":["https:\/\/www.radoux.fr\/es\/politica-de-privacidad\/"]}]},{"@type":"BreadcrumbList","@id":"https:\/\/www.radoux.fr\/es\/politica-de-privacidad\/#breadcrumb","itemListElement":[{"@type":"ListItem","position":1,"name":"Accueil","item":"https:\/\/www.radoux.fr\/es\/"},{"@type":"ListItem","position":2,"name":"Pol\u00edtica de privacidad"}]}]}},"_links":{"self":[{"href":"https:\/\/www.radoux.fr\/es\/wp-json\/wp\/v2\/pages\/1543"}],"collection":[{"href":"https:\/\/www.radoux.fr\/es\/wp-json\/wp\/v2\/pages"}],"about":[{"href":"https:\/\/www.radoux.fr\/es\/wp-json\/wp\/v2\/types\/page"}],"author":[{"embeddable":true,"href":"https:\/\/www.radoux.fr\/es\/wp-json\/wp\/v2\/users\/9"}],"replies":[{"embeddable":true,"href":"https:\/\/www.radoux.fr\/es\/wp-json\/wp\/v2\/comments?post=1543"}],"version-history":[{"count":1,"href":"https:\/\/www.radoux.fr\/es\/wp-json\/wp\/v2\/pages\/1543\/revisions"}],"predecessor-version":[{"id":1545,"href":"https:\/\/www.radoux.fr\/es\/wp-json\/wp\/v2\/pages\/1543\/revisions\/1545"}],"wp:attachment":[{"href":"https:\/\/www.radoux.fr\/es\/wp-json\/wp\/v2\/media?parent=1543"}],"curies":[{"name":"wp","href":"https:\/\/api.w.org\/{rel}","templated":true}]}}