{"id":15,"date":"2014-04-30T15:47:42","date_gmt":"2014-04-30T14:47:42","guid":{"rendered":"http:\/\/radoux.dev\/?page_id=12"},"modified":"2019-06-28T11:07:38","modified_gmt":"2019-06-28T10:07:38","slug":"oakscan-polifenoles-madera","status":"publish","type":"page","link":"https:\/\/www.radoux.fr\/es\/empresa\/oakscan-polifenoles-madera\/","title":{"rendered":"Un procedimiento \u00fanico: OAKSCAN\u00ae"},"content":{"rendered":"<div id=\"pl-15\"  class=\"panel-layout\" ><div id=\"pg-15-0\"  class=\"panel-grid panel-no-style\" ><div id=\"pgc-15-0-0\"  class=\"panel-grid-cell\" ><div id=\"panel-15-0-0-0\" class=\"so-panel widget widget_text panel-first-child panel-last-child\" data-index=\"0\" >\t\t\t<div class=\"textwidget\"><h3>La necesidad de innovar<\/h3>\n<p>Los taninos tienen un impacto primordial sobre las propiedades organol\u00e9pticas de los vinos o espirituosos que enriquecen. Para alcanzar un mejor conocimiento de la madera, s\u00f3lo las procedimientos qu\u00edmicos de laboratorio permit\u00edan hasta ahora medir los elagitaninos. Estas mediciones s\u00f3lo pod\u00edan hacerse por muestreo aleatorio de lotes de duelas y se necesitaba mucho tiempo.<\/p>\n\n<p><strong>Tonnellerie Radoux ha desarrollado con los investigadores del INRA y del CEMAGREF un procedimiento \u00fanico de medida instant\u00e1nea del contenido en polifenoles de la madera: Oakscan&reg;.<\/strong><\/p>\n<p>Gracias a Oakscan&reg;, es posible determinar el potencial t\u00e1nico de cada barrica seg\u00fan la demanda de los clientes, las exigencias de una variedad o las caracter\u00edsticas de una a\u00f1ada.<\/p>\n<h3>El proceso<\/h3>\n<p>Cada pieza de madera cortada pasa por delante de un rayo luminoso (infrarrojo cercano) que analiza el contenido en taninos de cada. Env\u00eda un \u00edndice que permite asignar una clase para la selecci\u00f3n que viene a continuaci\u00f3n. Cada duela recibe despu\u00e9s la impresi\u00f3n de un c\u00f3digo de barras y una letra que corresponde a cada clase de contenido en taninos.<\/p>\n<p><strong>Oakscan&reg; ha recibido el Troph\u00e9e d\u2019Or de Vinitech.<\/strong><\/p>\n<blockquote>Con Oakscan&reg;, Radoux construye hoy la mayor base de datos sobre la composici\u00f3n qu\u00edmica de la madera de roble.<\/blockquote>\n<\/div>\n\t\t<\/div><\/div><div id=\"pgc-15-0-1\"  class=\"panel-grid-cell\" ><div id=\"panel-15-0-1-0\" class=\"so-panel widget widget_black-studio-tinymce widget_black_studio_tinymce panel-first-child\" data-index=\"1\" ><div class=\"textwidget\"><p><img src=\"http:\/\/www.radoux.fr\/wp-content\/uploads\/2014\/06\/douelles_oakscan.jpg\" \/><\/p>\n<\/div><\/div><div id=\"panel-15-0-1-1\" class=\"so-panel widget widget_black-studio-tinymce widget_black_studio_tinymce\" data-index=\"2\" ><div class=\"textwidget\"><p><img src=\"http:\/\/www.radoux.fr\/wp-content\/uploads\/2014\/06\/barrique_chauffe_oakscan.jpg\" \/><\/p>\n<\/div><\/div><div id=\"panel-15-0-1-2\" class=\"so-panel widget widget_siteorigin-panels-embedded-video panel-last-child\" data-index=\"3\" >\t\t<div class=\"siteorigin-fitvids\"><iframe width=\"500\" height=\"281\" src=\"http:\/\/www.youtube.com\/embed\/PDbWdveo4bM?feature=oembed\" frameborder=\"0\" allowfullscreen><\/iframe><\/div>\n\t\t<\/div><\/div><\/div><div id=\"pg-15-1\"  class=\"panel-grid panel-no-style\" ><div id=\"pgc-15-1-0\"  class=\"panel-grid-cell\" ><div id=\"panel-15-1-0-0\" class=\"so-panel widget widget_black-studio-tinymce widget_black_studio_tinymce panel-first-child panel-last-child\" data-index=\"4\" ><div class=\"textwidget\"><p><a class=\"file\" href=\"https:\/\/www.radoux.fr\/es\/wp-content\/uploads\/sites\/3\/2019\/06\/Oakscan-Radoux-Esp.pdf\" target=\"_blank\">Descargar el encarte OakScan\u00ae<\/a><\/p><\/div><\/div><\/div><\/div><div id=\"pg-15-2\"  class=\"panel-grid panel-no-style\" ><div id=\"pgc-15-2-0\"  class=\"panel-grid-cell\" ><div id=\"panel-15-2-0-0\" class=\"so-panel widget widget_text panel-first-child panel-last-child\" data-index=\"5\" >\t\t\t<div class=\"textwidget\"><p><div class=\"radoux-share shortcode center\">\n        <strong>Partager<\/strong>\n    <ul>\n        <li class=\"facebook\"><a href=\"https:\/\/www.facebook.com\/sharer\/sharer.php?u=\" target=\"_blank\" class=\"dashicons dashicons-facebook-alt\" rel=\"noopener\"><span>Partager sur Facebook<\/span><\/a><\/li>\n        <li class=\"twitter\"><a href=\"https:\/\/twitter.com\/home?status=\" target=\"_blank\" class=\"dashicons dashicons-twitter\" rel=\"noopener\"><span>Partager sur Twitter<\/span><\/a><\/li>\n    <\/ul>\n<\/div><\/p><\/div>\n\t\t<\/div><\/div><\/div><\/div>","protected":false},"excerpt":{"rendered":"<p>Un procedimiento \u00fanico de medida instant\u00e1nea del contenido en polifenoles de la madera: OakScan\u00ae.<\/p>\n","protected":false},"author":1,"featured_media":0,"parent":12,"menu_order":3,"comment_status":"open","ping_status":"open","template":"","meta":{"_links_to":"","_links_to_target":""},"yoast_head":"<!-- This site is optimized with the Yoast SEO plugin v19.4 - https:\/\/yoast.com\/wordpress\/plugins\/seo\/ -->\n<title>Un procedimiento \u00fanico: OAKSCAN\u00ae - Toneler\u00eda Radoux<\/title>\n<meta name=\"description\" content=\"Un procedimiento \u00fanico de medida instant\u00e1nea del contenido en polifenoles de la madera: OakScan\u00ae.\" \/>\n<meta name=\"robots\" content=\"index, follow, max-snippet:-1, max-image-preview:large, max-video-preview:-1\" \/>\n<link rel=\"canonical\" href=\"https:\/\/www.radoux.fr\/es\/empresa\/oakscan-polifenoles-madera\/\" \/>\n<meta property=\"og:locale\" content=\"es_ES\" \/>\n<meta property=\"og:type\" content=\"article\" \/>\n<meta property=\"og:title\" content=\"Un procedimiento \u00fanico: OAKSCAN\u00ae - Toneler\u00eda Radoux\" \/>\n<meta property=\"og:description\" content=\"Un procedimiento \u00fanico de medida instant\u00e1nea del contenido en polifenoles de la madera: OakScan\u00ae.\" \/>\n<meta property=\"og:url\" content=\"https:\/\/www.radoux.fr\/es\/empresa\/oakscan-polifenoles-madera\/\" \/>\n<meta property=\"og:site_name\" content=\"Tonnellerie Radoux (Spanish version)\" \/>\n<meta property=\"article:modified_time\" content=\"2019-06-28T10:07:38+00:00\" \/>\n<meta property=\"og:image\" content=\"http:\/\/www.radoux.fr\/wp-content\/uploads\/2014\/06\/douelles_oakscan.jpg\" \/>\n<meta name=\"twitter:label1\" content=\"Tiempo de lectura\" \/>\n\t<meta name=\"twitter:data1\" content=\"1 minuto\" \/>\n<script type=\"application\/ld+json\" class=\"yoast-schema-graph\">{\"@context\":\"https:\/\/schema.org\",\"@graph\":[{\"@type\":\"WebSite\",\"@id\":\"https:\/\/www.radoux.fr\/es\/#website\",\"url\":\"https:\/\/www.radoux.fr\/es\/\",\"name\":\"Tonnellerie Radoux (Spanish version)\",\"description\":\"\",\"potentialAction\":[{\"@type\":\"SearchAction\",\"target\":{\"@type\":\"EntryPoint\",\"urlTemplate\":\"https:\/\/www.radoux.fr\/es\/?s={search_term_string}\"},\"query-input\":\"required name=search_term_string\"}],\"inLanguage\":\"es\"},{\"@type\":\"WebPage\",\"@id\":\"https:\/\/www.radoux.fr\/es\/empresa\/oakscan-polifenoles-madera\/\",\"url\":\"https:\/\/www.radoux.fr\/es\/empresa\/oakscan-polifenoles-madera\/\",\"name\":\"Un procedimiento \u00fanico: OAKSCAN\u00ae - Toneler\u00eda Radoux\",\"isPartOf\":{\"@id\":\"https:\/\/www.radoux.fr\/es\/#website\"},\"datePublished\":\"2014-04-30T14:47:42+00:00\",\"dateModified\":\"2019-06-28T10:07:38+00:00\",\"description\":\"Un procedimiento \u00fanico de medida instant\u00e1nea del contenido en polifenoles de la madera: OakScan\u00ae.\",\"breadcrumb\":{\"@id\":\"https:\/\/www.radoux.fr\/es\/empresa\/oakscan-polifenoles-madera\/#breadcrumb\"},\"inLanguage\":\"es\",\"potentialAction\":[{\"@type\":\"ReadAction\",\"target\":[\"https:\/\/www.radoux.fr\/es\/empresa\/oakscan-polifenoles-madera\/\"]}]},{\"@type\":\"BreadcrumbList\",\"@id\":\"https:\/\/www.radoux.fr\/es\/empresa\/oakscan-polifenoles-madera\/#breadcrumb\",\"itemListElement\":[{\"@type\":\"ListItem\",\"position\":1,\"name\":\"Accueil\",\"item\":\"https:\/\/www.radoux.fr\/es\/\"},{\"@type\":\"ListItem\",\"position\":2,\"name\":\"La empresa\",\"item\":\"http:\/\/www.radoux.fr\/es\/empresa\/nuestros-valores\/\"},{\"@type\":\"ListItem\",\"position\":3,\"name\":\"Un procedimiento \u00fanico: OAKSCAN\u00ae\"}]}]}<\/script>\n<!-- \/ Yoast SEO plugin. -->","yoast_head_json":{"title":"Un procedimiento \u00fanico: OAKSCAN\u00ae - Toneler\u00eda Radoux","description":"Un procedimiento \u00fanico de medida instant\u00e1nea del contenido en polifenoles de la madera: OakScan\u00ae.","robots":{"index":"index","follow":"follow","max-snippet":"max-snippet:-1","max-image-preview":"max-image-preview:large","max-video-preview":"max-video-preview:-1"},"canonical":"https:\/\/www.radoux.fr\/es\/empresa\/oakscan-polifenoles-madera\/","og_locale":"es_ES","og_type":"article","og_title":"Un procedimiento \u00fanico: OAKSCAN\u00ae - Toneler\u00eda Radoux","og_description":"Un procedimiento \u00fanico de medida instant\u00e1nea del contenido en polifenoles de la madera: OakScan\u00ae.","og_url":"https:\/\/www.radoux.fr\/es\/empresa\/oakscan-polifenoles-madera\/","og_site_name":"Tonnellerie Radoux (Spanish version)","article_modified_time":"2019-06-28T10:07:38+00:00","og_image":[{"url":"http:\/\/www.radoux.fr\/wp-content\/uploads\/2014\/06\/douelles_oakscan.jpg"}],"twitter_misc":{"Tiempo de lectura":"1 minuto"},"schema":{"@context":"https:\/\/schema.org","@graph":[{"@type":"WebSite","@id":"https:\/\/www.radoux.fr\/es\/#website","url":"https:\/\/www.radoux.fr\/es\/","name":"Tonnellerie Radoux (Spanish version)","description":"","potentialAction":[{"@type":"SearchAction","target":{"@type":"EntryPoint","urlTemplate":"https:\/\/www.radoux.fr\/es\/?s={search_term_string}"},"query-input":"required name=search_term_string"}],"inLanguage":"es"},{"@type":"WebPage","@id":"https:\/\/www.radoux.fr\/es\/empresa\/oakscan-polifenoles-madera\/","url":"https:\/\/www.radoux.fr\/es\/empresa\/oakscan-polifenoles-madera\/","name":"Un procedimiento \u00fanico: OAKSCAN\u00ae - Toneler\u00eda Radoux","isPartOf":{"@id":"https:\/\/www.radoux.fr\/es\/#website"},"datePublished":"2014-04-30T14:47:42+00:00","dateModified":"2019-06-28T10:07:38+00:00","description":"Un procedimiento \u00fanico de medida instant\u00e1nea del contenido en polifenoles de la madera: OakScan\u00ae.","breadcrumb":{"@id":"https:\/\/www.radoux.fr\/es\/empresa\/oakscan-polifenoles-madera\/#breadcrumb"},"inLanguage":"es","potentialAction":[{"@type":"ReadAction","target":["https:\/\/www.radoux.fr\/es\/empresa\/oakscan-polifenoles-madera\/"]}]},{"@type":"BreadcrumbList","@id":"https:\/\/www.radoux.fr\/es\/empresa\/oakscan-polifenoles-madera\/#breadcrumb","itemListElement":[{"@type":"ListItem","position":1,"name":"Accueil","item":"https:\/\/www.radoux.fr\/es\/"},{"@type":"ListItem","position":2,"name":"La empresa","item":"http:\/\/www.radoux.fr\/es\/empresa\/nuestros-valores\/"},{"@type":"ListItem","position":3,"name":"Un procedimiento \u00fanico: OAKSCAN\u00ae"}]}]}},"_links":{"self":[{"href":"https:\/\/www.radoux.fr\/es\/wp-json\/wp\/v2\/pages\/15"}],"collection":[{"href":"https:\/\/www.radoux.fr\/es\/wp-json\/wp\/v2\/pages"}],"about":[{"href":"https:\/\/www.radoux.fr\/es\/wp-json\/wp\/v2\/types\/page"}],"author":[{"embeddable":true,"href":"https:\/\/www.radoux.fr\/es\/wp-json\/wp\/v2\/users\/1"}],"replies":[{"embeddable":true,"href":"https:\/\/www.radoux.fr\/es\/wp-json\/wp\/v2\/comments?post=15"}],"version-history":[{"count":7,"href":"https:\/\/www.radoux.fr\/es\/wp-json\/wp\/v2\/pages\/15\/revisions"}],"predecessor-version":[{"id":1514,"href":"https:\/\/www.radoux.fr\/es\/wp-json\/wp\/v2\/pages\/15\/revisions\/1514"}],"up":[{"embeddable":true,"href":"https:\/\/www.radoux.fr\/es\/wp-json\/wp\/v2\/pages\/12"}],"wp:attachment":[{"href":"https:\/\/www.radoux.fr\/es\/wp-json\/wp\/v2\/media?parent=15"}],"curies":[{"name":"wp","href":"https:\/\/api.w.org\/{rel}","templated":true}]}}