{"id":14,"date":"2014-04-30T15:47:27","date_gmt":"2014-04-30T14:47:27","guid":{"rendered":"http:\/\/radoux.dev\/?page_id=10"},"modified":"2023-10-13T08:50:04","modified_gmt":"2023-10-13T07:50:04","slug":"investigacion-y-desarrollo","status":"publish","type":"page","link":"https:\/\/www.radoux.fr\/es\/empresa\/investigacion-y-desarrollo\/","title":{"rendered":"Investigaci\u00f3n y desarrollo"},"content":{"rendered":"<div id=\"pl-14\"  class=\"panel-layout\" ><div id=\"pg-14-0\"  class=\"panel-grid panel-no-style\" ><div id=\"pgc-14-0-0\"  class=\"panel-grid-cell\" ><div id=\"panel-14-0-0-0\" class=\"so-panel widget widget_text panel-first-child panel-last-child\" data-index=\"0\" >\t\t\t<div class=\"textwidget\"><h3>Innovar<\/h3>\n<p>Al llevar a cabo numerosos planes de experimentaci\u00f3n, desde la selecci\u00f3n de grano hasta el an\u00e1lisis sensorial de vinos acabados, Radoux ha ido recogiendo toda una serie de detallados conocimientos, que han permitido ofrecer, por ejemplo, una gama de <a href=\"https:\/\/www.radoux.fr\/es\/savoir-faire\/tostado\/\">tostados<\/a> muy definidos y reproducibles.<\/p>\n<p>Con el fin de mejorar permanentemente la calidad del conjunto de la gama y de tener en cuenta toda la cadena de producci\u00f3n, el departamento de Investigaci\u00f3n y Desarrollo dirigi\u00f3 sus estudios hacia el principio del proceso, trabajando en la selecci\u00f3n de materias primas, y hacia el final del proceso, con los aspectos organol\u00e9pticos del aporte de madera.<\/p>\n<p><strong>\u00daltima innovaci\u00f3n de Radoux : <a href=\"https:\/\/www.radoux.fr\/es\/empresa\/oakscan-polifenoles-madera\/\">Oakscan&reg;<\/a>, un proceso \u00fanico de an\u00e1lisis de elagitaninos.<\/strong><\/p>\n<hr>\n<h3>Saber m\u00e1s<\/h3>\n<div class=\"info\">\n<p>Selecci\u00f3n de madera y tostados definidos y reproducibles<\/p>\n<p>Los planes de ensayos de la I&D de Radoux, como se ha se\u00f1alado, se extienden desde la selecci\u00f3n de madera y grano hasta el an\u00e1lisis sensorial de los vinos acabados en colaboraci\u00f3n estrecha con profesionales del vino. De esta manera, estudiamos las caracter\u00edsticas qu\u00edmicas de nuestras barricas no solamente a la salida de la toneler\u00eda, sino sobre todo en condiciones reales de crianza, en diversas a\u00f1adas, diferenciando variedades y zonas.<br \/>\nEste compromiso cotidiano con los bodegueros nos permite definir con precisi\u00f3n los perfiles de nuestros productos en t\u00e9rminos de aporte organol\u00e9ptico, considerando los condicionantes de trabajo de los en\u00f3logos y la variabilidad de los vinos. Ofrecemos selecciones de madera y tostados definidos y reproducibles  que responden a objetivos enol\u00f3gicos precisos.<\/p>\n<p>Nos travaux ont notamment permis de r\u00e9pondre pr\u00e9cis\u00e9ment aux attentes \u0153nologiques de respect du fruit et sucrosit\u00e9 avec la cr\u00e9ation de la gamme de chauffe \u00ab Evolution \u00bb, d'atteindre un niveau rigoureux de reproductibilit\u00e9 dans tous les types de chauffe, et de savoir proposer des s\u00e9lections de bois sp\u00e9cifiques aux attentes \u0153nologiques li\u00e9es aux vins blancs.<\/p>\n<\/div>\n<h3>Nuestros colaboradores<\/h3>\n<div class=\"info\">\n<p>Radoux trabaja en estrecha colaboraci\u00f3n con numerosos organismos, como el Institut Technique du Vin del INRA en Montpellier, la unidad de mejora gen\u00e9tica y fisiolog\u00eda forestal del INRA en Orl\u00e9ans, el CEMAGREF, el Institut Sup\u00e9rieur de la Vigne et du Vin (ISVV)\u2026 Tras una primera tesis CIFRE terminada en 2012 sobre \u201cClasificaci\u00f3n e influencia de los polifenoles de la madera de roble en la calidad de los vinos\u201d, financia hasta 2015 una segunda tesis en colaboraci\u00f3n con el doctorado de la Facultad de Enolog\u00eda de Burdeos sobre \u201cLa influencia de los polisac\u00e1ridos los elagitaninos de la madera en la calidad de los vinos y bebidas espirituosas\u201d. Radoux se apoya igualmente en fuertes alianzas con Universidades extranjeras (Sud\u00e1frica, Espa\u00f1a, EE.UU,\u2026) y participa en diferentes congresos (ASEV, MacroWine, OIV\u2026).<\/p>\n<\/div>\n<\/div>\n\t\t<\/div><\/div><div id=\"pgc-14-0-1\"  class=\"panel-grid-cell\" ><div id=\"panel-14-0-1-0\" class=\"so-panel widget widget_text panel-first-child panel-last-child\" data-index=\"1\" >\t\t\t<div class=\"textwidget\"><img src=\"http:\/\/www.radoux.fr\/wp-content\/uploads\/2014\/06\/retd_radoux.jpg\" alt=\"contr\u00f4le des douelles\">\n<h6>Control de duelas<\/h6>\n<img src=\"http:\/\/www.radoux.fr\/wp-content\/uploads\/2014\/06\/hotte.jpg\" alt=\"outil de production Radoux\">\n<h6>Un equipamiento de producci\u00f3n de alta tecnolog\u00eda<\/h6><\/div>\n\t\t<\/div><\/div><\/div><div id=\"pg-14-1\"  class=\"panel-grid panel-no-style\" ><div id=\"pgc-14-1-0\"  class=\"panel-grid-cell\" ><div id=\"panel-14-1-0-0\" class=\"so-panel widget widget_text panel-first-child panel-last-child\" data-index=\"2\" >\t\t\t<div class=\"textwidget\"><p><div class=\"radoux-share shortcode center\">\n        <strong>Partager<\/strong>\n    <ul>\n        <li class=\"facebook\"><a href=\"https:\/\/www.facebook.com\/sharer\/sharer.php?u=\" target=\"_blank\" class=\"dashicons dashicons-facebook-alt\" rel=\"noopener\"><span>Partager sur Facebook<\/span><\/a><\/li>\n        <li class=\"twitter\"><a href=\"https:\/\/twitter.com\/home?status=\" target=\"_blank\" class=\"dashicons dashicons-twitter\" rel=\"noopener\"><span>Partager sur Twitter<\/span><\/a><\/li>\n    <\/ul>\n<\/div><\/p><\/div>\n\t\t<\/div><\/div><\/div><\/div>","protected":false},"excerpt":{"rendered":"<p>Tonnellerie Radoux puso en marcha en el a\u00f1o 2000 un departamento de Investigaci\u00f3n y Desarrollo con el objetivo de profundizar en el estudio cient\u00edfico del proceso de fabricaci\u00f3n.<\/p>\n","protected":false},"author":1,"featured_media":0,"parent":12,"menu_order":2,"comment_status":"open","ping_status":"open","template":"","meta":{"_links_to":"","_links_to_target":""},"yoast_head":"<!-- This site is optimized with the Yoast SEO plugin v19.4 - https:\/\/yoast.com\/wordpress\/plugins\/seo\/ -->\n<title>Investigaci\u00f3n y desarrollo - Toneler\u00eda Radoux<\/title>\n<meta name=\"robots\" content=\"index, follow, max-snippet:-1, max-image-preview:large, max-video-preview:-1\" \/>\n<link rel=\"canonical\" href=\"https:\/\/www.radoux.fr\/es\/empresa\/investigacion-y-desarrollo\/\" \/>\n<meta property=\"og:locale\" content=\"es_ES\" \/>\n<meta property=\"og:type\" content=\"article\" \/>\n<meta property=\"og:title\" content=\"Investigaci\u00f3n y desarrollo - Toneler\u00eda Radoux\" \/>\n<meta property=\"og:description\" content=\"Tonnellerie Radoux puso en marcha en el a\u00f1o 2000 un departamento de Investigaci\u00f3n y Desarrollo con el objetivo de profundizar en el estudio cient\u00edfico del proceso de fabricaci\u00f3n.\" \/>\n<meta property=\"og:url\" content=\"https:\/\/www.radoux.fr\/es\/empresa\/investigacion-y-desarrollo\/\" \/>\n<meta property=\"og:site_name\" content=\"Tonnellerie Radoux (Spanish version)\" \/>\n<meta property=\"article:modified_time\" content=\"2023-10-13T07:50:04+00:00\" \/>\n<meta property=\"og:image\" content=\"http:\/\/www.radoux.fr\/wp-content\/uploads\/2014\/06\/retd_radoux.jpg\" \/>\n<meta name=\"twitter:label1\" content=\"Tiempo de lectura\" \/>\n\t<meta name=\"twitter:data1\" content=\"3 minutos\" \/>\n<script type=\"application\/ld+json\" class=\"yoast-schema-graph\">{\"@context\":\"https:\/\/schema.org\",\"@graph\":[{\"@type\":\"WebSite\",\"@id\":\"https:\/\/www.radoux.fr\/es\/#website\",\"url\":\"https:\/\/www.radoux.fr\/es\/\",\"name\":\"Tonnellerie Radoux (Spanish version)\",\"description\":\"\",\"potentialAction\":[{\"@type\":\"SearchAction\",\"target\":{\"@type\":\"EntryPoint\",\"urlTemplate\":\"https:\/\/www.radoux.fr\/es\/?s={search_term_string}\"},\"query-input\":\"required name=search_term_string\"}],\"inLanguage\":\"es\"},{\"@type\":\"WebPage\",\"@id\":\"https:\/\/www.radoux.fr\/es\/empresa\/investigacion-y-desarrollo\/\",\"url\":\"https:\/\/www.radoux.fr\/es\/empresa\/investigacion-y-desarrollo\/\",\"name\":\"Investigaci\u00f3n y desarrollo - Toneler\u00eda Radoux\",\"isPartOf\":{\"@id\":\"https:\/\/www.radoux.fr\/es\/#website\"},\"datePublished\":\"2014-04-30T14:47:27+00:00\",\"dateModified\":\"2023-10-13T07:50:04+00:00\",\"breadcrumb\":{\"@id\":\"https:\/\/www.radoux.fr\/es\/empresa\/investigacion-y-desarrollo\/#breadcrumb\"},\"inLanguage\":\"es\",\"potentialAction\":[{\"@type\":\"ReadAction\",\"target\":[\"https:\/\/www.radoux.fr\/es\/empresa\/investigacion-y-desarrollo\/\"]}]},{\"@type\":\"BreadcrumbList\",\"@id\":\"https:\/\/www.radoux.fr\/es\/empresa\/investigacion-y-desarrollo\/#breadcrumb\",\"itemListElement\":[{\"@type\":\"ListItem\",\"position\":1,\"name\":\"Accueil\",\"item\":\"https:\/\/www.radoux.fr\/es\/\"},{\"@type\":\"ListItem\",\"position\":2,\"name\":\"La empresa\",\"item\":\"http:\/\/www.radoux.fr\/es\/empresa\/nuestros-valores\/\"},{\"@type\":\"ListItem\",\"position\":3,\"name\":\"Investigaci\u00f3n y desarrollo\"}]}]}<\/script>\n<!-- \/ Yoast SEO plugin. -->","yoast_head_json":{"title":"Investigaci\u00f3n y desarrollo - Toneler\u00eda Radoux","robots":{"index":"index","follow":"follow","max-snippet":"max-snippet:-1","max-image-preview":"max-image-preview:large","max-video-preview":"max-video-preview:-1"},"canonical":"https:\/\/www.radoux.fr\/es\/empresa\/investigacion-y-desarrollo\/","og_locale":"es_ES","og_type":"article","og_title":"Investigaci\u00f3n y desarrollo - Toneler\u00eda Radoux","og_description":"Tonnellerie Radoux puso en marcha en el a\u00f1o 2000 un departamento de Investigaci\u00f3n y Desarrollo con el objetivo de profundizar en el estudio cient\u00edfico del proceso de fabricaci\u00f3n.","og_url":"https:\/\/www.radoux.fr\/es\/empresa\/investigacion-y-desarrollo\/","og_site_name":"Tonnellerie Radoux (Spanish version)","article_modified_time":"2023-10-13T07:50:04+00:00","og_image":[{"url":"http:\/\/www.radoux.fr\/wp-content\/uploads\/2014\/06\/retd_radoux.jpg"}],"twitter_misc":{"Tiempo de lectura":"3 minutos"},"schema":{"@context":"https:\/\/schema.org","@graph":[{"@type":"WebSite","@id":"https:\/\/www.radoux.fr\/es\/#website","url":"https:\/\/www.radoux.fr\/es\/","name":"Tonnellerie Radoux (Spanish version)","description":"","potentialAction":[{"@type":"SearchAction","target":{"@type":"EntryPoint","urlTemplate":"https:\/\/www.radoux.fr\/es\/?s={search_term_string}"},"query-input":"required name=search_term_string"}],"inLanguage":"es"},{"@type":"WebPage","@id":"https:\/\/www.radoux.fr\/es\/empresa\/investigacion-y-desarrollo\/","url":"https:\/\/www.radoux.fr\/es\/empresa\/investigacion-y-desarrollo\/","name":"Investigaci\u00f3n y desarrollo - Toneler\u00eda Radoux","isPartOf":{"@id":"https:\/\/www.radoux.fr\/es\/#website"},"datePublished":"2014-04-30T14:47:27+00:00","dateModified":"2023-10-13T07:50:04+00:00","breadcrumb":{"@id":"https:\/\/www.radoux.fr\/es\/empresa\/investigacion-y-desarrollo\/#breadcrumb"},"inLanguage":"es","potentialAction":[{"@type":"ReadAction","target":["https:\/\/www.radoux.fr\/es\/empresa\/investigacion-y-desarrollo\/"]}]},{"@type":"BreadcrumbList","@id":"https:\/\/www.radoux.fr\/es\/empresa\/investigacion-y-desarrollo\/#breadcrumb","itemListElement":[{"@type":"ListItem","position":1,"name":"Accueil","item":"https:\/\/www.radoux.fr\/es\/"},{"@type":"ListItem","position":2,"name":"La empresa","item":"http:\/\/www.radoux.fr\/es\/empresa\/nuestros-valores\/"},{"@type":"ListItem","position":3,"name":"Investigaci\u00f3n y desarrollo"}]}]}},"_links":{"self":[{"href":"https:\/\/www.radoux.fr\/es\/wp-json\/wp\/v2\/pages\/14"}],"collection":[{"href":"https:\/\/www.radoux.fr\/es\/wp-json\/wp\/v2\/pages"}],"about":[{"href":"https:\/\/www.radoux.fr\/es\/wp-json\/wp\/v2\/types\/page"}],"author":[{"embeddable":true,"href":"https:\/\/www.radoux.fr\/es\/wp-json\/wp\/v2\/users\/1"}],"replies":[{"embeddable":true,"href":"https:\/\/www.radoux.fr\/es\/wp-json\/wp\/v2\/comments?post=14"}],"version-history":[{"count":7,"href":"https:\/\/www.radoux.fr\/es\/wp-json\/wp\/v2\/pages\/14\/revisions"}],"predecessor-version":[{"id":1630,"href":"https:\/\/www.radoux.fr\/es\/wp-json\/wp\/v2\/pages\/14\/revisions\/1630"}],"up":[{"embeddable":true,"href":"https:\/\/www.radoux.fr\/es\/wp-json\/wp\/v2\/pages\/12"}],"wp:attachment":[{"href":"https:\/\/www.radoux.fr\/es\/wp-json\/wp\/v2\/media?parent=14"}],"curies":[{"name":"wp","href":"https:\/\/api.w.org\/{rel}","templated":true}]}}