{"id":13,"date":"2014-04-30T15:47:14","date_gmt":"2014-04-30T14:47:14","guid":{"rendered":"http:\/\/radoux.dev\/?page_id=8"},"modified":"2014-09-25T13:39:37","modified_gmt":"2014-09-25T12:39:37","slug":"nuestros-valores","status":"publish","type":"page","link":"https:\/\/www.radoux.fr\/es\/empresa\/nuestros-valores\/","title":{"rendered":"Nuestros valores"},"content":{"rendered":"<div id=\"pl-13\"  class=\"panel-layout\" ><div id=\"pg-13-0\"  class=\"panel-grid panel-no-style\" ><div id=\"pgc-13-0-0\"  class=\"panel-grid-cell panel-grid-cell-mobile-last\" ><div id=\"panel-13-0-0-0\" class=\"so-panel widget widget_text panel-first-child panel-last-child\" data-index=\"0\" >\t\t\t<div class=\"textwidget\"><h3>Meilleurs ouvriers de France<\/h3>\n<p>El lugar del hombre, de sus manos, de sus conocimientos y de su destreza es preponderante e irreemplazable en Radoux, que incluye entre sus trabajadores numerosos toneleros calificados Meilleurs Ouvriers de France. Ellos transmiten  su experiencia y supervisan todas <a href=\"https:\/\/www.radoux.fr\/es\/savoir-faire\/arte-del-maestro-tonelero\/\">las etapas de fabricaci\u00f3n<\/a> y la mejora permanente de nuestros procesos.<\/p><\/div>\n\t\t<\/div><\/div><div id=\"pgc-13-0-1\"  class=\"panel-grid-cell panel-grid-cell-empty\" ><\/div><\/div><div id=\"pg-13-1\"  class=\"panel-grid panel-no-style\" ><div id=\"pgc-13-1-0\"  class=\"panel-grid-cell\" ><div id=\"panel-13-1-0-0\" class=\"so-panel widget widget_siteorigin-panels-image panel-first-child\" data-index=\"1\" ><img src=\"http:\/\/www.radoux.fr\/wp-content\/uploads\/2014\/06\/laser_fonds.jpg\" \/><\/div><div id=\"panel-13-1-0-1\" class=\"so-panel widget widget_text panel-last-child\" data-index=\"2\" >\t\t\t<div class=\"textwidget\"><h6>Preparaci\u00f3n de fondos<\/h6><\/div>\n\t\t<\/div><\/div><div id=\"pgc-13-1-1\"  class=\"panel-grid-cell\" ><div id=\"panel-13-1-1-0\" class=\"so-panel widget widget_siteorigin-panels-image panel-first-child\" data-index=\"3\" ><img src=\"http:\/\/www.radoux.fr\/wp-content\/uploads\/2014\/06\/cerclage-chataigner.jpg\" \/><\/div><div id=\"panel-13-1-1-1\" class=\"so-panel widget widget_text panel-last-child\" data-index=\"4\" >\t\t\t<div class=\"textwidget\"><h6>Colocaci\u00f3n de aros de casta\u00f1o<\/h6><\/div>\n\t\t<\/div><\/div><div id=\"pgc-13-1-2\"  class=\"panel-grid-cell\" ><div id=\"panel-13-1-2-0\" class=\"so-panel widget widget_siteorigin-panels-image panel-first-child\" data-index=\"5\" ><img src=\"http:\/\/www.radoux.fr\/wp-content\/uploads\/2014\/09\/barriques-nosvaleurs.jpg\" \/><\/div><div id=\"panel-13-1-2-1\" class=\"so-panel widget widget_text panel-last-child\" data-index=\"6\" >\t\t\t<div class=\"textwidget\"><h6>Radoux concilia la destreza artesanal y exclusivamente manual (control visual de las duelas, colocaci\u00f3n de los fondos, tostado,\u2026) con un dominio tecnol\u00f3gico  que garantiza una calidad, una homogeneidad y una regularidad perfecta de las barricas.<\/h6><\/div>\n\t\t<\/div><\/div><\/div><div id=\"pg-13-2\"  class=\"panel-grid panel-no-style\" ><div id=\"pgc-13-2-0\"  class=\"panel-grid-cell\" ><div id=\"panel-13-2-0-0\" class=\"so-panel widget widget_black-studio-tinymce widget_black_studio_tinymce panel-first-child panel-last-child\" data-index=\"7\" ><div class=\"textwidget\"><blockquote>La fuerza de Radoux consiste en haber sabido, a trav\u00e9s de su investigaci\u00f3n, integrar la tecnolog\u00eda all\u00ed donde su precisi\u00f3n la convierte en m\u00e1s eficaz que las manos del mejor de los toneleros.<\/blockquote>\n<p><div class=\"radoux-share shortcode center\">\n        <strong>Partager<\/strong>\n    <ul>\n        <li class=\"facebook\"><a href=\"https:\/\/www.facebook.com\/sharer\/sharer.php?u=https:\/\/www.radoux.fr\/es\/?p=13\" target=\"_blank\" class=\"dashicons dashicons-facebook-alt\"><span>Partager sur Facebook<\/span><\/a><\/li>\n        <li class=\"twitter\"><a href=\"https:\/\/twitter.com\/home?status=https:\/\/www.radoux.fr\/es\/?p=13\" target=\"_blank\" class=\"dashicons dashicons-twitter\"><span>Partager sur Twitter<\/span><\/a><\/li>\n    <\/ul>\n<\/div><\/p><\/div><\/div><\/div><\/div><\/div>","protected":false},"excerpt":{"rendered":"<p>Desde la selecci\u00f3n de la madera al seguimiento enol\u00f3gico, Radoux perpet\u00faa la tradici\u00f3n tonelera francesa desde 1947.<\/p>\n","protected":false},"author":1,"featured_media":0,"parent":12,"menu_order":1,"comment_status":"open","ping_status":"open","template":"","meta":{"_links_to":"","_links_to_target":""},"yoast_head":"<!-- This site is optimized with the Yoast SEO plugin v19.4 - https:\/\/yoast.com\/wordpress\/plugins\/seo\/ -->\n<title>Nuestros valores - Toneler\u00eda Radoux<\/title>\n<meta name=\"description\" content=\"Meilleurs ouvriers de France - El lugar del hombre, de sus manos, de sus conocimientos y de su destreza es preponderante e irreemplazable en Radoux\" \/>\n<meta name=\"robots\" content=\"index, follow, max-snippet:-1, max-image-preview:large, max-video-preview:-1\" \/>\n<link rel=\"canonical\" href=\"https:\/\/www.radoux.fr\/es\/empresa\/nuestros-valores\/\" \/>\n<meta property=\"og:locale\" content=\"es_ES\" \/>\n<meta property=\"og:type\" content=\"article\" \/>\n<meta property=\"og:title\" content=\"Nuestros valores - Toneler\u00eda Radoux\" \/>\n<meta property=\"og:description\" content=\"Meilleurs ouvriers de France - El lugar del hombre, de sus manos, de sus conocimientos y de su destreza es preponderante e irreemplazable en Radoux\" \/>\n<meta property=\"og:url\" content=\"https:\/\/www.radoux.fr\/es\/empresa\/nuestros-valores\/\" \/>\n<meta property=\"og:site_name\" content=\"Tonnellerie Radoux (Spanish version)\" \/>\n<meta property=\"article:modified_time\" content=\"2014-09-25T12:39:37+00:00\" \/>\n<meta property=\"og:image\" content=\"http:\/\/www.radoux.fr\/wp-content\/uploads\/2014\/06\/laser_fonds.jpg\" \/>\n<meta name=\"twitter:label1\" content=\"Tiempo de lectura\" \/>\n\t<meta name=\"twitter:data1\" content=\"1 minuto\" \/>\n<script type=\"application\/ld+json\" class=\"yoast-schema-graph\">{\"@context\":\"https:\/\/schema.org\",\"@graph\":[{\"@type\":\"WebSite\",\"@id\":\"https:\/\/www.radoux.fr\/es\/#website\",\"url\":\"https:\/\/www.radoux.fr\/es\/\",\"name\":\"Tonnellerie Radoux (Spanish version)\",\"description\":\"\",\"potentialAction\":[{\"@type\":\"SearchAction\",\"target\":{\"@type\":\"EntryPoint\",\"urlTemplate\":\"https:\/\/www.radoux.fr\/es\/?s={search_term_string}\"},\"query-input\":\"required name=search_term_string\"}],\"inLanguage\":\"es\"},{\"@type\":\"WebPage\",\"@id\":\"https:\/\/www.radoux.fr\/es\/empresa\/nuestros-valores\/\",\"url\":\"https:\/\/www.radoux.fr\/es\/empresa\/nuestros-valores\/\",\"name\":\"Nuestros valores - Toneler\u00eda Radoux\",\"isPartOf\":{\"@id\":\"https:\/\/www.radoux.fr\/es\/#website\"},\"datePublished\":\"2014-04-30T14:47:14+00:00\",\"dateModified\":\"2014-09-25T12:39:37+00:00\",\"description\":\"Meilleurs ouvriers de France - El lugar del hombre, de sus manos, de sus conocimientos y de su destreza es preponderante e irreemplazable en Radoux\",\"breadcrumb\":{\"@id\":\"https:\/\/www.radoux.fr\/es\/empresa\/nuestros-valores\/#breadcrumb\"},\"inLanguage\":\"es\",\"potentialAction\":[{\"@type\":\"ReadAction\",\"target\":[\"https:\/\/www.radoux.fr\/es\/empresa\/nuestros-valores\/\"]}]},{\"@type\":\"BreadcrumbList\",\"@id\":\"https:\/\/www.radoux.fr\/es\/empresa\/nuestros-valores\/#breadcrumb\",\"itemListElement\":[{\"@type\":\"ListItem\",\"position\":1,\"name\":\"Accueil\",\"item\":\"https:\/\/www.radoux.fr\/es\/\"},{\"@type\":\"ListItem\",\"position\":2,\"name\":\"La empresa\",\"item\":\"http:\/\/www.radoux.fr\/es\/empresa\/nuestros-valores\/\"},{\"@type\":\"ListItem\",\"position\":3,\"name\":\"Nuestros valores\"}]}]}<\/script>\n<!-- \/ Yoast SEO plugin. -->","yoast_head_json":{"title":"Nuestros valores - Toneler\u00eda Radoux","description":"Meilleurs ouvriers de France - El lugar del hombre, de sus manos, de sus conocimientos y de su destreza es preponderante e irreemplazable en Radoux","robots":{"index":"index","follow":"follow","max-snippet":"max-snippet:-1","max-image-preview":"max-image-preview:large","max-video-preview":"max-video-preview:-1"},"canonical":"https:\/\/www.radoux.fr\/es\/empresa\/nuestros-valores\/","og_locale":"es_ES","og_type":"article","og_title":"Nuestros valores - Toneler\u00eda Radoux","og_description":"Meilleurs ouvriers de France - El lugar del hombre, de sus manos, de sus conocimientos y de su destreza es preponderante e irreemplazable en Radoux","og_url":"https:\/\/www.radoux.fr\/es\/empresa\/nuestros-valores\/","og_site_name":"Tonnellerie Radoux (Spanish version)","article_modified_time":"2014-09-25T12:39:37+00:00","og_image":[{"url":"http:\/\/www.radoux.fr\/wp-content\/uploads\/2014\/06\/laser_fonds.jpg"}],"twitter_misc":{"Tiempo de lectura":"1 minuto"},"schema":{"@context":"https:\/\/schema.org","@graph":[{"@type":"WebSite","@id":"https:\/\/www.radoux.fr\/es\/#website","url":"https:\/\/www.radoux.fr\/es\/","name":"Tonnellerie Radoux (Spanish version)","description":"","potentialAction":[{"@type":"SearchAction","target":{"@type":"EntryPoint","urlTemplate":"https:\/\/www.radoux.fr\/es\/?s={search_term_string}"},"query-input":"required name=search_term_string"}],"inLanguage":"es"},{"@type":"WebPage","@id":"https:\/\/www.radoux.fr\/es\/empresa\/nuestros-valores\/","url":"https:\/\/www.radoux.fr\/es\/empresa\/nuestros-valores\/","name":"Nuestros valores - Toneler\u00eda Radoux","isPartOf":{"@id":"https:\/\/www.radoux.fr\/es\/#website"},"datePublished":"2014-04-30T14:47:14+00:00","dateModified":"2014-09-25T12:39:37+00:00","description":"Meilleurs ouvriers de France - El lugar del hombre, de sus manos, de sus conocimientos y de su destreza es preponderante e irreemplazable en Radoux","breadcrumb":{"@id":"https:\/\/www.radoux.fr\/es\/empresa\/nuestros-valores\/#breadcrumb"},"inLanguage":"es","potentialAction":[{"@type":"ReadAction","target":["https:\/\/www.radoux.fr\/es\/empresa\/nuestros-valores\/"]}]},{"@type":"BreadcrumbList","@id":"https:\/\/www.radoux.fr\/es\/empresa\/nuestros-valores\/#breadcrumb","itemListElement":[{"@type":"ListItem","position":1,"name":"Accueil","item":"https:\/\/www.radoux.fr\/es\/"},{"@type":"ListItem","position":2,"name":"La empresa","item":"http:\/\/www.radoux.fr\/es\/empresa\/nuestros-valores\/"},{"@type":"ListItem","position":3,"name":"Nuestros valores"}]}]}},"_links":{"self":[{"href":"https:\/\/www.radoux.fr\/es\/wp-json\/wp\/v2\/pages\/13"}],"collection":[{"href":"https:\/\/www.radoux.fr\/es\/wp-json\/wp\/v2\/pages"}],"about":[{"href":"https:\/\/www.radoux.fr\/es\/wp-json\/wp\/v2\/types\/page"}],"author":[{"embeddable":true,"href":"https:\/\/www.radoux.fr\/es\/wp-json\/wp\/v2\/users\/1"}],"replies":[{"embeddable":true,"href":"https:\/\/www.radoux.fr\/es\/wp-json\/wp\/v2\/comments?post=13"}],"version-history":[{"count":6,"href":"https:\/\/www.radoux.fr\/es\/wp-json\/wp\/v2\/pages\/13\/revisions"}],"predecessor-version":[{"id":1294,"href":"https:\/\/www.radoux.fr\/es\/wp-json\/wp\/v2\/pages\/13\/revisions\/1294"}],"up":[{"embeddable":true,"href":"https:\/\/www.radoux.fr\/es\/wp-json\/wp\/v2\/pages\/12"}],"wp:attachment":[{"href":"https:\/\/www.radoux.fr\/es\/wp-json\/wp\/v2\/media?parent=13"}],"curies":[{"name":"wp","href":"https:\/\/api.w.org\/{rel}","templated":true}]}}