{"id":11,"date":"2014-04-30T13:56:58","date_gmt":"2014-04-30T13:56:58","guid":{"rendered":"http:\/\/radoux.dev\/?page_id=2"},"modified":"2016-09-06T14:59:16","modified_gmt":"2016-09-06T13:59:16","slug":"accueil","status":"publish","type":"page","link":"https:\/\/www.radoux.fr\/en\/","title":{"rendered":"Accueil"},"content":{"rendered":"<p>Lorem ipsum dolor sit amet <b>en gras<\/b>, consectetur adipiscing elit. Aenean lacus elit, sagittis eu <a href=\"#\">un lien<\/a> egestas vitae, <i>en italique<\/i> elementum id sapien. Duis facilisis dui <del>mal barr\u00e9<\/del> enim, at tristique libero.<\/p>\n<ul>\n<li>Un \u00e9l\u00e9ment de liste \u00e0 puce<\/li>\n<li>Un \u00e9l\u00e9ment de liste \u00e0 puce<\/li>\n<li><a href=\"#\">Un \u00e9l\u00e9ment de liste \u00e0 puce avec un lien<\/a><\/li>\n<\/ul>\n<p>Lorem ipsum dolor sit amet, consectetur adipiscing elit. Aenean lacus elit, sagittis eu egestas vitae, elementum id sapien. Duis facilisis dui enim, at tristique libero.<\/p>\n<ol>\n<li>Un \u00e9l\u00e9ment de liste num\u00e9rot\u00e9e<\/li>\n<li>Un \u00e9l\u00e9ment de liste num\u00e9rot\u00e9e<\/li>\n<li><a href=\"#\">Un \u00e9l\u00e9ment de liste num\u00e9rot\u00e9e avec un lien<\/a><\/li>\n<\/ol>\n<p>Suspendisse ac blandit magna. Nam mollis, lacus quis adipiscing sodales, diam sem suscipit ipsum, ac tincidunt arcu libero nec nulla. Morbi fermentum scelerisque odio, et blandit lacus pharetra a.<\/p>\n<h1>Un titre dans le corps de la page au m\u00eame niveau que le titre de page<\/h1>\n<h2>Un sous-titre dans le corps de la page<\/h2>\n<h3>Un troisi\u00e8me niveau de titre dans le corps de la page<\/h3>\n<h4>Un quatri\u00e8me niveau de titre dans le corps de la page efeefefefkefoejfo\u00a0 oijefo efef fkejfoef<br \/>kdejofiejfoiefjoeifjeoifjeoifjzef\u00a0 oijf aoj oi jo ijaz azd oia j zodjaz aoi jaoia zjo ad a<\/h4>\n<h5>Un cinqui\u00e8me niveau de titre dans le corps de la page<\/h5>\n<h6>Un dernier niveau de titre dans le corps de la page<\/h6>\n<p>Nam vitae lectus a risus pretium faucibus nec vel justo. Quisque orci est, placerat in semper eu, fringilla in tortor. In bibendum accumsan augue et lacinia. Pellentesque nisl ligula, pharetra vel consequat eget, eleifend laoreet sem. Sed aliquet, metus vel iaculis accumsan, massa enim vestibulum enim, ut commodo ipsum lacus eget felis. Morbi commodo facilisis egestas.<\/p>\n<p><img class=\"alignleft\" src=\"http:\/\/placehold.it\/250x150\" alt=\"une image ferr\u00e9e \u00e0 gauche\" \/>Nunc cursus mollis lacinia. Cras dignissim euismod dui, sit amet molestie felis sagittis cursus. Vivamus nec iaculis purus. Aliquam tincidunt consequat tortor, sed vulputate velit congue a. Pellentesque sit amet felis at nulla imperdiet pharetra. Maecenas suscipit, sem fringilla semper convallis, erat sem aliquet libero, consectetur cursus tortor turpis vitae libero.<\/p>\n<p>Quisque mauris dolor, rhoncus at ornare ac, pretium eu arcu. Sed a eros non sapien auctor egestas et nec eros. Nullam rutrum neque a magna interdum nec gravida justo lobortis. Pellentesque sit amet magna velit. Suspendisse potenti. Ut cursus rutrum ante eu hendrerit.<\/p>\n<p><img class=\"aligncenter\" src=\"http:\/\/placehold.it\/500x250\" alt=\"une image centr\u00e9e\" \/><\/p>\n<p>Quisque mauris dolor, rhoncus at ornare ac, pretium eu arcu. Sed a eros non sapien auctor egestas et nec eros. Nullam rutrum neque a magna interdum nec gravida justo lobortis. Pellentesque sit amet magna velit. Suspendisse potenti. Ut cursus rutrum ante eu hendrerit.<\/p>\n<p><img class=\"alignright\" src=\"http:\/\/placehold.it\/250x150\" alt=\"une image ferr\u00e9e \u00e0 droite\" \/>Aenean sollicitudin, purus malesuada adipiscing sodales, sapien tortor auctor ipsum, in blandit dolor mauris quis nibh. Integer gravida tempor nunc, sit amet suscipit est accumsan a.<\/p>\n<p>Pellentesque non dui purus. Ut imperdiet lorem eu nulla rutrum euismod porttitor vel massa. Mauris tellus est, porta vitae malesuada et, dictum in ipsum.<\/p>\n<p>Pellentesque non dui purus. Ut imperdiet lorem eu nulla rutrum euismod porttitor vel massa. Mauris tellus est, porta vitae malesuada et, dictum in ipsum.<\/p>\n<p>Pellentesque non dui purus. Ut imperdiet lorem eu nulla rutrum euismod porttitor vel massa. Mauris tellus est, porta vitae malesuada et, dictum in ipsum.<\/p>\n<blockquote>\n<p>Citation : Cras condimentum, enim et eleifend commodo, mi lorem accumsan orci, in porttitor justo dui dignissim nunc.<\/p>\n<\/blockquote>\n<p>Pellentesque non dui purus. Ut imperdiet lorem eu nulla rutrum euismod porttitor vel massa. Mauris tellus est, porta vitae malesuada et, dictum in ipsum.<\/p>\n","protected":false},"excerpt":{"rendered":"<p>Lorem ipsum dolor sit amet en gras, consectetur adipiscing elit. Aenean lacus elit, sagittis eu un lien egestas vitae, en italique elementum id sapien. Duis facilisis dui mal barr\u00e9 enim, at tristique libero. Un \u00e9l\u00e9ment de liste \u00e0 puce Un \u00e9l\u00e9ment de liste \u00e0 puce Un \u00e9l\u00e9ment de liste \u00e0 puce avec un lien Lorem [&hellip;]<\/p>\n","protected":false},"author":1,"featured_media":0,"parent":0,"menu_order":4,"comment_status":"open","ping_status":"open","template":"","meta":{"_links_to":"","_links_to_target":""},"yoast_head":"<!-- This site is optimized with the Yoast SEO plugin v19.4 - https:\/\/yoast.com\/wordpress\/plugins\/seo\/ -->\n<title>Accueil - Tonnellerie Radoux<\/title>\n<meta name=\"description\" content=\"Tonnellerie Radoux, fabricant de barriques, cuves et foudres en ch\u00eane pour le vin et les eaux de vie.\" \/>\n<meta name=\"robots\" content=\"index, follow, max-snippet:-1, max-image-preview:large, max-video-preview:-1\" \/>\n<link rel=\"canonical\" href=\"https:\/\/www.radoux.fr\/en\/\" \/>\n<meta property=\"og:locale\" content=\"en_US\" \/>\n<meta property=\"og:type\" content=\"article\" \/>\n<meta property=\"og:title\" content=\"Accueil - Tonnellerie Radoux\" \/>\n<meta property=\"og:description\" content=\"Tonnellerie Radoux, fabricant de barriques, cuves et foudres en ch\u00eane pour le vin et les eaux de vie.\" \/>\n<meta property=\"og:url\" content=\"https:\/\/www.radoux.fr\/en\/\" \/>\n<meta property=\"og:site_name\" content=\"Tonnellerie Radoux (English version)\" \/>\n<meta property=\"article:modified_time\" content=\"2016-09-06T13:59:16+00:00\" \/>\n<meta property=\"og:image\" content=\"http:\/\/www.radoux.fr\/wp-content\/uploads\/2014\/06\/logo-radoux.png\" \/>\n<meta name=\"twitter:label1\" content=\"Est. reading time\" \/>\n\t<meta name=\"twitter:data1\" content=\"3 minutes\" \/>\n<script type=\"application\/ld+json\" class=\"yoast-schema-graph\">{\"@context\":\"https:\/\/schema.org\",\"@graph\":[{\"@type\":\"WebSite\",\"@id\":\"https:\/\/www.radoux.fr\/en\/#website\",\"url\":\"https:\/\/www.radoux.fr\/en\/\",\"name\":\"Tonnellerie Radoux (English version)\",\"description\":\"\",\"potentialAction\":[{\"@type\":\"SearchAction\",\"target\":{\"@type\":\"EntryPoint\",\"urlTemplate\":\"https:\/\/www.radoux.fr\/en\/?s={search_term_string}\"},\"query-input\":\"required name=search_term_string\"}],\"inLanguage\":\"en-US\"},{\"@type\":\"WebPage\",\"@id\":\"https:\/\/www.radoux.fr\/en\/\",\"url\":\"https:\/\/www.radoux.fr\/en\/\",\"name\":\"Accueil - Tonnellerie Radoux\",\"isPartOf\":{\"@id\":\"https:\/\/www.radoux.fr\/en\/#website\"},\"datePublished\":\"2014-04-30T13:56:58+00:00\",\"dateModified\":\"2016-09-06T13:59:16+00:00\",\"description\":\"Tonnellerie Radoux, fabricant de barriques, cuves et foudres en ch\u00eane pour le vin et les eaux de vie.\",\"breadcrumb\":{\"@id\":\"https:\/\/www.radoux.fr\/en\/#breadcrumb\"},\"inLanguage\":\"en-US\",\"potentialAction\":[{\"@type\":\"ReadAction\",\"target\":[\"https:\/\/www.radoux.fr\/en\/\"]}]},{\"@type\":\"BreadcrumbList\",\"@id\":\"https:\/\/www.radoux.fr\/en\/#breadcrumb\",\"itemListElement\":[{\"@type\":\"ListItem\",\"position\":1,\"name\":\"Accueil\",\"item\":\"https:\/\/www.radoux.fr\/en\/\"},{\"@type\":\"ListItem\",\"position\":2,\"name\":\"Accueil\"}]}]}<\/script>\n<!-- \/ Yoast SEO plugin. -->","yoast_head_json":{"title":"Accueil - Tonnellerie Radoux","description":"Tonnellerie Radoux, fabricant de barriques, cuves et foudres en ch\u00eane pour le vin et les eaux de vie.","robots":{"index":"index","follow":"follow","max-snippet":"max-snippet:-1","max-image-preview":"max-image-preview:large","max-video-preview":"max-video-preview:-1"},"canonical":"https:\/\/www.radoux.fr\/en\/","og_locale":"en_US","og_type":"article","og_title":"Accueil - Tonnellerie Radoux","og_description":"Tonnellerie Radoux, fabricant de barriques, cuves et foudres en ch\u00eane pour le vin et les eaux de vie.","og_url":"https:\/\/www.radoux.fr\/en\/","og_site_name":"Tonnellerie Radoux (English version)","article_modified_time":"2016-09-06T13:59:16+00:00","og_image":[{"url":"http:\/\/www.radoux.fr\/wp-content\/uploads\/2014\/06\/logo-radoux.png"}],"twitter_misc":{"Est. reading time":"3 minutes"},"schema":{"@context":"https:\/\/schema.org","@graph":[{"@type":"WebSite","@id":"https:\/\/www.radoux.fr\/en\/#website","url":"https:\/\/www.radoux.fr\/en\/","name":"Tonnellerie Radoux (English version)","description":"","potentialAction":[{"@type":"SearchAction","target":{"@type":"EntryPoint","urlTemplate":"https:\/\/www.radoux.fr\/en\/?s={search_term_string}"},"query-input":"required name=search_term_string"}],"inLanguage":"en-US"},{"@type":"WebPage","@id":"https:\/\/www.radoux.fr\/en\/","url":"https:\/\/www.radoux.fr\/en\/","name":"Accueil - Tonnellerie Radoux","isPartOf":{"@id":"https:\/\/www.radoux.fr\/en\/#website"},"datePublished":"2014-04-30T13:56:58+00:00","dateModified":"2016-09-06T13:59:16+00:00","description":"Tonnellerie Radoux, fabricant de barriques, cuves et foudres en ch\u00eane pour le vin et les eaux de vie.","breadcrumb":{"@id":"https:\/\/www.radoux.fr\/en\/#breadcrumb"},"inLanguage":"en-US","potentialAction":[{"@type":"ReadAction","target":["https:\/\/www.radoux.fr\/en\/"]}]},{"@type":"BreadcrumbList","@id":"https:\/\/www.radoux.fr\/en\/#breadcrumb","itemListElement":[{"@type":"ListItem","position":1,"name":"Accueil","item":"https:\/\/www.radoux.fr\/en\/"},{"@type":"ListItem","position":2,"name":"Accueil"}]}]}},"_links":{"self":[{"href":"https:\/\/www.radoux.fr\/en\/wp-json\/wp\/v2\/pages\/11"}],"collection":[{"href":"https:\/\/www.radoux.fr\/en\/wp-json\/wp\/v2\/pages"}],"about":[{"href":"https:\/\/www.radoux.fr\/en\/wp-json\/wp\/v2\/types\/page"}],"author":[{"embeddable":true,"href":"https:\/\/www.radoux.fr\/en\/wp-json\/wp\/v2\/users\/1"}],"replies":[{"embeddable":true,"href":"https:\/\/www.radoux.fr\/en\/wp-json\/wp\/v2\/comments?post=11"}],"version-history":[{"count":1,"href":"https:\/\/www.radoux.fr\/en\/wp-json\/wp\/v2\/pages\/11\/revisions"}],"predecessor-version":[{"id":1313,"href":"https:\/\/www.radoux.fr\/en\/wp-json\/wp\/v2\/pages\/11\/revisions\/1313"}],"wp:attachment":[{"href":"https:\/\/www.radoux.fr\/en\/wp-json\/wp\/v2\/media?parent=11"}],"curies":[{"name":"wp","href":"https:\/\/api.w.org\/{rel}","templated":true}]}}