{"id":72,"date":"2014-04-30T15:54:22","date_gmt":"2014-04-30T14:54:22","guid":{"rendered":"http:\/\/radoux.dev\/?page_id=72"},"modified":"2024-02-14T13:11:02","modified_gmt":"2024-02-14T12:11:02","slug":"legals","status":"publish","type":"page","link":"https:\/\/www.radoux.fr\/cn\/legals\/","title":{"rendered":"Legals"},"content":{"rendered":"<div id=\"pl-72\"  class=\"panel-layout\" ><div id=\"pg-72-0\"  class=\"panel-grid panel-no-style\" ><div id=\"pgc-72-0-0\"  class=\"panel-grid-cell panel-grid-cell-mobile-last\" ><div id=\"panel-72-0-0-0\" class=\"so-panel widget widget_black-studio-tinymce widget_black_studio_tinymce panel-first-child panel-last-child\" data-index=\"0\" ><div class=\"textwidget\"><h3>1. Pr\u00e9sentation.<\/h3>\n<p>According to Article 6 of Law n\u00b0 2004-575 of 21 June 2004 on trust in the digital economy, the users of the site <a href=\"http:\/\/www.radoux.fr\/\">www.radoux.fr<\/a> are informed of the identity of the various persons responsible for its creation and follow up :<\/p>\n<p><strong>Owner<\/strong> : Tonnellerie Radoux \u2013 10, avenue Faidherbe \u2013 17503 Jonzac \u2013 France<br \/>\n<strong>Capital<\/strong> : 686 621\u20ac<br \/>\n<strong>RCS<\/strong> : SAINTES 82 B5\u00a0323\u00a0622\u00a0217 00012<br \/>\n<strong>TVA:<\/strong> FR 65\u00a0323\u00a0622\u00a0217<br \/>\n<strong>Phone :<\/strong> +33 5 46 48 00 65<br \/>\n<strong>Responsable publication<\/strong> : Christiian Liagre \u2013 info@radoux.fr<br \/>\n<strong>Website hosting<\/strong> : Exalto \u2013 6, Rue Ren\u00e9 Martrenchar \u2013 33150 Cenon<br \/>\n<strong>Creation<\/strong> : <a href=\"www.nouvlr.fr\">Agence Nouv'lr<\/a> &amp; <a href=\"http:\/\/www.lescaracterres.fr\" target=\"_blank\" rel=\"noopener\">Les Caracterres<\/a><br \/>\n<strong>Photos credits :<\/strong> <a title=\"Paul Robin\" href=\"http:\/\/www.paulrobin.com\" target=\"_blank\" rel=\"noopener\">Paul Robin<\/a><\/p>\n<h3>2. General conditions of use of the site and proposed services .<\/h3>\n<p>The use of the website <a href=\"http:\/\/www.radoux.fr\/\">www.radoux.fr<\/a> implies the acceptance of the following general conditions of use. These conditions of use may be modified or completed at any time, the users of the website <a href=\"http:\/\/www.radoux.fr\/\">www.radoux.fr<\/a> are therefore advised to consult them on a regular basis.<\/p>\n<h3>3. Description of services provided.<\/h3>\n<p>The aim of the website <a href=\"http:\/\/www.radoux.fr\">www.radoux.fr<\/a> is to provide information on all the company\u2019s activities.<\/p>\n<p>Tonnellerie Radoux does everything possible to provide the website <a href=\"http:\/\/www.radoux.fr\/\">www.radoux.fr<\/a> with as accurate information as possible. However, it cannot be held responsible for any omission, inaccuracies and shortcomings in the updating of such information, whether it be the result of its own personal action or of that of any third party supplying the information.<\/p>\n<h3>4. Intellectual property and counterfeit products.<\/h3>\n<p>Le site Internet ne pourra \u00eatre tenu responsable de dommages mat\u00e9riels li\u00e9s \u00e0 l\u2019utilisation du site. De plus, l\u2019utilisateur du site s\u2019engage \u00e0 acc\u00e9der au site en utilisant un mat\u00e9riel r\u00e9cent, ne contenant pas de virus et avec un navigateur de derni\u00e8re g\u00e9n\u00e9ration mis-\u00e0-jour<\/p>\n<h3>5. Intellectual property and counterfeit products.<\/h3>\n<p>Tonnellerie Radoux owns the rights of intellectual property or holds the right of use of all the accessible elements of the website, notably the texts, images, graphs, logo, icons, sounds, videos.<\/p>\n<p>Any reproduction, representation, modification, publication, adaptation of all or part of the elements of the website, whatever the means or process used, is prohibited, unless prior written authorization has been granted by Tonnellerie Radoux.<\/p>\n<p>Any unauthorized use of the website or of any of its contents will be considered as a counterfeit and will be pursued in accordance with the provisions of L.335-2 and the following of the Intellectual Property Code.<\/p>\n<h3>6. Right to privacy.<\/h3>\n<p>The information gathered on this website through the contact form is for the sole use of SAS Tonnellerie Radoux. It can neither be resold nor communicated to a third party. In compliance with the French data protection Law 78-17 of 6 January1978, you have the right to access, modify, correct or delete any personal data which concerns you. To exercise this right, please write direct to 10, rue Faidherbe 17503 Jonzac Cedex, France or by e- mail to <a href=\"mailto:rx@radoux.fr\">rx@radoux.fr<\/a>.<\/p>\n<h3>7. Hypertext links and cookies.<\/h3>\n<p>The website <a href=\"http:\/\/www.radoux.fr\/\">www.radoux.fr<\/a> contains a certain number of hypertext links towards other websites, set up with the approval of Tonnellerie Radoux. However, Tonnellerie Radoux is not able to check the contents of the websites that are thus visited, and cannot therefore assume any subsequent responsibility.<\/p>\n<p>During visits to the website <a href=\"http:\/\/www.radoux.fr\/\">www.radoux.fr<\/a> cookies can be installed on the user\u2019s computer. A cookie is a small file which cannot allow for the user to be identified, but which records all the information regarding the user\u2019s browsing of the internet. The parameters included in the browser software can inform the user of the presence of cookies so the user can then choose to deactivate them.<\/p>\n<\/div><\/div><\/div><div id=\"pgc-72-0-1\"  class=\"panel-grid-cell panel-grid-cell-empty\" ><\/div><\/div><\/div>","protected":false},"excerpt":{"rendered":"<p>1. Pr\u00e9sentation. According to Article 6 of Law n\u00b0 2004-575 of 21 June 2004 on trust in the digital economy, the users of the site www.radoux.fr are informed of the identity of the various persons responsible for its creation and follow up : Owner : Tonnellerie Radoux \u2013 10, avenue Faidherbe \u2013 17503 Jonzac \u2013 [&hellip;]<\/p>\n","protected":false},"author":1,"featured_media":0,"parent":0,"menu_order":13,"comment_status":"open","ping_status":"open","template":"","meta":{"_links_to":"","_links_to_target":""},"yoast_head":"<!-- This site is optimized with the Yoast SEO plugin v19.4 - https:\/\/yoast.com\/wordpress\/plugins\/seo\/ -->\n<title>Legals - Tonnelerie Radoux (Chinese version)<\/title>\n<meta name=\"robots\" content=\"index, follow, max-snippet:-1, max-image-preview:large, max-video-preview:-1\" \/>\n<link rel=\"canonical\" href=\"https:\/\/www.radoux.fr\/cn\/legals\/\" \/>\n<meta property=\"og:locale\" content=\"zh_CN\" \/>\n<meta property=\"og:type\" content=\"article\" \/>\n<meta property=\"og:title\" content=\"Legals - Tonnelerie Radoux (Chinese version)\" \/>\n<meta property=\"og:description\" content=\"1. Pr\u00e9sentation. According to Article 6 of Law n\u00b0 2004-575 of 21 June 2004 on trust in the digital economy, the users of the site www.radoux.fr are informed of the identity of the various persons responsible for its creation and follow up : Owner : Tonnellerie Radoux \u2013 10, avenue Faidherbe \u2013 17503 Jonzac \u2013 [&hellip;]\" \/>\n<meta property=\"og:url\" content=\"https:\/\/www.radoux.fr\/cn\/legals\/\" \/>\n<meta property=\"og:site_name\" content=\"Tonnelerie Radoux (Chinese version)\" \/>\n<meta property=\"article:modified_time\" content=\"2024-02-14T12:11:02+00:00\" \/>\n<meta name=\"twitter:label1\" content=\"Est. reading time\" \/>\n\t<meta name=\"twitter:data1\" content=\"3 minutes\" \/>\n<script type=\"application\/ld+json\" class=\"yoast-schema-graph\">{\"@context\":\"https:\/\/schema.org\",\"@graph\":[{\"@type\":\"WebSite\",\"@id\":\"https:\/\/www.radoux.fr\/cn\/#website\",\"url\":\"https:\/\/www.radoux.fr\/cn\/\",\"name\":\"Tonnelerie Radoux (Chinese version)\",\"description\":\"\",\"potentialAction\":[{\"@type\":\"SearchAction\",\"target\":{\"@type\":\"EntryPoint\",\"urlTemplate\":\"https:\/\/www.radoux.fr\/cn\/?s={search_term_string}\"},\"query-input\":\"required name=search_term_string\"}],\"inLanguage\":\"zh-CN\"},{\"@type\":\"WebPage\",\"@id\":\"https:\/\/www.radoux.fr\/cn\/legals\/\",\"url\":\"https:\/\/www.radoux.fr\/cn\/legals\/\",\"name\":\"Legals - Tonnelerie Radoux (Chinese version)\",\"isPartOf\":{\"@id\":\"https:\/\/www.radoux.fr\/cn\/#website\"},\"datePublished\":\"2014-04-30T14:54:22+00:00\",\"dateModified\":\"2024-02-14T12:11:02+00:00\",\"breadcrumb\":{\"@id\":\"https:\/\/www.radoux.fr\/cn\/legals\/#breadcrumb\"},\"inLanguage\":\"zh-CN\",\"potentialAction\":[{\"@type\":\"ReadAction\",\"target\":[\"https:\/\/www.radoux.fr\/cn\/legals\/\"]}]},{\"@type\":\"BreadcrumbList\",\"@id\":\"https:\/\/www.radoux.fr\/cn\/legals\/#breadcrumb\",\"itemListElement\":[{\"@type\":\"ListItem\",\"position\":1,\"name\":\"Accueil\",\"item\":\"https:\/\/www.radoux.fr\/cn\/\"},{\"@type\":\"ListItem\",\"position\":2,\"name\":\"Legals\"}]}]}<\/script>\n<!-- \/ Yoast SEO plugin. -->","yoast_head_json":{"title":"Legals - Tonnelerie Radoux (Chinese version)","robots":{"index":"index","follow":"follow","max-snippet":"max-snippet:-1","max-image-preview":"max-image-preview:large","max-video-preview":"max-video-preview:-1"},"canonical":"https:\/\/www.radoux.fr\/cn\/legals\/","og_locale":"zh_CN","og_type":"article","og_title":"Legals - Tonnelerie Radoux (Chinese version)","og_description":"1. Pr\u00e9sentation. According to Article 6 of Law n\u00b0 2004-575 of 21 June 2004 on trust in the digital economy, the users of the site www.radoux.fr are informed of the identity of the various persons responsible for its creation and follow up : Owner : Tonnellerie Radoux \u2013 10, avenue Faidherbe \u2013 17503 Jonzac \u2013 [&hellip;]","og_url":"https:\/\/www.radoux.fr\/cn\/legals\/","og_site_name":"Tonnelerie Radoux (Chinese version)","article_modified_time":"2024-02-14T12:11:02+00:00","twitter_misc":{"Est. reading time":"3 minutes"},"schema":{"@context":"https:\/\/schema.org","@graph":[{"@type":"WebSite","@id":"https:\/\/www.radoux.fr\/cn\/#website","url":"https:\/\/www.radoux.fr\/cn\/","name":"Tonnelerie Radoux (Chinese version)","description":"","potentialAction":[{"@type":"SearchAction","target":{"@type":"EntryPoint","urlTemplate":"https:\/\/www.radoux.fr\/cn\/?s={search_term_string}"},"query-input":"required name=search_term_string"}],"inLanguage":"zh-CN"},{"@type":"WebPage","@id":"https:\/\/www.radoux.fr\/cn\/legals\/","url":"https:\/\/www.radoux.fr\/cn\/legals\/","name":"Legals - Tonnelerie Radoux (Chinese version)","isPartOf":{"@id":"https:\/\/www.radoux.fr\/cn\/#website"},"datePublished":"2014-04-30T14:54:22+00:00","dateModified":"2024-02-14T12:11:02+00:00","breadcrumb":{"@id":"https:\/\/www.radoux.fr\/cn\/legals\/#breadcrumb"},"inLanguage":"zh-CN","potentialAction":[{"@type":"ReadAction","target":["https:\/\/www.radoux.fr\/cn\/legals\/"]}]},{"@type":"BreadcrumbList","@id":"https:\/\/www.radoux.fr\/cn\/legals\/#breadcrumb","itemListElement":[{"@type":"ListItem","position":1,"name":"Accueil","item":"https:\/\/www.radoux.fr\/cn\/"},{"@type":"ListItem","position":2,"name":"Legals"}]}]}},"_links":{"self":[{"href":"https:\/\/www.radoux.fr\/cn\/wp-json\/wp\/v2\/pages\/72"}],"collection":[{"href":"https:\/\/www.radoux.fr\/cn\/wp-json\/wp\/v2\/pages"}],"about":[{"href":"https:\/\/www.radoux.fr\/cn\/wp-json\/wp\/v2\/types\/page"}],"author":[{"embeddable":true,"href":"https:\/\/www.radoux.fr\/cn\/wp-json\/wp\/v2\/users\/1"}],"replies":[{"embeddable":true,"href":"https:\/\/www.radoux.fr\/cn\/wp-json\/wp\/v2\/comments?post=72"}],"version-history":[{"count":1,"href":"https:\/\/www.radoux.fr\/cn\/wp-json\/wp\/v2\/pages\/72\/revisions"}],"predecessor-version":[{"id":1539,"href":"https:\/\/www.radoux.fr\/cn\/wp-json\/wp\/v2\/pages\/72\/revisions\/1539"}],"wp:attachment":[{"href":"https:\/\/www.radoux.fr\/cn\/wp-json\/wp\/v2\/media?parent=72"}],"curies":[{"name":"wp","href":"https:\/\/api.w.org\/{rel}","templated":true}]}}